{"id":5252,"date":"2019-09-10T17:49:35","date_gmt":"2019-09-10T17:49:35","guid":{"rendered":"https:\/\/convergent-it.com\/servizi-simulazione\/"},"modified":"2022-11-18T14:38:46","modified_gmt":"2022-11-18T14:38:46","slug":"servizi-simulazione","status":"publish","type":"page","link":"https:\/\/convergent-it.com\/it\/servizi-simulazione\/","title":{"rendered":"Servizi \/ Simulazione"},"content":{"rendered":"<div id=\"pl-5252\"  class=\"panel-layout\" ><div id=\"pg-5252-0\"  class=\"panel-grid panel-has-style\" ><div class=\"siteorigin-panels-stretch panel-row-style panel-row-style-for-5252-0\" style=\"padding: 0px 0; \" data-stretch-type=\"full\" data-overlay=\"true\" data-overlay-color=\"#000000\" ><div id=\"pgc-5252-0-0\"  class=\"panel-grid-cell\" ><div id=\"panel-5252-0-0-0\" class=\"so-panel widget widget_sow-editor panel-first-child panel-last-child widgetopts-SO\" data-index=\"0\" ><div style=\"text-align: left;\" data-title-color=\"#443f3f\" data-headings-color=\"#443f3f\" class=\"panel-widget-style panel-widget-style-for-5252-0-0-0\" ><div\n\t\t\t\n\t\t\tclass=\"so-widget-sow-editor so-widget-sow-editor-base\"\n\t\t\t\n\t\t>\n<div class=\"siteorigin-widget-tinymce textwidget\">\n\t<h1 style=\"text-align: center;\"><span style=\"font-size: 16pt;\"><strong>Servizi \/ Simulazione<\/strong><\/span><\/h1>\n<\/div>\n<\/div><\/div><\/div><\/div><\/div><\/div><div id=\"pg-5252-1\"  class=\"panel-grid panel-has-style\" ><div class=\"siteorigin-panels-stretch panel-row-style panel-row-style-for-5252-1\" style=\"padding: 0px 0; \" data-stretch-type=\"full\" data-overlay=\"true\" data-overlay-color=\"#000000\" ><div id=\"pgc-5252-1-0\"  class=\"panel-grid-cell\" ><div id=\"panel-5252-1-0-0\" class=\"so-panel widget widget_sow-editor panel-first-child panel-last-child widgetopts-SO\" data-index=\"1\" ><div style=\"text-align: left;\" data-title-color=\"#443f3f\" data-headings-color=\"#443f3f\" class=\"panel-widget-style panel-widget-style-for-5252-1-0-0\" ><div\n\t\t\t\n\t\t\tclass=\"so-widget-sow-editor so-widget-sow-editor-base\"\n\t\t\t\n\t\t>\n<div class=\"siteorigin-widget-tinymce textwidget\">\n\t<p>A volte non si dispone di abbastanza tempo o personale o strumenti disponibili per fare il lavoro di automazione previsto senza ulteriore aiuto. Per mitigare i rischi e velocizzare i progetti, noi e i nostri partner ti offriamo il nostro supporto. Durante tutte le fasi, dagli studi di fattibilit\u00e0 alla programmazione robot offline, alla simulazione dei robot, all'ottimizzazione e alla formazione. Grazie alla nostra lunga esperienza nei sistemi robotizzati per applicazioni selezionate con l'uso di AUTOMAPPPS, noi e le nostre aziende partner possono aiutarti se ti mancano risorse o strumenti, o se un processo ti \u00e8 nuovo.<\/p>\n<\/div>\n<\/div><\/div><\/div><\/div><\/div><\/div><div id=\"pg-5252-2\"  class=\"panel-grid panel-has-style\" ><div class=\"siteorigin-panels-stretch panel-row-style panel-row-style-for-5252-2\" style=\"padding: 0px 0; \" data-stretch-type=\"full\" data-overlay=\"true\" data-overlay-color=\"#000000\" ><div id=\"pgc-5252-2-0\"  class=\"panel-grid-cell\" ><div id=\"panel-5252-2-0-0\" class=\"so-panel widget widget_sow-editor panel-first-child panel-last-child widgetopts-SO\" data-index=\"2\" ><div style=\"text-align: left;\" data-title-color=\"#443f3f\" data-headings-color=\"#443f3f\" class=\"panel-widget-style panel-widget-style-for-5252-2-0-0\" ><div\n\t\t\t\n\t\t\tclass=\"so-widget-sow-editor so-widget-sow-editor-base\"\n\t\t\t\n\t\t>\n<div class=\"siteorigin-widget-tinymce textwidget\">\n\t<p><span style=\"font-size: 14px;\"><img loading=\"lazy\" decoding=\"async\" src=\"https:\/\/convergent-it.com\/wp-content\/uploads\/2017\/07\/Painting-Robot-OLP.jpg\" alt=\"Pittura Robot OLP\" width=\"250\" height=\"200\" \/>Programmazione offline di robot di verniciatura con tracciamento della linea.<br \/>\n<\/span><\/p>\n<\/div>\n<\/div><\/div><\/div><\/div><div id=\"pgc-5252-2-1\"  class=\"panel-grid-cell\" ><div id=\"panel-5252-2-1-0\" class=\"so-panel widget widget_sow-editor panel-first-child panel-last-child widgetopts-SO\" data-index=\"3\" ><div style=\"text-align: left;\" data-title-color=\"#443f3f\" data-headings-color=\"#443f3f\" class=\"panel-widget-style panel-widget-style-for-5252-2-1-0\" ><div\n\t\t\t\n\t\t\tclass=\"so-widget-sow-editor so-widget-sow-editor-base\"\n\t\t\t\n\t\t>\n<div class=\"siteorigin-widget-tinymce textwidget\">\n\t<p><img loading=\"lazy\" decoding=\"async\" class=\"alignleft size-full wp-image-2550\" src=\"https:\/\/convergent-it.com\/wp-content\/uploads\/2017\/06\/OLP_grinding_robot.png\" alt=\"multi-robot in celle molto strette. ottimizzazione del layout delle celle robot e robot programmato simulato e programmato dal software di programmazione robot offline AUTOMAPPPS\" width=\"250\" height=\"200\" \/><span style=\"font-size: 14px;\">Fattibilit\u00e0, ottimizzazione del layout e convalida, simulazione di levigatura multi-robot.<\/span><\/p>\n<\/div>\n<\/div><\/div><\/div><\/div><div id=\"pgc-5252-2-2\"  class=\"panel-grid-cell\" ><div id=\"panel-5252-2-2-0\" class=\"so-panel widget widget_sow-editor panel-first-child panel-last-child widgetopts-SO\" data-index=\"4\" ><div style=\"text-align: left;\" data-title-color=\"#443f3f\" data-headings-color=\"#443f3f\" class=\"panel-widget-style panel-widget-style-for-5252-2-2-0\" ><div\n\t\t\t\n\t\t\tclass=\"so-widget-sow-editor so-widget-sow-editor-base\"\n\t\t\t\n\t\t>\n<div class=\"siteorigin-widget-tinymce textwidget\">\n\t<p><img loading=\"lazy\" decoding=\"async\" class=\"alignleft wp-image-3464 size-full\" src=\"https:\/\/convergent-it.com\/wp-content\/uploads\/2017\/07\/Painting-Robots-OLP.png\" alt=\"robot in polvere tra le catene. robot programmati con il software di simulazione robot AUTOMAPPPS con modulo di tracciamento e verniciatura\" width=\"250\" height=\"200\" \/><span style=\"font-size: 14px;\">Programmazione robot offline e simulazione di applicazioni di verniciatura per alcuni pezzi.<\/span><\/p>\n<\/div>\n<\/div><\/div><\/div><\/div><div id=\"pgc-5252-2-3\"  class=\"panel-grid-cell\" ><div id=\"panel-5252-2-3-0\" class=\"so-panel widget widget_sow-editor panel-first-child panel-last-child widgetopts-SO\" data-index=\"5\" ><div style=\"text-align: left;\" data-title-color=\"#443f3f\" data-headings-color=\"#443f3f\" class=\"panel-widget-style panel-widget-style-for-5252-2-3-0\" ><div\n\t\t\t\n\t\t\tclass=\"so-widget-sow-editor so-widget-sow-editor-base\"\n\t\t\t\n\t\t>\n<div class=\"siteorigin-widget-tinymce textwidget\">\n\t<p><img loading=\"lazy\" decoding=\"async\" class=\"alignleft wp-image-3470 size-full\" src=\"https:\/\/convergent-it.com\/wp-content\/uploads\/2017\/07\/Robot-Sanding-1.png\" alt=\"robot che eseguono la levitura delle auto. Robot e processo di macinazione simulato e programmato da robot software di programmazione offline AUTOMAPPPS\" width=\"250\" height=\"200\" \/><span style=\"font-size: 14px;\">Fattibilit\u00e0, ottimizzazione del layout e convalida, simulazione di un processo di molatura \/ sabbiatura.<\/span><\/p>\n<\/div>\n<\/div><\/div><\/div><\/div><\/div><\/div><div id=\"pg-5252-3\"  class=\"panel-grid panel-has-style\" ><div class=\"siteorigin-panels-stretch panel-row-style panel-row-style-for-5252-3\" style=\"padding: 0px 0; \" data-stretch-type=\"full\" data-overlay=\"true\" data-overlay-color=\"#000000\" ><div id=\"pgc-5252-3-0\"  class=\"panel-grid-cell\" ><div id=\"panel-5252-3-0-0\" class=\"so-panel widget widget_sow-editor panel-first-child panel-last-child widgetopts-SO\" data-index=\"6\" ><div style=\"text-align: left;\" data-title-color=\"#443f3f\" data-headings-color=\"#443f3f\" class=\"panel-widget-style panel-widget-style-for-5252-3-0-0\" ><div\n\t\t\t\n\t\t\tclass=\"so-widget-sow-editor so-widget-sow-editor-base\"\n\t\t\t\n\t\t>\n<div class=\"siteorigin-widget-tinymce textwidget\">\n\t<p><strong>OFFERTA<\/strong><\/p>\n<ul>\n<li>Studi di fattibilit\u00e0<\/li>\n<li>Convalida della qualit\u00e0 del processo, della durata del ciclo, del numero di robot e delle dimensioni delle celle<\/li>\n<li>Selezione di strumenti, attrezzature, robot<\/li>\n<li>Ottimizzazione del layout delle celle robot<\/li>\n<li>Programmazione offline dei robot e ottimizzazione del programma<\/li>\n<li>Formazione sul posto di lavoro<\/li>\n<li>Simulazione robot<\/li>\n<\/ul>\n<\/div>\n<\/div><\/div><\/div><\/div><div id=\"pgc-5252-3-1\"  class=\"panel-grid-cell\" ><div id=\"panel-5252-3-1-0\" class=\"so-panel widget widget_sow-editor panel-first-child panel-last-child widgetopts-SO\" data-index=\"7\" ><div style=\"text-align: left;\" data-title-color=\"#443f3f\" data-headings-color=\"#443f3f\" class=\"panel-widget-style panel-widget-style-for-5252-3-1-0\" ><div\n\t\t\t\n\t\t\tclass=\"so-widget-sow-editor so-widget-sow-editor-base\"\n\t\t\t\n\t\t>\n<div class=\"siteorigin-widget-tinymce textwidget\">\n\t<p><strong>PROCESSI SUPPORTATI<\/strong><\/p>\n<p>Nessuno \u00e8 un esperto in ogni processo. Noi o i nostri partner possiamo fornirti il supporto necessario per i seguenti processi robotici:<\/p>\n<ul>\n<li>smerigliatura, levigatura, lucidatura<\/li>\n<li>verniciatura, rivestimento a polveri<\/li>\n<li>pulizia<\/li>\n<li>sbavatura<\/li>\n<li>controllo qualit\u00e0<\/li>\n<li>bin-picking<\/li>\n<li>o se le cellule robot sono molto strette.<\/li>\n<\/ul>\n<p>Se hai bisogno di supporto per altri processi, i nostri partner possono aiutarti.<\/p>\n<\/div>\n<\/div><\/div><\/div><\/div><\/div><\/div><div id=\"pg-5252-4\"  class=\"panel-grid panel-has-style\" ><div style=\"padding: 100px 0; \" data-overlay=\"true\" data-overlay-color=\"#000000\" class=\"panel-row-style panel-row-style-for-5252-4\" ><div id=\"pgc-5252-4-0\"  class=\"panel-grid-cell\" ><div id=\"panel-5252-4-0-0\" class=\"so-panel widget widget_sow-editor panel-first-child panel-last-child widgetopts-SO\" data-index=\"8\" ><div style=\"text-align: left;\" data-title-color=\"#443f3f\" data-headings-color=\"#443f3f\" class=\"panel-widget-style panel-widget-style-for-5252-4-0-0\" ><div\n\t\t\t\n\t\t\tclass=\"so-widget-sow-editor so-widget-sow-editor-base\"\n\t\t\t\n\t\t>\n<div class=\"siteorigin-widget-tinymce textwidget\">\n\t<p>Offriamo servizi indipendenti dalla simulazione e studi di fattibilit\u00e0 indipendenti dal produttore del robot. Valutiamo la qualit\u00e0 del processo che pu\u00f2 essere raggiunta utilizzando i dati e le specifiche CAD originali. Ottimizziamo le celle e le selezioni (strumenti, robot, ecc...). Se i casi non sono banali, un servizio di simulazione WYSIWYG pu\u00f2 farti facilmente risparmiare molti pi\u00f9 soldi di quanto costi. Soprattutto perch\u00e9 noi o i nostri partner usiamo il software AUTOMAPPPS di programmazione offline robot che automatizza diverse parti del compito. In caso di processi reattivi usiamo il software autoMAPPPS di programmazione robot reattivo per eseguire lo studio. Sotto molti aspetti, si tratta di pi\u00f9 di una simulazione, \u00e8 un test-esecuzione precedente alla costruzione delle celle.<\/p>\n<\/div>\n<\/div><\/div><\/div><\/div><\/div><\/div><\/div>","protected":false},"excerpt":{"rendered":"<p>Servizi \/ Simulazione A volte non si dispone di abbastanza tempo o personale o strumenti disponibili per fare il lavoro di automazione [&hellip;]<\/p>\n","protected":false},"author":2,"featured_media":0,"parent":0,"menu_order":0,"comment_status":"closed","ping_status":"closed","template":"page-templates\/page_front-page.php","meta":{"footnotes":""},"class_list":["post-5252","page","type-page","status-publish","hentry"],"yoast_head":"<!-- This site is optimized with the Yoast SEO plugin v26.6 - https:\/\/yoast.com\/wordpress\/plugins\/seo\/ -->\n<title>Servizi basati sulla simulazione robot - analisi, ottimizzazione, studio di fattibilit\u00e0.<\/title>\n<meta name=\"description\" content=\"Simulazione robot, studi di fattibilit\u00e0, ottimizzazione del layout, programmazione offline del robot,... se non c&#039;\u00e8 abbastanza tempo o strumenti disponibili, possiamo aiutare.\" \/>\n<meta name=\"robots\" content=\"index, follow, max-snippet:-1, max-image-preview:large, max-video-preview:-1\" \/>\n<link rel=\"canonical\" href=\"https:\/\/convergent-it.com\/it\/servizi-simulazione\/\" \/>\n<meta property=\"og:locale\" content=\"it_IT\" \/>\n<meta property=\"og:type\" content=\"article\" \/>\n<meta property=\"og:title\" content=\"Servizi basati sulla simulazione robot - analisi, ottimizzazione, studio di fattibilit\u00e0.\" \/>\n<meta property=\"og:description\" content=\"Simulazione robot, studi di fattibilit\u00e0, ottimizzazione del layout, programmazione offline del robot,... se non c&#039;\u00e8 abbastanza tempo o strumenti disponibili, possiamo aiutare.\" \/>\n<meta property=\"og:url\" content=\"https:\/\/convergent-it.com\/it\/servizi-simulazione\/\" \/>\n<meta property=\"og:site_name\" content=\"Convergent Information Technologies\" \/>\n<meta property=\"article:publisher\" content=\"https:\/\/www.facebook.com\/Convergent-Information-Technologies-GmbH-313223429088033\/\" \/>\n<meta property=\"article:modified_time\" content=\"2022-11-18T14:38:46+00:00\" \/>\n<meta property=\"og:image\" content=\"https:\/\/convergent-it.com\/wp-content\/uploads\/2017\/07\/Painting-Robot-OLP.jpg\" \/>\n<meta name=\"twitter:card\" content=\"summary_large_image\" \/>\n<meta name=\"twitter:label1\" content=\"Tempo di lettura stimato\" \/>\n\t<meta name=\"twitter:data1\" content=\"2 minuti\" \/>\n<script type=\"application\/ld+json\" class=\"yoast-schema-graph\">{\"@context\":\"https:\/\/schema.org\",\"@graph\":[{\"@type\":\"WebPage\",\"@id\":\"https:\/\/convergent-it.com\/it\/servizi-simulazione\/\",\"url\":\"https:\/\/convergent-it.com\/it\/servizi-simulazione\/\",\"name\":\"Servizi basati sulla simulazione robot - analisi, ottimizzazione, studio di fattibilit\u00e0.\",\"isPartOf\":{\"@id\":\"https:\/\/convergent-it.com\/it\/#website\"},\"primaryImageOfPage\":{\"@id\":\"https:\/\/convergent-it.com\/it\/servizi-simulazione\/#primaryimage\"},\"image\":{\"@id\":\"https:\/\/convergent-it.com\/it\/servizi-simulazione\/#primaryimage\"},\"thumbnailUrl\":\"https:\/\/convergent-it.com\/wp-content\/uploads\/2017\/07\/Painting-Robot-OLP.jpg\",\"datePublished\":\"2019-09-10T17:49:35+00:00\",\"dateModified\":\"2022-11-18T14:38:46+00:00\",\"description\":\"Simulazione robot, studi di fattibilit\u00e0, ottimizzazione del layout, programmazione offline del robot,... se non c'\u00e8 abbastanza tempo o strumenti disponibili, possiamo aiutare.\",\"breadcrumb\":{\"@id\":\"https:\/\/convergent-it.com\/it\/servizi-simulazione\/#breadcrumb\"},\"inLanguage\":\"it-IT\",\"potentialAction\":[{\"@type\":\"ReadAction\",\"target\":[\"https:\/\/convergent-it.com\/it\/servizi-simulazione\/\"]}]},{\"@type\":\"ImageObject\",\"inLanguage\":\"it-IT\",\"@id\":\"https:\/\/convergent-it.com\/it\/servizi-simulazione\/#primaryimage\",\"url\":\"https:\/\/convergent-it.com\/wp-content\/uploads\/2017\/07\/Painting-Robot-OLP.jpg\",\"contentUrl\":\"https:\/\/convergent-it.com\/wp-content\/uploads\/2017\/07\/Painting-Robot-OLP.jpg\"},{\"@type\":\"BreadcrumbList\",\"@id\":\"https:\/\/convergent-it.com\/it\/servizi-simulazione\/#breadcrumb\",\"itemListElement\":[{\"@type\":\"ListItem\",\"position\":1,\"name\":\"Home\",\"item\":\"https:\/\/convergent-it.com\/it\/\"},{\"@type\":\"ListItem\",\"position\":2,\"name\":\"Servizi \/ Simulazione\"}]},{\"@type\":\"WebSite\",\"@id\":\"https:\/\/convergent-it.com\/it\/#website\",\"url\":\"https:\/\/convergent-it.com\/it\/\",\"name\":\"Convergent Information Technologies\",\"description\":\"\",\"publisher\":{\"@id\":\"https:\/\/convergent-it.com\/it\/#organization\"},\"potentialAction\":[{\"@type\":\"SearchAction\",\"target\":{\"@type\":\"EntryPoint\",\"urlTemplate\":\"https:\/\/convergent-it.com\/it\/?s={search_term_string}\"},\"query-input\":{\"@type\":\"PropertyValueSpecification\",\"valueRequired\":true,\"valueName\":\"search_term_string\"}}],\"inLanguage\":\"it-IT\"},{\"@type\":\"Organization\",\"@id\":\"https:\/\/convergent-it.com\/it\/#organization\",\"name\":\"Convergent Information Technologies GmbH\",\"url\":\"https:\/\/convergent-it.com\/it\/\",\"logo\":{\"@type\":\"ImageObject\",\"inLanguage\":\"it-IT\",\"@id\":\"https:\/\/convergent-it.com\/it\/#\/schema\/logo\/image\/\",\"url\":\"https:\/\/convergent-it.com\/wp-content\/uploads\/2017\/05\/CIT-logo-small.jpg\",\"contentUrl\":\"https:\/\/convergent-it.com\/wp-content\/uploads\/2017\/05\/CIT-logo-small.jpg\",\"width\":158,\"height\":70,\"caption\":\"Convergent Information Technologies GmbH\"},\"image\":{\"@id\":\"https:\/\/convergent-it.com\/it\/#\/schema\/logo\/image\/\"},\"sameAs\":[\"https:\/\/www.facebook.com\/Convergent-Information-Technologies-GmbH-313223429088033\/\",\"https:\/\/www.linkedin.com\/company\/convergent-information-technologies-gmbh\",\"https:\/\/www.youtube.com\/channel\/UCTUjIWi0G5KnOLnZRC_cmVA\"]}]}<\/script>\n<!-- \/ Yoast SEO plugin. -->","yoast_head_json":{"title":"Servizi basati sulla simulazione robot - analisi, ottimizzazione, studio di fattibilit\u00e0.","description":"Simulazione robot, studi di fattibilit\u00e0, ottimizzazione del layout, programmazione offline del robot,... se non c'\u00e8 abbastanza tempo o strumenti disponibili, possiamo aiutare.","robots":{"index":"index","follow":"follow","max-snippet":"max-snippet:-1","max-image-preview":"max-image-preview:large","max-video-preview":"max-video-preview:-1"},"canonical":"https:\/\/convergent-it.com\/it\/servizi-simulazione\/","og_locale":"it_IT","og_type":"article","og_title":"Servizi basati sulla simulazione robot - analisi, ottimizzazione, studio di fattibilit\u00e0.","og_description":"Simulazione robot, studi di fattibilit\u00e0, ottimizzazione del layout, programmazione offline del robot,... se non c'\u00e8 abbastanza tempo o strumenti disponibili, possiamo aiutare.","og_url":"https:\/\/convergent-it.com\/it\/servizi-simulazione\/","og_site_name":"Convergent Information Technologies","article_publisher":"https:\/\/www.facebook.com\/Convergent-Information-Technologies-GmbH-313223429088033\/","article_modified_time":"2022-11-18T14:38:46+00:00","og_image":[{"url":"https:\/\/convergent-it.com\/wp-content\/uploads\/2017\/07\/Painting-Robot-OLP.jpg","type":"","width":"","height":""}],"twitter_card":"summary_large_image","twitter_misc":{"Tempo di lettura stimato":"2 minuti"},"schema":{"@context":"https:\/\/schema.org","@graph":[{"@type":"WebPage","@id":"https:\/\/convergent-it.com\/it\/servizi-simulazione\/","url":"https:\/\/convergent-it.com\/it\/servizi-simulazione\/","name":"Servizi basati sulla simulazione robot - analisi, ottimizzazione, studio di fattibilit\u00e0.","isPartOf":{"@id":"https:\/\/convergent-it.com\/it\/#website"},"primaryImageOfPage":{"@id":"https:\/\/convergent-it.com\/it\/servizi-simulazione\/#primaryimage"},"image":{"@id":"https:\/\/convergent-it.com\/it\/servizi-simulazione\/#primaryimage"},"thumbnailUrl":"https:\/\/convergent-it.com\/wp-content\/uploads\/2017\/07\/Painting-Robot-OLP.jpg","datePublished":"2019-09-10T17:49:35+00:00","dateModified":"2022-11-18T14:38:46+00:00","description":"Simulazione robot, studi di fattibilit\u00e0, ottimizzazione del layout, programmazione offline del robot,... se non c'\u00e8 abbastanza tempo o strumenti disponibili, possiamo aiutare.","breadcrumb":{"@id":"https:\/\/convergent-it.com\/it\/servizi-simulazione\/#breadcrumb"},"inLanguage":"it-IT","potentialAction":[{"@type":"ReadAction","target":["https:\/\/convergent-it.com\/it\/servizi-simulazione\/"]}]},{"@type":"ImageObject","inLanguage":"it-IT","@id":"https:\/\/convergent-it.com\/it\/servizi-simulazione\/#primaryimage","url":"https:\/\/convergent-it.com\/wp-content\/uploads\/2017\/07\/Painting-Robot-OLP.jpg","contentUrl":"https:\/\/convergent-it.com\/wp-content\/uploads\/2017\/07\/Painting-Robot-OLP.jpg"},{"@type":"BreadcrumbList","@id":"https:\/\/convergent-it.com\/it\/servizi-simulazione\/#breadcrumb","itemListElement":[{"@type":"ListItem","position":1,"name":"Home","item":"https:\/\/convergent-it.com\/it\/"},{"@type":"ListItem","position":2,"name":"Servizi \/ Simulazione"}]},{"@type":"WebSite","@id":"https:\/\/convergent-it.com\/it\/#website","url":"https:\/\/convergent-it.com\/it\/","name":"Convergent Information Technologies","description":"","publisher":{"@id":"https:\/\/convergent-it.com\/it\/#organization"},"potentialAction":[{"@type":"SearchAction","target":{"@type":"EntryPoint","urlTemplate":"https:\/\/convergent-it.com\/it\/?s={search_term_string}"},"query-input":{"@type":"PropertyValueSpecification","valueRequired":true,"valueName":"search_term_string"}}],"inLanguage":"it-IT"},{"@type":"Organization","@id":"https:\/\/convergent-it.com\/it\/#organization","name":"Convergent Information Technologies GmbH","url":"https:\/\/convergent-it.com\/it\/","logo":{"@type":"ImageObject","inLanguage":"it-IT","@id":"https:\/\/convergent-it.com\/it\/#\/schema\/logo\/image\/","url":"https:\/\/convergent-it.com\/wp-content\/uploads\/2017\/05\/CIT-logo-small.jpg","contentUrl":"https:\/\/convergent-it.com\/wp-content\/uploads\/2017\/05\/CIT-logo-small.jpg","width":158,"height":70,"caption":"Convergent Information Technologies GmbH"},"image":{"@id":"https:\/\/convergent-it.com\/it\/#\/schema\/logo\/image\/"},"sameAs":["https:\/\/www.facebook.com\/Convergent-Information-Technologies-GmbH-313223429088033\/","https:\/\/www.linkedin.com\/company\/convergent-information-technologies-gmbh","https:\/\/www.youtube.com\/channel\/UCTUjIWi0G5KnOLnZRC_cmVA"]}]}},"_links":{"self":[{"href":"https:\/\/convergent-it.com\/it\/wp-json\/wp\/v2\/pages\/5252","targetHints":{"allow":["GET"]}}],"collection":[{"href":"https:\/\/convergent-it.com\/it\/wp-json\/wp\/v2\/pages"}],"about":[{"href":"https:\/\/convergent-it.com\/it\/wp-json\/wp\/v2\/types\/page"}],"author":[{"embeddable":true,"href":"https:\/\/convergent-it.com\/it\/wp-json\/wp\/v2\/users\/2"}],"replies":[{"embeddable":true,"href":"https:\/\/convergent-it.com\/it\/wp-json\/wp\/v2\/comments?post=5252"}],"version-history":[{"count":3,"href":"https:\/\/convergent-it.com\/it\/wp-json\/wp\/v2\/pages\/5252\/revisions"}],"predecessor-version":[{"id":6636,"href":"https:\/\/convergent-it.com\/it\/wp-json\/wp\/v2\/pages\/5252\/revisions\/6636"}],"wp:attachment":[{"href":"https:\/\/convergent-it.com\/it\/wp-json\/wp\/v2\/media?parent=5252"}],"curies":[{"name":"wp","href":"https:\/\/api.w.org\/{rel}","templated":true}]}}