{"id":5239,"date":"2019-09-10T17:38:12","date_gmt":"2019-09-10T17:38:12","guid":{"rendered":"https:\/\/convergent-it.com\/raccolta-collocazione-robot\/"},"modified":"2022-11-18T14:02:18","modified_gmt":"2022-11-18T14:02:18","slug":"raccolta-collocazione-robot","status":"publish","type":"page","link":"https:\/\/convergent-it.com\/it\/raccolta-collocazione-robot\/","title":{"rendered":"Raccolta collocazione robot"},"content":{"rendered":"<div id=\"pl-5239\"  class=\"panel-layout\" ><div id=\"pg-5239-0\"  class=\"panel-grid panel-has-style\" ><div class=\"siteorigin-panels-stretch panel-row-style panel-row-style-for-5239-0\" style=\"padding: 0px 0; \" data-stretch-type=\"full\" data-overlay=\"true\" data-overlay-color=\"#000000\" ><div id=\"pgc-5239-0-0\"  class=\"panel-grid-cell\" ><div id=\"panel-5239-0-0-0\" class=\"so-panel widget widget_sow-editor panel-first-child panel-last-child widgetopts-SO\" data-index=\"0\" ><div style=\"text-align: left;\" data-title-color=\"#443f3f\" data-headings-color=\"#443f3f\" class=\"panel-widget-style panel-widget-style-for-5239-0-0-0\" ><div\n\t\t\t\n\t\t\tclass=\"so-widget-sow-editor so-widget-sow-editor-base\"\n\t\t\t\n\t\t>\n<div class=\"siteorigin-widget-tinymce textwidget\">\n\t<h1 style=\"text-align: center;\"><span style=\"font-size: 16pt;\"><strong>AUTOMAPPPS - Prelievo collocazione robot<\/strong><\/span><\/h1>\n<\/div>\n<\/div><\/div><\/div><\/div><\/div><\/div><div id=\"pg-5239-1\"  class=\"panel-grid panel-has-style\" ><div class=\"siteorigin-panels-stretch panel-row-style panel-row-style-for-5239-1\" style=\"padding: 0px 0; \" data-stretch-type=\"full\" data-overlay=\"true\" data-overlay-color=\"#000000\" ><div id=\"pgc-5239-1-0\"  class=\"panel-grid-cell\" ><div id=\"panel-5239-1-0-0\" class=\"so-panel widget widget_sow-editor panel-first-child panel-last-child widgetopts-SO\" data-index=\"1\" ><div style=\"text-align: left;\" data-title-color=\"#443f3f\" data-headings-color=\"#443f3f\" class=\"panel-widget-style panel-widget-style-for-5239-1-0-0\" ><div\n\t\t\t\n\t\t\tclass=\"so-widget-sow-editor so-widget-sow-editor-base\"\n\t\t\t\n\t\t>\n<div class=\"siteorigin-widget-tinymce textwidget\">\n\t<p>La soluzione di pianificazione del prelievo e movimentazione rapida e affidabile per il prelievo di pezzi da contenitori (bin picking) e prelievo visivo e collocazione. Pianifica il lavoro di prelievo da contenitori 3D per l'intero robot, non solo per le pinze o parti del robot. Il pianificatore pu\u00f2 essere configurato e adattato rapidamente ai prodotti, alle condizioni e al contesto delle attivit\u00e0. Per questo, viene fornito insieme a uno strumento per l'installazione, il layout e l'ottimizzazione remota.<\/p>\n<ul>\n<li>Presa salda, movimenti robot ottimizzati<\/li>\n<li>Prelievo da contenitori robot con tempi di ciclo pi\u00f9 rapidi<\/li>\n<li>Celle di prelievo da contenitori robot il pi\u00f9 piccolo possibile<\/li>\n<li>Per quasi tutti i produttori robot<\/li>\n<li>Consente di spostare lo stato attivo sulle applicazioni di creazione di valore<\/li>\n<li>Considera i limiti di velocit\u00e0 e accelerazione di robot e vincoli di cavi<\/li>\n<li>Ottimizza da remoto e durante la progettazione cellulare<\/li>\n<\/ul>\n<\/div>\n<\/div><\/div><\/div><\/div><\/div><\/div><div id=\"pg-5239-2\"  class=\"panel-grid panel-has-style\" ><div class=\"siteorigin-panels-stretch panel-row-style panel-row-style-for-5239-2\" style=\"padding: 0px 0; \" data-stretch-type=\"full\" data-overlay=\"true\" data-overlay-color=\"#000000\" ><div id=\"pgc-5239-2-0\"  class=\"panel-grid-cell\" ><div id=\"panel-5239-2-0-0\" class=\"so-panel widget widget_sow-editor panel-first-child panel-last-child widgetopts-SO\" data-index=\"2\" ><div style=\"text-align: left;\" data-title-color=\"#443f3f\" data-headings-color=\"#443f3f\" class=\"panel-widget-style panel-widget-style-for-5239-2-0-0\" ><div\n\t\t\t\n\t\t\tclass=\"so-widget-sow-editor so-widget-sow-editor-base\"\n\t\t\t\n\t\t>\n<div class=\"siteorigin-widget-tinymce textwidget\">\n\t<p><strong>VANTAGGI:<\/strong><\/p>\n<\/div>\n<\/div><\/div><\/div><\/div><\/div><\/div><div id=\"pg-5239-3\"  class=\"panel-grid panel-has-style\" ><div class=\"siteorigin-panels-stretch panel-row-style panel-row-style-for-5239-3\" style=\"padding: 0px 0; \" data-stretch-type=\"full\" data-overlay=\"true\" data-overlay-color=\"#000000\" ><div id=\"pgc-5239-3-0\"  class=\"panel-grid-cell\" ><div id=\"panel-5239-3-0-0\" class=\"so-panel widget widget_sow-editor panel-first-child panel-last-child widgetopts-SO\" data-index=\"3\" ><div style=\"text-align: left;\" data-title-color=\"#443f3f\" data-headings-color=\"#443f3f\" class=\"panel-widget-style panel-widget-style-for-5239-3-0-0\" ><div\n\t\t\t\n\t\t\tclass=\"so-widget-sow-editor so-widget-sow-editor-base\"\n\t\t\t\n\t\t>\n<div class=\"siteorigin-widget-tinymce textwidget\">\n\t<p><strong>Affidabilit\u00e0<\/strong><\/p>\n<ul>\n<li>Ennesimi tempi SW distribuiti e comprovati nell'ambiente di produzione<\/li>\n<li>Robusta pianificazione della presa e pianificazione del movimento senza collisioni per l'intero robot<\/li>\n<li>Gestisce i disturbi attraverso una rapida ripianificazione<\/li>\n<li>WYSIWYG: Pianifica, simula e testa prima che la cellula sia realizzata.<\/li>\n<\/ul>\n<p><strong>Flessibilit\u00e0<\/strong><\/p>\n<ul>\n<li>Praticamente per tutte le applicazioni e tutti i produttori di robot<\/li>\n<li>Supporta vari sensori per diverse applicazioni<\/li>\n<\/ul>\n<p><strong>Tempi di ciclo ottimizzati<\/strong><\/p>\n<ul>\n<li>Movimenti pianificati pi\u00f9 corti, ottimizzati e senza collisioni<\/li>\n<li>Considera i limiti di velocit\u00e0 e accelerazione e le restrizioni dei cavi<\/li>\n<li>Pianificazione molto veloce - alternative multiple contemporaneamente<\/li>\n<li>Sostiene cambiamenti ambientali dinamici nel tempo<\/li>\n<li style=\"list-style-type: none;\"><\/li>\n<\/ul>\n<\/div>\n<\/div><\/div><\/div><\/div><div id=\"pgc-5239-3-1\"  class=\"panel-grid-cell\" ><div id=\"panel-5239-3-1-0\" class=\"so-panel widget widget_sow-editor panel-first-child panel-last-child widgetopts-SO\" data-index=\"4\" ><div style=\"text-align: left;\" data-title-color=\"#443f3f\" data-headings-color=\"#443f3f\" class=\"panel-widget-style panel-widget-style-for-5239-3-1-0\" ><div\n\t\t\t\n\t\t\tclass=\"so-widget-sow-editor so-widget-sow-editor-base\"\n\t\t\t\n\t\t>\n<div class=\"siteorigin-widget-tinymce textwidget\">\n\t<p><strong>Tempi di commercializzazione pi\u00f9 brevi, ricavi pi\u00f9 rapidi<\/strong><\/p>\n<ul>\n<li>Sviluppo pi\u00f9 rapido di soluzioni e applicazioni robotiche<\/li>\n<li>Meno rischi e rilavorazioni con la comprovata tecnologia di prelievo da contenitori dei robot<\/li>\n<li>Copre tutte le fasi di pianificazione, consente di concentrarsi sulla creazione di valore<\/li>\n<li>SoP (inizio della produzione) anticipata<\/li>\n<\/ul>\n<p><strong>Risparmio sui costi<\/strong><\/p>\n<ul>\n<li>Riduzione degli sforzi di sviluppo e ingegneria<\/li>\n<li>Tempi ridotti al minimo per l'impostazione e lancio<\/li>\n<li>Riduzione del \"costo di propriet\u00e0\", per la manutenzione e l'introduzione di nuove parti<\/li>\n<li>Layout ottimali delle celle: celle prelievo da contenitori robot pi\u00f9 piccole possibili<\/li>\n<li>Ottimizza da remoto e durante la progettazione della cella<\/li>\n<\/ul>\n<\/div>\n<\/div><\/div><\/div><\/div><\/div><\/div><div id=\"pg-5239-4\"  class=\"panel-grid panel-has-style\" ><div class=\"siteorigin-panels-stretch panel-row-style panel-row-style-for-5239-4\" style=\"padding: 0px 0; \" data-stretch-type=\"full\" data-overlay=\"true\" data-overlay-color=\"#000000\" ><div id=\"pgc-5239-4-0\"  class=\"panel-grid-cell\" ><div id=\"panel-5239-4-0-0\" class=\"so-panel widget widget_sow-editor panel-first-child panel-last-child widgetopts-SO\" data-index=\"5\" ><div style=\"text-align: center;\" data-title-color=\"#443f3f\" data-headings-color=\"#443f3f\" class=\"panel-widget-style panel-widget-style-for-5239-4-0-0\" ><div\n\t\t\t\n\t\t\tclass=\"so-widget-sow-editor so-widget-sow-editor-base\"\n\t\t\t\n\t\t>\n<div class=\"siteorigin-widget-tinymce textwidget\">\n\t<p><img loading=\"lazy\" decoding=\"async\" class=\"size-full wp-image-3300 aligncenter\" src=\"https:\/\/convergent-it.com\/wp-content\/uploads\/2017\/06\/BinPicking_fanuc.jpg\" alt=\"cella di raccolta dei bidoni con robot FANUC\" width=\"250\" height=\"180\" \/><\/p>\n<\/div>\n<\/div><\/div><\/div><\/div><div id=\"pgc-5239-4-1\"  class=\"panel-grid-cell\" ><div id=\"panel-5239-4-1-0\" class=\"so-panel widget widget_sow-editor panel-first-child panel-last-child widgetopts-SO\" data-index=\"6\" ><div style=\"text-align: center;\" data-title-color=\"#443f3f\" data-headings-color=\"#443f3f\" class=\"panel-widget-style panel-widget-style-for-5239-4-1-0\" ><div\n\t\t\t\n\t\t\tclass=\"so-widget-sow-editor so-widget-sow-editor-base\"\n\t\t\t\n\t\t>\n<div class=\"siteorigin-widget-tinymce textwidget\">\n\t<p><img loading=\"lazy\" decoding=\"async\" class=\"size-full wp-image-3299 aligncenter\" src=\"https:\/\/convergent-it.com\/wp-content\/uploads\/2017\/06\/Bing-Picking-Hyundai.png\" alt=\"raccolta di contenitori robot con robot HYUNDAI\" width=\"250\" height=\"180\"\/><\/p>\n<\/div>\n<\/div><\/div><\/div><\/div><div id=\"pgc-5239-4-2\"  class=\"panel-grid-cell\" ><div id=\"panel-5239-4-2-0\" class=\"so-panel widget widget_sow-editor panel-first-child panel-last-child widgetopts-SO\" data-index=\"7\" ><div style=\"text-align: center;\" data-title-color=\"#443f3f\" data-headings-color=\"#443f3f\" class=\"panel-widget-style panel-widget-style-for-5239-4-2-0\" ><div\n\t\t\t\n\t\t\tclass=\"so-widget-sow-editor so-widget-sow-editor-base\"\n\t\t\t\n\t\t>\n<div class=\"siteorigin-widget-tinymce textwidget\">\n\t<p><img loading=\"lazy\" decoding=\"async\" class=\"wp-image-3298 size-full\" src=\"https:\/\/convergent-it.com\/wp-content\/uploads\/2017\/06\/bin-Picking-Simulation.png\" alt=\"Presa da cassone con 2 robot DENSO.\" width=\"250\" height=\"180\" \/><\/p>\n<\/div>\n<\/div><\/div><\/div><\/div><div id=\"pgc-5239-4-3\"  class=\"panel-grid-cell\" ><div id=\"panel-5239-4-3-0\" class=\"so-panel widget widget_sow-editor panel-first-child panel-last-child widgetopts-SO\" data-index=\"8\" ><div style=\"text-align: center;\" data-title-color=\"#443f3f\" data-headings-color=\"#443f3f\" class=\"panel-widget-style panel-widget-style-for-5239-4-3-0\" ><div\n\t\t\t\n\t\t\tclass=\"so-widget-sow-editor so-widget-sow-editor-base\"\n\t\t\t\n\t\t>\n<div class=\"siteorigin-widget-tinymce textwidget\">\n\t<p><img loading=\"lazy\" decoding=\"async\" class=\"size-full wp-image-3297 aligncenter\" src=\"https:\/\/convergent-it.com\/wp-content\/uploads\/2017\/06\/Bin-Picking-kuka.jpg\" alt=\"Raccolta di bidoni robot 3D con robot ABB e sensore SICK\" width=\"250\" height=\"180\"\/><\/p>\n<\/div>\n<\/div><\/div><\/div><\/div><\/div><\/div><div id=\"pg-5239-5\"  class=\"panel-grid panel-has-style\" ><div class=\"siteorigin-panels-stretch panel-row-style panel-row-style-for-5239-5\" style=\"padding: 0px 0; \" data-stretch-type=\"full\" data-overlay=\"true\" data-overlay-color=\"#000000\" ><div id=\"pgc-5239-5-0\"  class=\"panel-grid-cell\" ><div id=\"panel-5239-5-0-0\" class=\"so-panel widget widget_sow-editor panel-first-child panel-last-child widgetopts-SO\" data-index=\"9\" ><div style=\"text-align: center;\" data-title-color=\"#443f3f\" data-headings-color=\"#443f3f\" class=\"panel-widget-style panel-widget-style-for-5239-5-0-0\" ><div\n\t\t\t\n\t\t\tclass=\"so-widget-sow-editor so-widget-sow-editor-base\"\n\t\t\t\n\t\t>\n<div class=\"siteorigin-widget-tinymce textwidget\">\n\t<p style=\"text-align: center; font-size: 12px;\">Immagini di prelievo da contenitori robot \/ prelievo casuale. Esempi di robot per il prelievo da contenitori per gentile concessione di bsAutomatisierung GmbH, Germania e BOLL Automation GmbH Germania.<\/p>\n<\/div>\n<\/div><\/div><\/div><\/div><\/div><\/div><div id=\"pg-5239-6\"  class=\"panel-grid panel-has-style\" ><div class=\"siteorigin-panels-stretch panel-row-style panel-row-style-for-5239-6\" style=\"padding: 0px 0; \" data-stretch-type=\"full\" data-overlay=\"true\" data-overlay-color=\"#000000\" ><div id=\"pgc-5239-6-0\"  class=\"panel-grid-cell\" ><div id=\"panel-5239-6-0-0\" class=\"so-panel widget widget_sow-editor panel-first-child panel-last-child widgetopts-SO\" data-index=\"10\" ><div style=\"text-align: left;\" data-title-color=\"#443f3f\" data-headings-color=\"#443f3f\" class=\"panel-widget-style panel-widget-style-for-5239-6-0-0\" ><div\n\t\t\t\n\t\t\tclass=\"so-widget-sow-editor so-widget-sow-editor-base\"\n\t\t\t\n\t\t>\n<div class=\"siteorigin-widget-tinymce textwidget\">\n\t<p><strong>APPROCCIO:<\/strong><\/p>\n<ul>\n<li>Seleziona il sensore ottimale per la parte, in base alla movimentazione, alle superfici, alle condizioni e alla luce<\/li>\n<li>Disegna pinza per le parti. Convalida e ottimizza utilizzando AUTOMAPPPS<\/li>\n<li>Seleziona il robot pi\u00f9 adatto e ottimizza il layout delle celle utilizzando AUTOMAPPPS<\/li>\n<li>Specifica presa per ogni parte utilizzando AUTOMAPPPS<\/li>\n<li>Configura il controller e il sensore delle celle di lavoro<\/li>\n<li>Esecuzione, lancio<\/li>\n<li>Ottimizzazione (remota-) tramite AUTOMAPPPS<\/li>\n<\/ul>\n<\/div>\n<\/div><\/div><\/div><\/div><div id=\"pgc-5239-6-1\"  class=\"panel-grid-cell\" ><div id=\"panel-5239-6-1-0\" class=\"so-panel widget widget_sow-editor panel-first-child panel-last-child widgetopts-SO\" data-index=\"11\" ><div style=\"text-align: left;\" data-title-color=\"#443f3f\" data-headings-color=\"#443f3f\" class=\"panel-widget-style panel-widget-style-for-5239-6-1-0\" ><div\n\t\t\t\n\t\t\tclass=\"so-widget-sow-editor so-widget-sow-editor-base\"\n\t\t\t\n\t\t>\n<div class=\"siteorigin-widget-tinymce textwidget\">\n\t<p><img loading=\"lazy\" decoding=\"async\" class=\"alignleft size-full wp-image-3298\" src=\"https:\/\/convergent-it.com\/wp-content\/uploads\/2017\/06\/bin-Picking-Simulation.png\" alt=\"\" width=\"250\" height=\"180\" \/><\/p>\n<\/div>\n<\/div><\/div><\/div><\/div><\/div><\/div><div id=\"pg-5239-7\"  class=\"panel-grid panel-has-style\" ><div class=\"siteorigin-panels-stretch panel-row-style panel-row-style-for-5239-7\" style=\"padding: 0px 0; \" data-stretch-type=\"full\" data-overlay=\"true\" data-overlay-color=\"#000000\" ><div id=\"pgc-5239-7-0\"  class=\"panel-grid-cell\" ><div id=\"panel-5239-7-0-0\" class=\"so-panel widget widget_sow-editor panel-first-child panel-last-child widgetopts-SO\" data-index=\"12\" ><div style=\"text-align: left;\" data-title-color=\"#443f3f\" data-headings-color=\"#443f3f\" class=\"panel-widget-style panel-widget-style-for-5239-7-0-0\" ><div\n\t\t\t\n\t\t\tclass=\"so-widget-sow-editor so-widget-sow-editor-base\"\n\t\t\t\n\t\t>\n<div class=\"siteorigin-widget-tinymce textwidget\">\n\t<p><strong>IMPLEMENTAZIONE:<\/strong><\/p>\n<p>Condivisione delle attivit\u00e0 come chiave per ottenere massime prestazioni e adattabilit\u00e0:<\/p>\n<ul>\n<li>Il sensore di visione fornisce informazioni sulle parti riconosciute, parti non riconosciute e ostacoli, scatola di trasporto ecc.<\/li>\n<li>AUTOMAPPPS trova una presa sicura e ottimale, estrazione e collocazione-movimentazione e genera programmi robotottimizzati ed eseguibili<\/li>\n<li>Il robot esegue il programma, la separazione di parti viene convalidata<\/li>\n<li>Il controllore della cella coordina apparecchiature e software e realizza aspetti specifici per la sicurezza e l'applicazione<\/li>\n<\/ul>\n<p>Il risultato: bin picking robot. Pi\u00f9 veloce, pi\u00f9 robusto, pi\u00f9 completo.<\/p>\n<p><a href=\"https:\/\/convergent-it.com\/wp-content\/uploads\/2018\/04\/AutomAPPPS-2016-robot-bin-picking-en.zip\"><span style=\"text-decoration: underline;\"><strong>Scarica il volantino<\/strong><\/span><\/a> per il bin picking casuale \/ in picking di robot.<\/p>\n<\/div>\n<\/div><\/div><\/div><\/div><\/div><\/div><\/div>","protected":false},"excerpt":{"rendered":"<p>AUTOMAPPPS &#8211; Prelievo collocazione robot La soluzione di pianificazione del prelievo e movimentazione rapida e affidabile per il prelievo di pezzi da [&hellip;]<\/p>\n","protected":false},"author":2,"featured_media":0,"parent":0,"menu_order":0,"comment_status":"closed","ping_status":"closed","template":"page-templates\/page_front-page.php","meta":{"footnotes":""},"class_list":["post-5239","page","type-page","status-publish","hentry"],"yoast_head":"<!-- This site is optimized with the Yoast SEO plugin v26.6 - https:\/\/yoast.com\/wordpress\/plugins\/seo\/ -->\n<title>Prelievo collocazione robot w. AUTOMAPPPS: collaudato, veloce, robusto, risparmio economico.<\/title>\n<meta name=\"description\" content=\"AUTOMAPPPS - Bin Picking di robot La soluzione software per la raccolta rapida e affidabile dei bidoni robot - per praticamente tutti i robot e sensori.\" \/>\n<meta name=\"robots\" content=\"index, follow, max-snippet:-1, max-image-preview:large, max-video-preview:-1\" \/>\n<link rel=\"canonical\" href=\"https:\/\/convergent-it.com\/it\/raccolta-collocazione-robot\/\" \/>\n<meta property=\"og:locale\" content=\"it_IT\" \/>\n<meta property=\"og:type\" content=\"article\" \/>\n<meta property=\"og:title\" content=\"Prelievo collocazione robot w. AUTOMAPPPS: collaudato, veloce, robusto, risparmio economico.\" \/>\n<meta property=\"og:description\" content=\"AUTOMAPPPS - Bin Picking di robot La soluzione software per la raccolta rapida e affidabile dei bidoni robot - per praticamente tutti i robot e sensori.\" \/>\n<meta property=\"og:url\" content=\"https:\/\/convergent-it.com\/it\/raccolta-collocazione-robot\/\" \/>\n<meta property=\"og:site_name\" content=\"Convergent Information Technologies\" \/>\n<meta property=\"article:publisher\" content=\"https:\/\/www.facebook.com\/Convergent-Information-Technologies-GmbH-313223429088033\/\" \/>\n<meta property=\"article:modified_time\" content=\"2022-11-18T14:02:18+00:00\" \/>\n<meta property=\"og:image\" content=\"https:\/\/convergent-it.com\/wp-content\/uploads\/2017\/06\/BinPicking_fanuc.jpg\" \/>\n<meta name=\"twitter:card\" content=\"summary_large_image\" \/>\n<meta name=\"twitter:label1\" content=\"Tempo di lettura stimato\" \/>\n\t<meta name=\"twitter:data1\" content=\"3 minuti\" \/>\n<script type=\"application\/ld+json\" class=\"yoast-schema-graph\">{\"@context\":\"https:\/\/schema.org\",\"@graph\":[{\"@type\":\"WebPage\",\"@id\":\"https:\/\/convergent-it.com\/it\/raccolta-collocazione-robot\/\",\"url\":\"https:\/\/convergent-it.com\/it\/raccolta-collocazione-robot\/\",\"name\":\"Prelievo collocazione robot w. AUTOMAPPPS: collaudato, veloce, robusto, risparmio economico.\",\"isPartOf\":{\"@id\":\"https:\/\/convergent-it.com\/it\/#website\"},\"primaryImageOfPage\":{\"@id\":\"https:\/\/convergent-it.com\/it\/raccolta-collocazione-robot\/#primaryimage\"},\"image\":{\"@id\":\"https:\/\/convergent-it.com\/it\/raccolta-collocazione-robot\/#primaryimage\"},\"thumbnailUrl\":\"https:\/\/convergent-it.com\/wp-content\/uploads\/2017\/06\/BinPicking_fanuc.jpg\",\"datePublished\":\"2019-09-10T17:38:12+00:00\",\"dateModified\":\"2022-11-18T14:02:18+00:00\",\"description\":\"AUTOMAPPPS - Bin Picking di robot La soluzione software per la raccolta rapida e affidabile dei bidoni robot - per praticamente tutti i robot e sensori.\",\"breadcrumb\":{\"@id\":\"https:\/\/convergent-it.com\/it\/raccolta-collocazione-robot\/#breadcrumb\"},\"inLanguage\":\"it-IT\",\"potentialAction\":[{\"@type\":\"ReadAction\",\"target\":[\"https:\/\/convergent-it.com\/it\/raccolta-collocazione-robot\/\"]}]},{\"@type\":\"ImageObject\",\"inLanguage\":\"it-IT\",\"@id\":\"https:\/\/convergent-it.com\/it\/raccolta-collocazione-robot\/#primaryimage\",\"url\":\"https:\/\/convergent-it.com\/wp-content\/uploads\/2017\/06\/BinPicking_fanuc.jpg\",\"contentUrl\":\"https:\/\/convergent-it.com\/wp-content\/uploads\/2017\/06\/BinPicking_fanuc.jpg\"},{\"@type\":\"BreadcrumbList\",\"@id\":\"https:\/\/convergent-it.com\/it\/raccolta-collocazione-robot\/#breadcrumb\",\"itemListElement\":[{\"@type\":\"ListItem\",\"position\":1,\"name\":\"Home\",\"item\":\"https:\/\/convergent-it.com\/it\/\"},{\"@type\":\"ListItem\",\"position\":2,\"name\":\"Raccolta collocazione robot\"}]},{\"@type\":\"WebSite\",\"@id\":\"https:\/\/convergent-it.com\/it\/#website\",\"url\":\"https:\/\/convergent-it.com\/it\/\",\"name\":\"Convergent Information Technologies\",\"description\":\"\",\"publisher\":{\"@id\":\"https:\/\/convergent-it.com\/it\/#organization\"},\"potentialAction\":[{\"@type\":\"SearchAction\",\"target\":{\"@type\":\"EntryPoint\",\"urlTemplate\":\"https:\/\/convergent-it.com\/it\/?s={search_term_string}\"},\"query-input\":{\"@type\":\"PropertyValueSpecification\",\"valueRequired\":true,\"valueName\":\"search_term_string\"}}],\"inLanguage\":\"it-IT\"},{\"@type\":\"Organization\",\"@id\":\"https:\/\/convergent-it.com\/it\/#organization\",\"name\":\"Convergent Information Technologies GmbH\",\"url\":\"https:\/\/convergent-it.com\/it\/\",\"logo\":{\"@type\":\"ImageObject\",\"inLanguage\":\"it-IT\",\"@id\":\"https:\/\/convergent-it.com\/it\/#\/schema\/logo\/image\/\",\"url\":\"https:\/\/convergent-it.com\/wp-content\/uploads\/2017\/05\/CIT-logo-small.jpg\",\"contentUrl\":\"https:\/\/convergent-it.com\/wp-content\/uploads\/2017\/05\/CIT-logo-small.jpg\",\"width\":158,\"height\":70,\"caption\":\"Convergent Information Technologies GmbH\"},\"image\":{\"@id\":\"https:\/\/convergent-it.com\/it\/#\/schema\/logo\/image\/\"},\"sameAs\":[\"https:\/\/www.facebook.com\/Convergent-Information-Technologies-GmbH-313223429088033\/\",\"https:\/\/www.linkedin.com\/company\/convergent-information-technologies-gmbh\",\"https:\/\/www.youtube.com\/channel\/UCTUjIWi0G5KnOLnZRC_cmVA\"]}]}<\/script>\n<!-- \/ Yoast SEO plugin. -->","yoast_head_json":{"title":"Prelievo collocazione robot w. AUTOMAPPPS: collaudato, veloce, robusto, risparmio economico.","description":"AUTOMAPPPS - Bin Picking di robot La soluzione software per la raccolta rapida e affidabile dei bidoni robot - per praticamente tutti i robot e sensori.","robots":{"index":"index","follow":"follow","max-snippet":"max-snippet:-1","max-image-preview":"max-image-preview:large","max-video-preview":"max-video-preview:-1"},"canonical":"https:\/\/convergent-it.com\/it\/raccolta-collocazione-robot\/","og_locale":"it_IT","og_type":"article","og_title":"Prelievo collocazione robot w. AUTOMAPPPS: collaudato, veloce, robusto, risparmio economico.","og_description":"AUTOMAPPPS - Bin Picking di robot La soluzione software per la raccolta rapida e affidabile dei bidoni robot - per praticamente tutti i robot e sensori.","og_url":"https:\/\/convergent-it.com\/it\/raccolta-collocazione-robot\/","og_site_name":"Convergent Information Technologies","article_publisher":"https:\/\/www.facebook.com\/Convergent-Information-Technologies-GmbH-313223429088033\/","article_modified_time":"2022-11-18T14:02:18+00:00","og_image":[{"url":"https:\/\/convergent-it.com\/wp-content\/uploads\/2017\/06\/BinPicking_fanuc.jpg","type":"","width":"","height":""}],"twitter_card":"summary_large_image","twitter_misc":{"Tempo di lettura stimato":"3 minuti"},"schema":{"@context":"https:\/\/schema.org","@graph":[{"@type":"WebPage","@id":"https:\/\/convergent-it.com\/it\/raccolta-collocazione-robot\/","url":"https:\/\/convergent-it.com\/it\/raccolta-collocazione-robot\/","name":"Prelievo collocazione robot w. AUTOMAPPPS: collaudato, veloce, robusto, risparmio economico.","isPartOf":{"@id":"https:\/\/convergent-it.com\/it\/#website"},"primaryImageOfPage":{"@id":"https:\/\/convergent-it.com\/it\/raccolta-collocazione-robot\/#primaryimage"},"image":{"@id":"https:\/\/convergent-it.com\/it\/raccolta-collocazione-robot\/#primaryimage"},"thumbnailUrl":"https:\/\/convergent-it.com\/wp-content\/uploads\/2017\/06\/BinPicking_fanuc.jpg","datePublished":"2019-09-10T17:38:12+00:00","dateModified":"2022-11-18T14:02:18+00:00","description":"AUTOMAPPPS - Bin Picking di robot La soluzione software per la raccolta rapida e affidabile dei bidoni robot - per praticamente tutti i robot e sensori.","breadcrumb":{"@id":"https:\/\/convergent-it.com\/it\/raccolta-collocazione-robot\/#breadcrumb"},"inLanguage":"it-IT","potentialAction":[{"@type":"ReadAction","target":["https:\/\/convergent-it.com\/it\/raccolta-collocazione-robot\/"]}]},{"@type":"ImageObject","inLanguage":"it-IT","@id":"https:\/\/convergent-it.com\/it\/raccolta-collocazione-robot\/#primaryimage","url":"https:\/\/convergent-it.com\/wp-content\/uploads\/2017\/06\/BinPicking_fanuc.jpg","contentUrl":"https:\/\/convergent-it.com\/wp-content\/uploads\/2017\/06\/BinPicking_fanuc.jpg"},{"@type":"BreadcrumbList","@id":"https:\/\/convergent-it.com\/it\/raccolta-collocazione-robot\/#breadcrumb","itemListElement":[{"@type":"ListItem","position":1,"name":"Home","item":"https:\/\/convergent-it.com\/it\/"},{"@type":"ListItem","position":2,"name":"Raccolta collocazione robot"}]},{"@type":"WebSite","@id":"https:\/\/convergent-it.com\/it\/#website","url":"https:\/\/convergent-it.com\/it\/","name":"Convergent Information Technologies","description":"","publisher":{"@id":"https:\/\/convergent-it.com\/it\/#organization"},"potentialAction":[{"@type":"SearchAction","target":{"@type":"EntryPoint","urlTemplate":"https:\/\/convergent-it.com\/it\/?s={search_term_string}"},"query-input":{"@type":"PropertyValueSpecification","valueRequired":true,"valueName":"search_term_string"}}],"inLanguage":"it-IT"},{"@type":"Organization","@id":"https:\/\/convergent-it.com\/it\/#organization","name":"Convergent Information Technologies GmbH","url":"https:\/\/convergent-it.com\/it\/","logo":{"@type":"ImageObject","inLanguage":"it-IT","@id":"https:\/\/convergent-it.com\/it\/#\/schema\/logo\/image\/","url":"https:\/\/convergent-it.com\/wp-content\/uploads\/2017\/05\/CIT-logo-small.jpg","contentUrl":"https:\/\/convergent-it.com\/wp-content\/uploads\/2017\/05\/CIT-logo-small.jpg","width":158,"height":70,"caption":"Convergent Information Technologies GmbH"},"image":{"@id":"https:\/\/convergent-it.com\/it\/#\/schema\/logo\/image\/"},"sameAs":["https:\/\/www.facebook.com\/Convergent-Information-Technologies-GmbH-313223429088033\/","https:\/\/www.linkedin.com\/company\/convergent-information-technologies-gmbh","https:\/\/www.youtube.com\/channel\/UCTUjIWi0G5KnOLnZRC_cmVA"]}]}},"_links":{"self":[{"href":"https:\/\/convergent-it.com\/it\/wp-json\/wp\/v2\/pages\/5239","targetHints":{"allow":["GET"]}}],"collection":[{"href":"https:\/\/convergent-it.com\/it\/wp-json\/wp\/v2\/pages"}],"about":[{"href":"https:\/\/convergent-it.com\/it\/wp-json\/wp\/v2\/types\/page"}],"author":[{"embeddable":true,"href":"https:\/\/convergent-it.com\/it\/wp-json\/wp\/v2\/users\/2"}],"replies":[{"embeddable":true,"href":"https:\/\/convergent-it.com\/it\/wp-json\/wp\/v2\/comments?post=5239"}],"version-history":[{"count":3,"href":"https:\/\/convergent-it.com\/it\/wp-json\/wp\/v2\/pages\/5239\/revisions"}],"predecessor-version":[{"id":6631,"href":"https:\/\/convergent-it.com\/it\/wp-json\/wp\/v2\/pages\/5239\/revisions\/6631"}],"wp:attachment":[{"href":"https:\/\/convergent-it.com\/it\/wp-json\/wp\/v2\/media?parent=5239"}],"curies":[{"name":"wp","href":"https:\/\/api.w.org\/{rel}","templated":true}]}}