{"id":5234,"date":"2019-09-10T17:11:23","date_gmt":"2019-09-10T17:11:23","guid":{"rendered":"https:\/\/convergent-it.com\/manifestazione-f\/"},"modified":"2022-12-16T12:34:43","modified_gmt":"2022-12-16T11:34:43","slug":"manifestazione-f","status":"publish","type":"page","link":"https:\/\/convergent-it.com\/it\/manifestazione-f\/","title":{"rendered":"manifestazione f"},"content":{"rendered":"<div id=\"pl-5234\"  class=\"panel-layout\" ><div id=\"pg-5234-0\"  class=\"panel-grid panel-has-style\" ><div class=\"siteorigin-panels-stretch panel-row-style panel-row-style-for-5234-0\" style=\"padding: 0px 0; \" data-stretch-type=\"full\" data-overlay=\"true\" data-overlay-color=\"#000000\" ><div id=\"pgc-5234-0-0\"  class=\"panel-grid-cell\" ><div id=\"panel-5234-0-0-0\" class=\"so-panel widget widget_sow-editor panel-first-child panel-last-child\" data-index=\"0\" ><div style=\"text-align: left;\" data-title-color=\"#443f3f\" data-headings-color=\"#443f3f\" class=\"panel-widget-style panel-widget-style-for-5234-0-0-0\" ><div\n\t\t\t\n\t\t\tclass=\"so-widget-sow-editor so-widget-sow-editor-base\"\n\t\t\t\n\t\t>\n<div class=\"siteorigin-widget-tinymce textwidget\">\n\t<h1 style=\"text-align: center;\">Demo di programmazione pi\u00f9 rapida di robot<\/h1>\n<p style=\"text-align: center;\">Richiedi una demo gratuita di programmazione di robot. Scegli in base al tuo interesse tra demo per la programmazione offline pi\u00f9 rapida di robot, la programmazione robot completamente automatizzata e il Bin Picking casuale. Inoltre faci sapre quale processo desideri automatizzare e con quali parti hai a che fare.<\/p>\n<\/div>\n<\/div><\/div><\/div><\/div><\/div><\/div><div id=\"pg-5234-1\"  class=\"panel-grid panel-has-style\" ><div class=\"siteorigin-panels-stretch panel-row-style panel-row-style-for-5234-1\" style=\"padding: 0px 0; \" data-stretch-type=\"full\" data-overlay=\"true\" data-overlay-color=\"#000000\" ><div id=\"pgc-5234-1-0\"  class=\"panel-grid-cell\" ><div id=\"panel-5234-1-0-0\" class=\"so-panel widget widget_sow-editor panel-first-child panel-last-child\" data-index=\"1\" ><div style=\"text-align: center;\" data-title-color=\"#443f3f\" data-headings-color=\"#443f3f\" class=\"panel-widget-style panel-widget-style-for-5234-1-0-0\" ><div\n\t\t\t\n\t\t\tclass=\"so-widget-sow-editor so-widget-sow-editor-base\"\n\t\t\t\n\t\t>\n<div class=\"siteorigin-widget-tinymce textwidget\">\n\t<p style=\"text-align: center;\"><strong>Software di programmazione offline di robot<br \/>\n<\/strong><\/p>\n<p style=\"text-align: center;\"><a class=\"maxbutton-1 maxbutton maxbutton-offline-programming\" title=\"Offline Demo\" href=\"mailto:demo@convergent-it.at\"><span class='mb-text'>ASK FOR DEMO<\/span><\/a><\/p>\n<p>\u00a0<\/p>\n<p>Questa sessione dimostrativa di programmazione di robot mostrer\u00e0 come impostare e simulare il processo in modo interattivo e come pianificare automaticamente i movimenti del robot e senza collisioni. Copriremo cellule monorobot e multi-robot, anche assi ausiliari. Inoltre, il line-tracking a.s.o. pu\u00f2 essere soggetto a seconda della sua rilevanza per la tua domanda prevista.<\/p>\n<\/div>\n<\/div><\/div><\/div><\/div><div id=\"pgc-5234-1-1\"  class=\"panel-grid-cell\" ><div id=\"panel-5234-1-1-0\" class=\"so-panel widget widget_sow-video panel-first-child panel-last-child widgetopts-SO\" data-index=\"2\" ><div style=\"text-align: left;\" data-title-color=\"#443f3f\" data-headings-color=\"#443f3f\" class=\"panel-widget-style panel-widget-style-for-5234-1-1-0\" ><div\n\t\t\t\n\t\t\tclass=\"so-widget-sow-video so-widget-sow-video-default-c08170c47cfb-5234\"\n\t\t\t\n\t\t>\n<div class=\"sow-video-wrapper\n\">\n\t\t\t<div class=\"lyte-wrapper\" style=\"width:640px;max-width:100%;margin:5px;\"><div class=\"lyMe hidef qsa_\\&amp;enablejsapi\\=1\\&amp;origin\\=https:\/\/convergent-it.com\" id=\"WYL_ME2_IKGMG4g\"><div id=\"lyte_ME2_IKGMG4g\" data-src=\"https:\/\/convergent-it.com\/wp-content\/plugins\/wp-youtube-lyte\/lyteCache.php?origThumbUrl=%2F%2Fi.ytimg.com%2Fvi%2FME2_IKGMG4g%2Fmaxresdefault.jpg\" class=\"pL\"><div class=\"tC\"><div class=\"tT\"><\/div><\/div><div class=\"play\"><\/div><div class=\"ctrl\"><div class=\"Lctrl\"><\/div><div class=\"Rctrl\"><\/div><\/div><\/div><noscript><a href=\"https:\/\/youtu.be\/ME2_IKGMG4g\" rel=\"nofollow\"><img loading=\"lazy\" decoding=\"async\" src=\"https:\/\/convergent-it.com\/wp-content\/plugins\/wp-youtube-lyte\/lyteCache.php?origThumbUrl=https%3A%2F%2Fi.ytimg.com%2Fvi%2FME2_IKGMG4g%2F0.jpg\" alt=\"YouTube video thumbnail\" width=\"640\" height=\"340\" \/><br \/>Guarda questo video su YouTube<\/a><\/noscript><\/div><\/div><div class=\"lL\" style=\"max-width:100%;width:640px;margin:5px;\"><br\/><span class=\"lyte_disclaimer\"><i>The video is embedded by YouTube and only loaded and played from there when you click on the play button.  From then on, the <a href=\"https:\/\/policies.google.com\/privacy?hl=en\"> privacy policy of Google <\/a> applies.<\/i><\/span><\/div>\t<\/div>\n<\/div><\/div><\/div><\/div><\/div><\/div><div id=\"pg-5234-2\"  class=\"panel-grid panel-has-style\" ><div class=\"siteorigin-panels-stretch panel-row-style panel-row-style-for-5234-2\" style=\"padding: 0px 0; \" data-stretch-type=\"full\" data-overlay=\"true\" data-overlay-color=\"#000000\" ><div id=\"pgc-5234-2-0\"  class=\"panel-grid-cell\" ><div id=\"panel-5234-2-0-0\" class=\"so-panel widget widget_sow-video panel-first-child panel-last-child widgetopts-SO\" data-index=\"3\" ><div style=\"text-align: left;\" data-title-color=\"#443f3f\" data-headings-color=\"#443f3f\" class=\"panel-widget-style panel-widget-style-for-5234-2-0-0\" ><div\n\t\t\t\n\t\t\tclass=\"so-widget-sow-video so-widget-sow-video-default-c08170c47cfb-5234\"\n\t\t\t\n\t\t>\n<div class=\"sow-video-wrapper\n\">\n\t\t\t<div class=\"lyte-wrapper\" style=\"width:640px;max-width:100%;margin:5px;\"><div class=\"lyMe hidef qsa_\\&amp;enablejsapi\\=1\\&amp;origin\\=https:\/\/convergent-it.com\" id=\"WYL_JkWzKBL_f7E\"><div id=\"lyte_JkWzKBL_f7E\" data-src=\"https:\/\/convergent-it.com\/wp-content\/plugins\/wp-youtube-lyte\/lyteCache.php?origThumbUrl=%2F%2Fi.ytimg.com%2Fvi%2FJkWzKBL_f7E%2Fmaxresdefault.jpg\" class=\"pL\"><div class=\"tC\"><div class=\"tT\"><\/div><\/div><div class=\"play\"><\/div><div class=\"ctrl\"><div class=\"Lctrl\"><\/div><div class=\"Rctrl\"><\/div><\/div><\/div><noscript><a href=\"https:\/\/youtu.be\/JkWzKBL_f7E\" rel=\"nofollow\"><img loading=\"lazy\" decoding=\"async\" src=\"https:\/\/convergent-it.com\/wp-content\/plugins\/wp-youtube-lyte\/lyteCache.php?origThumbUrl=https%3A%2F%2Fi.ytimg.com%2Fvi%2FJkWzKBL_f7E%2F0.jpg\" alt=\"YouTube video thumbnail\" width=\"640\" height=\"340\" \/><br \/>Guarda questo video su YouTube<\/a><\/noscript><\/div><\/div><div class=\"lL\" style=\"max-width:100%;width:640px;margin:5px;\"><br\/><span class=\"lyte_disclaimer\"><i>The video is embedded by YouTube and only loaded and played from there when you click on the play button.  From then on, the <a href=\"https:\/\/policies.google.com\/privacy?hl=en\"> privacy policy of Google <\/a> applies.<\/i><\/span><\/div>\t<\/div>\n<\/div><\/div><\/div><\/div><div id=\"pgc-5234-2-1\"  class=\"panel-grid-cell\" ><div id=\"panel-5234-2-1-0\" class=\"so-panel widget widget_sow-editor panel-first-child panel-last-child\" data-index=\"4\" ><div style=\"text-align: center;\" data-title-color=\"#443f3f\" data-headings-color=\"#443f3f\" class=\"panel-widget-style panel-widget-style-for-5234-2-1-0\" ><div\n\t\t\t\n\t\t\tclass=\"so-widget-sow-editor so-widget-sow-editor-base\"\n\t\t\t\n\t\t>\n<div class=\"siteorigin-widget-tinymce textwidget\">\n\t<p style=\"text-align: center;\"><strong>Programmazione robot reattiva<br \/>\n<\/strong><\/p>\n<p style=\"text-align: center;\"><a class=\"maxbutton-2 maxbutton maxbutton-bin-picking\" title=\"Bin Picking Demo\" href=\"mailto:demo@convergent-it.at\"><span class='mb-text'>ASK FOR DEMO<\/span><\/a><\/p>\n<p>\u00a0<\/p>\n<p>La programmazione dei robot completamente automatizzata \u00e8 forse ci\u00f2 che il bin-picking era 10 anni fa. Un compito incerto e interessante che \"<span class=\"tlid-translation translation\" lang=\"en\"><span class=\"\" title=\"\">separa il grano dalla pula\", coloro che possono automatizzare i compiti pi\u00f9 impegnativi (e redditizi) da quelli che non si possono automatizzare. Facci sapere qual \u00e8 il tuo compito. \u00c8 l'automazione del lotsize-1 o di piccoli volumi? \u00c8 il MRR (manutenzione, riparazione, revisione) con i robot? O la riparazione localizzata o altre attivit\u00e0 reattive, ad esempio sulla base di input visivo? Qualsiasi compito che pensavi fosse impossibile da automatizzare - o impossibile da automatizzare in modo economicamente sostenibile? Scopri cosa \u00e8 possibile fare con la programmazione reattiva di robot AUTOMAPPPS.<br \/>\n<\/span><\/span><\/p>\n<\/div>\n<\/div><\/div><\/div><\/div><\/div><\/div><div id=\"pg-5234-3\"  class=\"panel-grid panel-has-style\" ><div class=\"siteorigin-panels-stretch panel-row-style panel-row-style-for-5234-3\" style=\"padding: 0px 0; \" data-stretch-type=\"full\" data-overlay=\"true\" data-overlay-color=\"#000000\" ><div id=\"pgc-5234-3-0\"  class=\"panel-grid-cell\" ><div id=\"panel-5234-3-0-0\" class=\"so-panel widget widget_sow-editor panel-first-child panel-last-child\" data-index=\"5\" ><div style=\"text-align: center;\" data-title-color=\"#443f3f\" data-headings-color=\"#443f3f\" class=\"panel-widget-style panel-widget-style-for-5234-3-0-0\" ><div\n\t\t\t\n\t\t\tclass=\"so-widget-sow-editor so-widget-sow-editor-base\"\n\t\t\t\n\t\t>\n<div class=\"siteorigin-widget-tinymce textwidget\">\n\t<p style=\"text-align: center;\"><strong>Bin Picking rapida e robusta di robot<br \/>\n<\/strong><\/p>\n<p style=\"text-align: center;\"><a class=\"maxbutton-3 maxbutton maxbutton-online-programming\" title=\"Online Programming Demo\" href=\"mailto:demo@convergent-it.at\"><span class='mb-text'>ASK FOR DEMO<\/span><\/a><\/p>\n<p>Questa demo si occupa di dimostrare al software come prelevare al meglio nuove parti. Inoltre mostreremo come queste opzioni sono automaticamente selezionate e l'intera applicazione \u00e8 pianificata in modo ottimale, robusto e evitando le collisioni. Scopri come velocizzare l'applicazione di bin picking, come il robot pu\u00f2 operare anche in ambienti ristretti e come migliorare la robustezza dell'attivit\u00e0 robotica: bin picking o gestione basata sulla vista. Scopri la differenza che fa un software di bin picking con pianificazione eccezionale dell'intero robot, della pinza e delle parti rispetto allo stato dell'arte.<\/p>\n<\/div>\n<\/div><\/div><\/div><\/div><div id=\"pgc-5234-3-1\"  class=\"panel-grid-cell\" ><div id=\"panel-5234-3-1-0\" class=\"so-panel widget widget_sow-video panel-first-child panel-last-child widgetopts-SO\" data-index=\"6\" ><div style=\"text-align: left;\" data-title-color=\"#443f3f\" data-headings-color=\"#443f3f\" class=\"panel-widget-style panel-widget-style-for-5234-3-1-0\" ><div\n\t\t\t\n\t\t\tclass=\"so-widget-sow-video so-widget-sow-video-default-c08170c47cfb-5234\"\n\t\t\t\n\t\t>\n<div class=\"sow-video-wrapper\n\">\n\t\t\t<div class=\"lyte-wrapper\" style=\"width:640px;max-width:100%;margin:5px;\"><div class=\"lyMe hidef qsa_\\&amp;enablejsapi\\=1\\&amp;origin\\=https:\/\/convergent-it.com\" id=\"WYL_CDNSE1kENTg\"><div id=\"lyte_CDNSE1kENTg\" data-src=\"https:\/\/convergent-it.com\/wp-content\/plugins\/wp-youtube-lyte\/lyteCache.php?origThumbUrl=%2F%2Fi.ytimg.com%2Fvi%2FCDNSE1kENTg%2Fmaxresdefault.jpg\" class=\"pL\"><div class=\"tC\"><div class=\"tT\"><\/div><\/div><div class=\"play\"><\/div><div class=\"ctrl\"><div class=\"Lctrl\"><\/div><div class=\"Rctrl\"><\/div><\/div><\/div><noscript><a href=\"https:\/\/youtu.be\/CDNSE1kENTg\" rel=\"nofollow\"><img loading=\"lazy\" decoding=\"async\" src=\"https:\/\/convergent-it.com\/wp-content\/plugins\/wp-youtube-lyte\/lyteCache.php?origThumbUrl=https%3A%2F%2Fi.ytimg.com%2Fvi%2FCDNSE1kENTg%2F0.jpg\" alt=\"YouTube video thumbnail\" width=\"640\" height=\"340\" \/><br \/>Guarda questo video su YouTube<\/a><\/noscript><\/div><\/div><div class=\"lL\" style=\"max-width:100%;width:640px;margin:5px;\"><br\/><span class=\"lyte_disclaimer\"><i>The video is embedded by YouTube and only loaded and played from there when you click on the play button.  From then on, the <a href=\"https:\/\/policies.google.com\/privacy?hl=en\"> privacy policy of Google <\/a> applies.<\/i><\/span><\/div>\t<\/div>\n<\/div><\/div><\/div><\/div><\/div><\/div><\/div>","protected":false},"excerpt":{"rendered":"<p>Demo di programmazione pi\u00f9 rapida di robot Richiedi una demo gratuita di programmazione di robot. Scegli in base al tuo interesse tra [&hellip;]<\/p>\n","protected":false},"author":2,"featured_media":0,"parent":0,"menu_order":0,"comment_status":"closed","ping_status":"closed","template":"page-templates\/page_front-page.php","meta":{"footnotes":""},"class_list":["post-5234","page","type-page","status-publish","hentry"],"yoast_head":"<!-- This site is optimized with the Yoast SEO plugin v26.6 - https:\/\/yoast.com\/wordpress\/plugins\/seo\/ -->\n<title>Robot Programming Demo - sperimentare la velocit\u00e0 di AUTOMAPPPS!<\/title>\n<meta name=\"description\" content=\"Richiedi la demo gratuita sulla programmazione dei robot o per le licenze di prova AUTOMAPPPS. Scegli tra la programmazione offline dei robot, la robotica reattiva e il prelievo dei bidoni.\" \/>\n<meta name=\"robots\" content=\"index, follow, max-snippet:-1, max-image-preview:large, max-video-preview:-1\" \/>\n<link rel=\"canonical\" href=\"https:\/\/convergent-it.com\/it\/manifestazione-f\/\" \/>\n<meta property=\"og:locale\" content=\"it_IT\" \/>\n<meta property=\"og:type\" content=\"article\" \/>\n<meta property=\"og:title\" content=\"Robot Programming Demo - sperimentare la velocit\u00e0 di AUTOMAPPPS!\" \/>\n<meta property=\"og:description\" content=\"Richiedi la demo gratuita sulla programmazione dei robot o per le licenze di prova AUTOMAPPPS. Scegli tra la programmazione offline dei robot, la robotica reattiva e il prelievo dei bidoni.\" \/>\n<meta property=\"og:url\" content=\"https:\/\/convergent-it.com\/it\/manifestazione-f\/\" \/>\n<meta property=\"og:site_name\" content=\"Convergent Information Technologies\" \/>\n<meta property=\"article:publisher\" content=\"https:\/\/www.facebook.com\/Convergent-Information-Technologies-GmbH-313223429088033\/\" \/>\n<meta property=\"article:modified_time\" content=\"2022-12-16T11:34:43+00:00\" \/>\n<meta property=\"og:image\" content=\"https:\/\/convergent-it.com\/wp-content\/uploads\/2017\/05\/CIT-logo-small.jpg\" \/>\n\t<meta property=\"og:image:width\" content=\"158\" \/>\n\t<meta property=\"og:image:height\" content=\"70\" \/>\n\t<meta property=\"og:image:type\" content=\"image\/jpeg\" \/>\n<meta name=\"twitter:card\" content=\"summary_large_image\" \/>\n<meta name=\"twitter:label1\" content=\"Tempo di lettura stimato\" \/>\n\t<meta name=\"twitter:data1\" content=\"2 minuti\" \/>\n<script type=\"application\/ld+json\" class=\"yoast-schema-graph\">{\"@context\":\"https:\/\/schema.org\",\"@graph\":[{\"@type\":\"WebPage\",\"@id\":\"https:\/\/convergent-it.com\/it\/manifestazione-f\/\",\"url\":\"https:\/\/convergent-it.com\/it\/manifestazione-f\/\",\"name\":\"Robot Programming Demo - sperimentare la velocit\u00e0 di AUTOMAPPPS!\",\"isPartOf\":{\"@id\":\"https:\/\/convergent-it.com\/it\/#website\"},\"datePublished\":\"2019-09-10T17:11:23+00:00\",\"dateModified\":\"2022-12-16T11:34:43+00:00\",\"description\":\"Richiedi la demo gratuita sulla programmazione dei robot o per le licenze di prova AUTOMAPPPS. Scegli tra la programmazione offline dei robot, la robotica reattiva e il prelievo dei bidoni.\",\"breadcrumb\":{\"@id\":\"https:\/\/convergent-it.com\/it\/manifestazione-f\/#breadcrumb\"},\"inLanguage\":\"it-IT\",\"potentialAction\":[{\"@type\":\"ReadAction\",\"target\":[\"https:\/\/convergent-it.com\/it\/manifestazione-f\/\"]}]},{\"@type\":\"BreadcrumbList\",\"@id\":\"https:\/\/convergent-it.com\/it\/manifestazione-f\/#breadcrumb\",\"itemListElement\":[{\"@type\":\"ListItem\",\"position\":1,\"name\":\"Home\",\"item\":\"https:\/\/convergent-it.com\/it\/\"},{\"@type\":\"ListItem\",\"position\":2,\"name\":\"manifestazione f\"}]},{\"@type\":\"WebSite\",\"@id\":\"https:\/\/convergent-it.com\/it\/#website\",\"url\":\"https:\/\/convergent-it.com\/it\/\",\"name\":\"Convergent Information Technologies\",\"description\":\"\",\"publisher\":{\"@id\":\"https:\/\/convergent-it.com\/it\/#organization\"},\"potentialAction\":[{\"@type\":\"SearchAction\",\"target\":{\"@type\":\"EntryPoint\",\"urlTemplate\":\"https:\/\/convergent-it.com\/it\/?s={search_term_string}\"},\"query-input\":{\"@type\":\"PropertyValueSpecification\",\"valueRequired\":true,\"valueName\":\"search_term_string\"}}],\"inLanguage\":\"it-IT\"},{\"@type\":\"Organization\",\"@id\":\"https:\/\/convergent-it.com\/it\/#organization\",\"name\":\"Convergent Information Technologies GmbH\",\"url\":\"https:\/\/convergent-it.com\/it\/\",\"logo\":{\"@type\":\"ImageObject\",\"inLanguage\":\"it-IT\",\"@id\":\"https:\/\/convergent-it.com\/it\/#\/schema\/logo\/image\/\",\"url\":\"https:\/\/convergent-it.com\/wp-content\/uploads\/2017\/05\/CIT-logo-small.jpg\",\"contentUrl\":\"https:\/\/convergent-it.com\/wp-content\/uploads\/2017\/05\/CIT-logo-small.jpg\",\"width\":158,\"height\":70,\"caption\":\"Convergent Information Technologies GmbH\"},\"image\":{\"@id\":\"https:\/\/convergent-it.com\/it\/#\/schema\/logo\/image\/\"},\"sameAs\":[\"https:\/\/www.facebook.com\/Convergent-Information-Technologies-GmbH-313223429088033\/\",\"https:\/\/www.linkedin.com\/company\/convergent-information-technologies-gmbh\",\"https:\/\/www.youtube.com\/channel\/UCTUjIWi0G5KnOLnZRC_cmVA\"]}]}<\/script>\n<!-- \/ Yoast SEO plugin. -->","yoast_head_json":{"title":"Robot Programming Demo - sperimentare la velocit\u00e0 di AUTOMAPPPS!","description":"Richiedi la demo gratuita sulla programmazione dei robot o per le licenze di prova AUTOMAPPPS. Scegli tra la programmazione offline dei robot, la robotica reattiva e il prelievo dei bidoni.","robots":{"index":"index","follow":"follow","max-snippet":"max-snippet:-1","max-image-preview":"max-image-preview:large","max-video-preview":"max-video-preview:-1"},"canonical":"https:\/\/convergent-it.com\/it\/manifestazione-f\/","og_locale":"it_IT","og_type":"article","og_title":"Robot Programming Demo - sperimentare la velocit\u00e0 di AUTOMAPPPS!","og_description":"Richiedi la demo gratuita sulla programmazione dei robot o per le licenze di prova AUTOMAPPPS. Scegli tra la programmazione offline dei robot, la robotica reattiva e il prelievo dei bidoni.","og_url":"https:\/\/convergent-it.com\/it\/manifestazione-f\/","og_site_name":"Convergent Information Technologies","article_publisher":"https:\/\/www.facebook.com\/Convergent-Information-Technologies-GmbH-313223429088033\/","article_modified_time":"2022-12-16T11:34:43+00:00","og_image":[{"width":158,"height":70,"url":"https:\/\/convergent-it.com\/wp-content\/uploads\/2017\/05\/CIT-logo-small.jpg","type":"image\/jpeg"}],"twitter_card":"summary_large_image","twitter_misc":{"Tempo di lettura stimato":"2 minuti"},"schema":{"@context":"https:\/\/schema.org","@graph":[{"@type":"WebPage","@id":"https:\/\/convergent-it.com\/it\/manifestazione-f\/","url":"https:\/\/convergent-it.com\/it\/manifestazione-f\/","name":"Robot Programming Demo - sperimentare la velocit\u00e0 di AUTOMAPPPS!","isPartOf":{"@id":"https:\/\/convergent-it.com\/it\/#website"},"datePublished":"2019-09-10T17:11:23+00:00","dateModified":"2022-12-16T11:34:43+00:00","description":"Richiedi la demo gratuita sulla programmazione dei robot o per le licenze di prova AUTOMAPPPS. Scegli tra la programmazione offline dei robot, la robotica reattiva e il prelievo dei bidoni.","breadcrumb":{"@id":"https:\/\/convergent-it.com\/it\/manifestazione-f\/#breadcrumb"},"inLanguage":"it-IT","potentialAction":[{"@type":"ReadAction","target":["https:\/\/convergent-it.com\/it\/manifestazione-f\/"]}]},{"@type":"BreadcrumbList","@id":"https:\/\/convergent-it.com\/it\/manifestazione-f\/#breadcrumb","itemListElement":[{"@type":"ListItem","position":1,"name":"Home","item":"https:\/\/convergent-it.com\/it\/"},{"@type":"ListItem","position":2,"name":"manifestazione f"}]},{"@type":"WebSite","@id":"https:\/\/convergent-it.com\/it\/#website","url":"https:\/\/convergent-it.com\/it\/","name":"Convergent Information Technologies","description":"","publisher":{"@id":"https:\/\/convergent-it.com\/it\/#organization"},"potentialAction":[{"@type":"SearchAction","target":{"@type":"EntryPoint","urlTemplate":"https:\/\/convergent-it.com\/it\/?s={search_term_string}"},"query-input":{"@type":"PropertyValueSpecification","valueRequired":true,"valueName":"search_term_string"}}],"inLanguage":"it-IT"},{"@type":"Organization","@id":"https:\/\/convergent-it.com\/it\/#organization","name":"Convergent Information Technologies GmbH","url":"https:\/\/convergent-it.com\/it\/","logo":{"@type":"ImageObject","inLanguage":"it-IT","@id":"https:\/\/convergent-it.com\/it\/#\/schema\/logo\/image\/","url":"https:\/\/convergent-it.com\/wp-content\/uploads\/2017\/05\/CIT-logo-small.jpg","contentUrl":"https:\/\/convergent-it.com\/wp-content\/uploads\/2017\/05\/CIT-logo-small.jpg","width":158,"height":70,"caption":"Convergent Information Technologies GmbH"},"image":{"@id":"https:\/\/convergent-it.com\/it\/#\/schema\/logo\/image\/"},"sameAs":["https:\/\/www.facebook.com\/Convergent-Information-Technologies-GmbH-313223429088033\/","https:\/\/www.linkedin.com\/company\/convergent-information-technologies-gmbh","https:\/\/www.youtube.com\/channel\/UCTUjIWi0G5KnOLnZRC_cmVA"]}]}},"_links":{"self":[{"href":"https:\/\/convergent-it.com\/it\/wp-json\/wp\/v2\/pages\/5234","targetHints":{"allow":["GET"]}}],"collection":[{"href":"https:\/\/convergent-it.com\/it\/wp-json\/wp\/v2\/pages"}],"about":[{"href":"https:\/\/convergent-it.com\/it\/wp-json\/wp\/v2\/types\/page"}],"author":[{"embeddable":true,"href":"https:\/\/convergent-it.com\/it\/wp-json\/wp\/v2\/users\/2"}],"replies":[{"embeddable":true,"href":"https:\/\/convergent-it.com\/it\/wp-json\/wp\/v2\/comments?post=5234"}],"version-history":[{"count":4,"href":"https:\/\/convergent-it.com\/it\/wp-json\/wp\/v2\/pages\/5234\/revisions"}],"predecessor-version":[{"id":6946,"href":"https:\/\/convergent-it.com\/it\/wp-json\/wp\/v2\/pages\/5234\/revisions\/6946"}],"wp:attachment":[{"href":"https:\/\/convergent-it.com\/it\/wp-json\/wp\/v2\/media?parent=5234"}],"curies":[{"name":"wp","href":"https:\/\/api.w.org\/{rel}","templated":true}]}}