{"id":5183,"date":"2019-09-10T16:59:57","date_gmt":"2019-09-10T16:59:57","guid":{"rendered":"https:\/\/convergent-it.com\/programmazione-offline-robot\/"},"modified":"2022-11-18T14:00:50","modified_gmt":"2022-11-18T14:00:50","slug":"programmazione-offline-robot","status":"publish","type":"page","link":"https:\/\/convergent-it.com\/it\/programmazione-offline-robot\/","title":{"rendered":"Programmazione offline robot"},"content":{"rendered":"<div id=\"pl-5183\"  class=\"panel-layout\" ><div id=\"pg-5183-0\"  class=\"panel-grid panel-has-style\" ><div class=\"siteorigin-panels-stretch panel-row-style panel-row-style-for-5183-0\" style=\"padding: 0px 0; \" data-stretch-type=\"full\" data-overlay=\"true\" data-overlay-color=\"#000000\" ><div id=\"pgc-5183-0-0\"  class=\"panel-grid-cell\" ><div id=\"panel-5183-0-0-0\" class=\"so-panel widget widget_sow-editor panel-first-child panel-last-child widgetopts-SO\" data-index=\"0\" ><div style=\"text-align: left;\" data-title-color=\"#443f3f\" data-headings-color=\"#443f3f\" class=\"panel-widget-style panel-widget-style-for-5183-0-0-0\" ><div\n\t\t\t\n\t\t\tclass=\"so-widget-sow-editor so-widget-sow-editor-base\"\n\t\t\t\n\t\t>\n<div class=\"siteorigin-widget-tinymce textwidget\">\n\t<h1 style=\"text-align: center;\"><span style=\"font-size: 16pt;\"><strong>AUTOMAPPPS - OLP: Programmazione offline robot pi\u00f9 veloce<\/strong><\/span><\/h1>\n<\/div>\n<\/div><\/div><\/div><\/div><\/div><\/div><div id=\"pg-5183-1\"  class=\"panel-grid panel-has-style\" ><div class=\"siteorigin-panels-stretch panel-row-style panel-row-style-for-5183-1\" style=\"padding: 0px 0; \" data-stretch-type=\"full\" data-overlay=\"true\" data-overlay-color=\"#000000\" ><div id=\"pgc-5183-1-0\"  class=\"panel-grid-cell\" ><div id=\"panel-5183-1-0-0\" class=\"so-panel widget widget_sow-editor panel-first-child panel-last-child widgetopts-SO\" data-index=\"1\" ><div style=\"text-align: left;\" data-title-color=\"#443f3f\" data-headings-color=\"#443f3f\" class=\"panel-widget-style panel-widget-style-for-5183-1-0-0\" ><div\n\t\t\t\n\t\t\tclass=\"so-widget-sow-editor so-widget-sow-editor-base\"\n\t\t\t\n\t\t>\n<div class=\"siteorigin-widget-tinymce textwidget\">\n\t<p style=\"text-align: left;\">AUTOMAPPPS OLP \u00e8 lo strumento SW ideale per programmare robot offline in modo pi\u00f9 semplice e veloce. L'elusione automatica delle collisioni e la pianificazione automatica sono combinate con simulazioni WYSIWYG. Numerose funzionalit\u00e0 di supporto semplificano il raggiungimento degli obiettivi di processo. AUTOMAPPPS accelera e facilita la programmazione dei robot o l'ottimizzazione del layout rispetto a OLP convenzionale o ai vecchi metodi di teach-in manuale. Inoltre, rende possibile programmare robot velocemente anche per applicazioni robotiche che sono molto complesse o impossibili da programmare con altri mezzi.<\/p>\n<\/div>\n<\/div><\/div><\/div><\/div><\/div><\/div><div id=\"pg-5183-2\"  class=\"panel-grid panel-has-style\" ><div class=\"siteorigin-panels-stretch panel-row-style panel-row-style-for-5183-2\" style=\"padding: 0px 0; \" data-stretch-type=\"full\" data-overlay=\"true\" data-overlay-color=\"#000000\" ><div id=\"pgc-5183-2-0\"  class=\"panel-grid-cell\" ><div id=\"panel-5183-2-0-0\" class=\"so-panel widget widget_sow-editor panel-first-child panel-last-child widgetopts-SO\" data-index=\"2\" ><div style=\"text-align: left;\" data-title-color=\"#443f3f\" data-headings-color=\"#443f3f\" class=\"panel-widget-style panel-widget-style-for-5183-2-0-0\" ><div\n\t\t\t\n\t\t\tclass=\"so-widget-sow-editor so-widget-sow-editor-base\"\n\t\t\t\n\t\t>\n<div class=\"siteorigin-widget-tinymce textwidget\">\n\t<p><strong>Vantaggi:<\/strong><\/p>\n<\/div>\n<\/div><\/div><\/div><\/div><div id=\"pgc-5183-2-1\"  class=\"panel-grid-cell panel-grid-cell-empty panel-grid-cell-mobile-last\" ><\/div><div id=\"pgc-5183-2-2\"  class=\"panel-grid-cell panel-grid-cell-empty\" ><\/div><\/div><\/div><div id=\"pg-5183-3\"  class=\"panel-grid panel-has-style\" ><div class=\"siteorigin-panels-stretch panel-row-style panel-row-style-for-5183-3\" style=\"padding: 0px 0; \" data-stretch-type=\"full\" data-overlay=\"true\" data-overlay-color=\"#000000\" ><div id=\"pgc-5183-3-0\"  class=\"panel-grid-cell\" ><div id=\"panel-5183-3-0-0\" class=\"so-panel widget widget_sow-editor panel-first-child panel-last-child widgetopts-SO\" data-index=\"3\" ><div style=\"text-align: left;\" data-title-color=\"#443f3f\" data-headings-color=\"#443f3f\" class=\"panel-widget-style panel-widget-style-for-5183-3-0-0\" ><div\n\t\t\t\n\t\t\tclass=\"so-widget-sow-editor so-widget-sow-editor-base\"\n\t\t\t\n\t\t>\n<div class=\"siteorigin-widget-tinymce textwidget\">\n\t<p><strong>Sforzi e costi ridotti al minimo<\/strong><\/p>\n<ul>\n<li>Programmazione e pianificazione completamente o parzialmente automatica di applicazioni robotiche<\/li>\n<li>Applicazione software indipendente o collegato ad un software CAMIngresso autonomo o CAM<\/li>\n<li>Minore TCO (total cost of ownership)<\/li>\n<\/ul>\n<p><strong>Semplice da usare<br \/>\n<\/strong><\/p>\n<ul>\n<li>Anche per non esperti<\/li>\n<li>Modelli di processo incorporati nel software<\/li>\n<\/ul>\n<p><strong>Riduzione dei tempi di test<\/strong><\/p>\n<ul>\n<li>Previsione della qualit\u00e0 del processo<\/li>\n<li>Ottimizzazione automatica<\/li>\n<li>Meno tempi morti, migliore OEE (Overall Equipment Efficiency)<\/li>\n<\/ul>\n<p><strong>Riduzione dei tempi di ciclo<\/strong><\/p>\n<ul>\n<li>Coordina e sincronizza robot multipli nello stesso spazio di lavoro<\/li>\n<li>Ottimizzazione automatica dei movimenti<\/li>\n<\/ul>\n<\/div>\n<\/div><\/div><\/div><\/div><div id=\"pgc-5183-3-1\"  class=\"panel-grid-cell\" ><div id=\"panel-5183-3-1-0\" class=\"so-panel widget widget_sow-editor panel-first-child panel-last-child widgetopts-SO\" data-index=\"4\" ><div style=\"text-align: left;\" data-title-color=\"#443f3f\" data-headings-color=\"#443f3f\" class=\"panel-widget-style panel-widget-style-for-5183-3-1-0\" ><div\n\t\t\t\n\t\t\tclass=\"so-widget-sow-editor so-widget-sow-editor-base\"\n\t\t\t\n\t\t>\n<div class=\"siteorigin-widget-tinymce textwidget\">\n\t<p><strong>Linee di produzione adattative<\/strong><\/p>\n<ul>\n<li>Adattamento pi\u00f9 rapido a nuovi prodotti<\/li>\n<li>Programmazione automatica<\/li>\n<li>Ideale per linee di produzione con molte varianti \/ a piccoli lotti<\/li>\n<\/ul>\n<p><strong>Supporto per Line-tracking e celle multirobot<\/strong><\/p>\n<ul>\n<li>Riduce la quantit\u00e0 di hardware necessario<\/li>\n<li>Considerazione automatica del movimento<\/li>\n<li>Prevenzione delle collisioni in ambiente multirobot e pianificazione del movimento<\/li>\n<\/ul>\n<p><strong>Layout di celle ottimizzate in termini di costi e spazio<\/strong><\/p>\n<ul>\n<li>Layout e convalida delle celle pi\u00f9 veloce. Determina automaticamente i movimenti robot richiesti.<\/li>\n<li>Celle pi\u00f9 piccole, soprattutto per brown-field. Trova passaggi stretti in celle anguste.<\/li>\n<\/ul>\n<\/div>\n<\/div><\/div><\/div><\/div><div id=\"pgc-5183-3-2\"  class=\"panel-grid-cell\" ><div id=\"panel-5183-3-2-0\" class=\"so-panel widget widget_sow-editor panel-first-child panel-last-child widgetopts-SO\" data-index=\"5\" ><div style=\"text-align: left;\" data-title-color=\"#443f3f\" data-headings-color=\"#443f3f\" class=\"panel-widget-style panel-widget-style-for-5183-3-2-0\" ><div\n\t\t\t\n\t\t\tclass=\"so-widget-sow-editor so-widget-sow-editor-base\"\n\t\t\t\n\t\t>\n<div class=\"siteorigin-widget-tinymce textwidget\">\n\t<p><img loading=\"lazy\" decoding=\"async\" class=\"alignleft wp-image-3351 size-full\" src=\"https:\/\/convergent-it.com\/wp-content\/uploads\/2017\/07\/Offline_Programming2.jpg\" alt=\"Robot YASKAWA che dipingono con tracciamento della linea - pi\u00f9 velocemente programmato con software di programmazione offline robot\" width=\"335\" height=\"180\" srcset=\"https:\/\/convergent-it.com\/wp-content\/uploads\/2017\/07\/Offline_Programming2.jpg 335w, https:\/\/convergent-it.com\/wp-content\/uploads\/2017\/07\/Offline_Programming2-300x161.jpg 300w\" sizes=\"auto, (max-width: 335px) 100vw, 335px\" \/><\/p>\n<p><span style=\"font-size: 14px;\">Esempio per la programmazione offline robot pi\u00f9 veloce dell'applicazione di rivestimento in polvere e-statica con line-tracking.<\/span><\/p>\n<p><img loading=\"lazy\" decoding=\"async\" class=\"alignleft wp-image-3382 size-full\" src=\"https:\/\/convergent-it.com\/wp-content\/uploads\/2017\/07\/Robot_car_grinding.jpg\" alt=\"leviera per auto multirobot - utilizzando un software di programmazione offline - per robot FANUC\" width=\"335\" height=\"180\" \/><\/p>\n<p><span style=\"font-size: 14px;\">Esempio per l'ottimizzazione del layout cellulare e la programmazione robot offline e la cellula robot robotica realizzata.<\/span><\/p>\n<\/div>\n<\/div><\/div><\/div><\/div><\/div><\/div><div id=\"pg-5183-4\"  class=\"panel-grid panel-has-style\" ><div class=\"siteorigin-panels-stretch panel-row-style panel-row-style-for-5183-4\" style=\"padding: 0px 0; \" data-stretch-type=\"full\" data-overlay=\"true\" data-overlay-color=\"#000000\" ><div id=\"pgc-5183-4-0\"  class=\"panel-grid-cell\" ><div id=\"panel-5183-4-0-0\" class=\"so-panel widget widget_sow-editor panel-first-child panel-last-child widgetopts-SO\" data-index=\"6\" ><div style=\"text-align: left;\" data-title-color=\"#443f3f\" data-headings-color=\"#443f3f\" class=\"panel-widget-style panel-widget-style-for-5183-4-0-0\" ><div\n\t\t\t\n\t\t\tclass=\"so-widget-sow-editor so-widget-sow-editor-base\"\n\t\t\t\n\t\t>\n<div class=\"siteorigin-widget-tinymce textwidget\">\n\t<p style=\"text-align: left;\">Principali funzioni software del pacchetto OLP:<\/p>\n<ol>\n<li style=\"text-align: left;\">Pianificazione semiautomatica dei processi<\/li>\n<li style=\"text-align: left;\">Simulazione di processo incorporata come criterio per l'ottimizzazione<\/li>\n<li style=\"text-align: left;\">Conoscenza del processo formalizzata<\/li>\n<li style=\"text-align: left;\">Pianificazione automatica del movimento dei robot senza collisioni<\/li>\n<li style=\"text-align: left;\">Generazione automatica di codice programma per robot<\/li>\n<\/ol>\n<p>Formati supportati: JT, STEP, IGES, STL, CAM e altro ancora<\/p>\n<\/div>\n<\/div><\/div><\/div><\/div><div id=\"pgc-5183-4-1\"  class=\"panel-grid-cell\" ><div id=\"panel-5183-4-1-0\" class=\"so-panel widget widget_sow-editor panel-first-child panel-last-child widgetopts-SO\" data-index=\"7\" ><div style=\"text-align: left;\" data-title-color=\"#443f3f\" data-headings-color=\"#443f3f\" class=\"panel-widget-style panel-widget-style-for-5183-4-1-0\" ><div\n\t\t\t\n\t\t\tclass=\"so-widget-sow-editor so-widget-sow-editor-base\"\n\t\t\t\n\t\t>\n<div class=\"siteorigin-widget-tinymce textwidget\">\n\t<p style=\"text-align: left;\">APPROCCIO: programmazione veloce del robot offline tramite:<\/p>\n<ol>\n<li style=\"text-align: left;\">Definizione dei percorsi utensile: interattiva, automatica, basata su CAM<\/li>\n<li style=\"text-align: left;\">Simulazione del processo e ottimizzazione dei percorsi<\/li>\n<li style=\"text-align: left;\">Pianificazione del movimento del robot senza collisioni con<\/li>\n<li style=\"text-align: left;\">Ottimizzazione automatica delle sequenze e degli assi di movimentazione ausiliari<\/li>\n<li style=\"text-align: left;\">Upload del programma generato direttamente nel controllore del robot<\/li>\n<\/ol>\n<\/div>\n<\/div><\/div><\/div><\/div><div id=\"pgc-5183-4-2\"  class=\"panel-grid-cell\" ><div id=\"panel-5183-4-2-0\" class=\"so-panel widget widget_sow-editor panel-first-child panel-last-child widgetopts-SO\" data-index=\"8\" ><div style=\"text-align: left;\" data-title-color=\"#443f3f\" data-headings-color=\"#443f3f\" class=\"panel-widget-style panel-widget-style-for-5183-4-2-0\" ><div\n\t\t\t\n\t\t\tclass=\"so-widget-sow-editor so-widget-sow-editor-base\"\n\t\t\t\n\t\t>\n<div class=\"siteorigin-widget-tinymce textwidget\">\n\t<p>PROCESSI SUPPORTATI:<\/p>\n<ul>\n<li>Levigatura, lucidatura<\/li>\n<li>Pulizia (tramite spazzole)<\/li>\n<li>Attivazione termica di superfici<\/li>\n<li>Sabbiatura<\/li>\n<li>Pulizia (wet e CO2)<\/li>\n<li>Asciugamento<\/li>\n<li>Incollaggio<\/li>\n<li>Ispezione, controllo qualit\u00e0<\/li>\n<li>Misurazione, metrologia<\/li>\n<li>Sbavatura<\/li>\n<li>Fresatura<\/li>\n<li>Produzione additiva<\/li>\n<\/ul>\n<p><a href=\"https:\/\/convergent-it.com\/wp-content\/uploads\/2018\/04\/AutomAAPPPS-OLP-2016-robot-offline-programming-en.zip\"><span style=\"text-decoration: underline;\"><strong>Scarica il volantino<\/strong><\/span><\/a> per il software di programmazione offline di robot.<\/p>\n<\/div>\n<\/div><\/div><\/div><\/div><\/div><\/div><div id=\"pg-5183-5\"  class=\"panel-grid panel-has-style\" ><div style=\"padding: 100px 0; \" data-overlay=\"true\" data-overlay-color=\"#000000\" class=\"panel-row-style panel-row-style-for-5183-5\" ><div id=\"pgc-5183-5-0\"  class=\"panel-grid-cell\" ><div id=\"panel-5183-5-0-0\" class=\"so-panel widget widget_sow-editor panel-first-child panel-last-child widgetopts-SO\" data-index=\"9\" ><div style=\"text-align: left;\" data-title-color=\"#443f3f\" data-headings-color=\"#443f3f\" class=\"panel-widget-style panel-widget-style-for-5183-5-0-0\" ><div\n\t\t\t\n\t\t\tclass=\"so-widget-sow-editor so-widget-sow-editor-base\"\n\t\t\t\n\t\t>\n<div class=\"siteorigin-widget-tinymce textwidget\">\n\t<p style=\"text-align: left;\">AUTOMAPPPS OLP si \u00e8 dimostrato efficiente in termini di costi e risparmio di tempo. Anche in casi in cui altri software di programmazione offline di robot non erano applicabili o improponibili da un punto di vista economico. Le nostre storie di successo includono<\/p>\n<ul>\n<li style=\"text-align: left;\">programmazione offline di robot per parti complesse, di grandi dimensioni e con innumerevoli varianti.<\/li>\n<li style=\"text-align: left;\">programmazione di robot con line-tracking in cui i robot dovevano essere programmati per operare tra catene di sostegno delle parti mentre le parti si muovevano. Con il software di programmazione e simulazione AUTOMAPPPS, la cella deve essere fermata per 1 ora per determinare la posa esatta della parte \u2013 mentre prima erano necessari giorni di programmazione per ottenere lo stesso risultato.<\/li>\n<li style=\"text-align: left;\">\u2022 Ottimizzazione del layout della cella robotica programmazione offline di pi\u00f9 robot in celle molto strette (brown-field) con solo millimetri di spazio disponibile.<\/li>\n<li style=\"text-align: left;\">Simulazione e programmazione di robot per applicazioni di pulizia in cui il risultato del processo (cio\u00e8 la rimozione della polvere, ecc.) \u00e8 stato previsto in modo molto accurato tramite simulazione, evitando\/riducendo costose fasi di test.<\/li>\n<\/ul>\n<p>Siamo particolarmente orgogliosi del fatto che nella maggior parte dei casi in cui viene utilizzato il software di programmazione di robot offline AUTOMAPPPS, viene utilizzato dal personale di produzione stesso. Non da esperti di OLP. Dopo un po' di formazione con il software, non solo gli esperti OLP sono in grado di padroneggiare la programmazione di robot offline. Piuttosto tutti possono programmare i robot. Inoltre gli utenti sono messi in grado di affrontare anche compiti molto complessi in modo molto efficiente.<\/p>\n<p>La tua applicazione robotica \u00e8 supportata in modo ottimale dalla simulazione di processo e dalla simulazione di robot del nostro OLP? <a href=\"https:\/\/convergent-it.com\/robot-programming-demo\/\"><span style=\"text-decoration: underline;\"><strong>Richiedi una demo<\/strong><\/span><\/a> !<\/p>\n<p>Allo stato attuale, AUTOMAPPPS OLP supporta 20 produttori di robot.<\/p>\n<\/div>\n<\/div><\/div><\/div><\/div><\/div><\/div><\/div>","protected":false},"excerpt":{"rendered":"<p>AUTOMAPPPS &#8211; OLP: Programmazione offline robot pi\u00f9 veloce AUTOMAPPPS OLP \u00e8 lo strumento SW ideale per programmare robot offline in modo pi\u00f9 [&hellip;]<\/p>\n","protected":false},"author":2,"featured_media":0,"parent":0,"menu_order":0,"comment_status":"closed","ping_status":"closed","template":"page-templates\/page_front-page.php","meta":{"footnotes":""},"class_list":["post-5183","page","type-page","status-publish","hentry"],"yoast_head":"<!-- This site is optimized with the Yoast SEO plugin v26.6 - https:\/\/yoast.com\/wordpress\/plugins\/seo\/ -->\n<title>Software di programmazione offline robot. veloce e automatico.<\/title>\n<meta name=\"description\" content=\"AUTOMAPPPS robot offline programmi software di programmazione pi\u00f9 veloce, pi\u00f9 facile, pi\u00f9 automatico, w. qualit\u00e0 superiore, meno test. Per il tracciamento delle linee, celle multirobot, lotsize 1,..\" \/>\n<meta name=\"robots\" content=\"index, follow, max-snippet:-1, max-image-preview:large, max-video-preview:-1\" \/>\n<link rel=\"canonical\" href=\"https:\/\/convergent-it.com\/it\/programmazione-offline-robot\/\" \/>\n<meta property=\"og:locale\" content=\"it_IT\" \/>\n<meta property=\"og:type\" content=\"article\" \/>\n<meta property=\"og:title\" content=\"Software di programmazione offline robot. veloce e automatico.\" \/>\n<meta property=\"og:description\" content=\"AUTOMAPPPS robot offline programmi software di programmazione pi\u00f9 veloce, pi\u00f9 facile, pi\u00f9 automatico, w. qualit\u00e0 superiore, meno test. Per il tracciamento delle linee, celle multirobot, lotsize 1,..\" \/>\n<meta property=\"og:url\" content=\"https:\/\/convergent-it.com\/it\/programmazione-offline-robot\/\" \/>\n<meta property=\"og:site_name\" content=\"Convergent Information Technologies\" \/>\n<meta property=\"article:publisher\" content=\"https:\/\/www.facebook.com\/Convergent-Information-Technologies-GmbH-313223429088033\/\" \/>\n<meta property=\"article:modified_time\" content=\"2022-11-18T14:00:50+00:00\" \/>\n<meta property=\"og:image\" content=\"https:\/\/convergent-it.com\/wp-content\/uploads\/2017\/07\/Offline_Programming2.jpg\" \/>\n<meta name=\"twitter:card\" content=\"summary_large_image\" \/>\n<meta name=\"twitter:label1\" content=\"Tempo di lettura stimato\" \/>\n\t<meta name=\"twitter:data1\" content=\"4 minuti\" \/>\n<script type=\"application\/ld+json\" class=\"yoast-schema-graph\">{\"@context\":\"https:\/\/schema.org\",\"@graph\":[{\"@type\":\"WebPage\",\"@id\":\"https:\/\/convergent-it.com\/it\/programmazione-offline-robot\/\",\"url\":\"https:\/\/convergent-it.com\/it\/programmazione-offline-robot\/\",\"name\":\"Software di programmazione offline robot. veloce e automatico.\",\"isPartOf\":{\"@id\":\"https:\/\/convergent-it.com\/it\/#website\"},\"primaryImageOfPage\":{\"@id\":\"https:\/\/convergent-it.com\/it\/programmazione-offline-robot\/#primaryimage\"},\"image\":{\"@id\":\"https:\/\/convergent-it.com\/it\/programmazione-offline-robot\/#primaryimage\"},\"thumbnailUrl\":\"https:\/\/convergent-it.com\/wp-content\/uploads\/2017\/07\/Offline_Programming2.jpg\",\"datePublished\":\"2019-09-10T16:59:57+00:00\",\"dateModified\":\"2022-11-18T14:00:50+00:00\",\"description\":\"AUTOMAPPPS robot offline programmi software di programmazione pi\u00f9 veloce, pi\u00f9 facile, pi\u00f9 automatico, w. qualit\u00e0 superiore, meno test. Per il tracciamento delle linee, celle multirobot, lotsize 1,..\",\"breadcrumb\":{\"@id\":\"https:\/\/convergent-it.com\/it\/programmazione-offline-robot\/#breadcrumb\"},\"inLanguage\":\"it-IT\",\"potentialAction\":[{\"@type\":\"ReadAction\",\"target\":[\"https:\/\/convergent-it.com\/it\/programmazione-offline-robot\/\"]}]},{\"@type\":\"ImageObject\",\"inLanguage\":\"it-IT\",\"@id\":\"https:\/\/convergent-it.com\/it\/programmazione-offline-robot\/#primaryimage\",\"url\":\"https:\/\/convergent-it.com\/wp-content\/uploads\/2017\/07\/Offline_Programming2.jpg\",\"contentUrl\":\"https:\/\/convergent-it.com\/wp-content\/uploads\/2017\/07\/Offline_Programming2.jpg\"},{\"@type\":\"BreadcrumbList\",\"@id\":\"https:\/\/convergent-it.com\/it\/programmazione-offline-robot\/#breadcrumb\",\"itemListElement\":[{\"@type\":\"ListItem\",\"position\":1,\"name\":\"Home\",\"item\":\"https:\/\/convergent-it.com\/it\/\"},{\"@type\":\"ListItem\",\"position\":2,\"name\":\"Programmazione offline robot\"}]},{\"@type\":\"WebSite\",\"@id\":\"https:\/\/convergent-it.com\/it\/#website\",\"url\":\"https:\/\/convergent-it.com\/it\/\",\"name\":\"Convergent Information Technologies\",\"description\":\"\",\"publisher\":{\"@id\":\"https:\/\/convergent-it.com\/it\/#organization\"},\"potentialAction\":[{\"@type\":\"SearchAction\",\"target\":{\"@type\":\"EntryPoint\",\"urlTemplate\":\"https:\/\/convergent-it.com\/it\/?s={search_term_string}\"},\"query-input\":{\"@type\":\"PropertyValueSpecification\",\"valueRequired\":true,\"valueName\":\"search_term_string\"}}],\"inLanguage\":\"it-IT\"},{\"@type\":\"Organization\",\"@id\":\"https:\/\/convergent-it.com\/it\/#organization\",\"name\":\"Convergent Information Technologies GmbH\",\"url\":\"https:\/\/convergent-it.com\/it\/\",\"logo\":{\"@type\":\"ImageObject\",\"inLanguage\":\"it-IT\",\"@id\":\"https:\/\/convergent-it.com\/it\/#\/schema\/logo\/image\/\",\"url\":\"https:\/\/convergent-it.com\/wp-content\/uploads\/2017\/05\/CIT-logo-small.jpg\",\"contentUrl\":\"https:\/\/convergent-it.com\/wp-content\/uploads\/2017\/05\/CIT-logo-small.jpg\",\"width\":158,\"height\":70,\"caption\":\"Convergent Information Technologies GmbH\"},\"image\":{\"@id\":\"https:\/\/convergent-it.com\/it\/#\/schema\/logo\/image\/\"},\"sameAs\":[\"https:\/\/www.facebook.com\/Convergent-Information-Technologies-GmbH-313223429088033\/\",\"https:\/\/www.linkedin.com\/company\/convergent-information-technologies-gmbh\",\"https:\/\/www.youtube.com\/channel\/UCTUjIWi0G5KnOLnZRC_cmVA\"]}]}<\/script>\n<!-- \/ Yoast SEO plugin. -->","yoast_head_json":{"title":"Software di programmazione offline robot. veloce e automatico.","description":"AUTOMAPPPS robot offline programmi software di programmazione pi\u00f9 veloce, pi\u00f9 facile, pi\u00f9 automatico, w. qualit\u00e0 superiore, meno test. Per il tracciamento delle linee, celle multirobot, lotsize 1,..","robots":{"index":"index","follow":"follow","max-snippet":"max-snippet:-1","max-image-preview":"max-image-preview:large","max-video-preview":"max-video-preview:-1"},"canonical":"https:\/\/convergent-it.com\/it\/programmazione-offline-robot\/","og_locale":"it_IT","og_type":"article","og_title":"Software di programmazione offline robot. veloce e automatico.","og_description":"AUTOMAPPPS robot offline programmi software di programmazione pi\u00f9 veloce, pi\u00f9 facile, pi\u00f9 automatico, w. qualit\u00e0 superiore, meno test. Per il tracciamento delle linee, celle multirobot, lotsize 1,..","og_url":"https:\/\/convergent-it.com\/it\/programmazione-offline-robot\/","og_site_name":"Convergent Information Technologies","article_publisher":"https:\/\/www.facebook.com\/Convergent-Information-Technologies-GmbH-313223429088033\/","article_modified_time":"2022-11-18T14:00:50+00:00","og_image":[{"url":"https:\/\/convergent-it.com\/wp-content\/uploads\/2017\/07\/Offline_Programming2.jpg","type":"","width":"","height":""}],"twitter_card":"summary_large_image","twitter_misc":{"Tempo di lettura stimato":"4 minuti"},"schema":{"@context":"https:\/\/schema.org","@graph":[{"@type":"WebPage","@id":"https:\/\/convergent-it.com\/it\/programmazione-offline-robot\/","url":"https:\/\/convergent-it.com\/it\/programmazione-offline-robot\/","name":"Software di programmazione offline robot. veloce e automatico.","isPartOf":{"@id":"https:\/\/convergent-it.com\/it\/#website"},"primaryImageOfPage":{"@id":"https:\/\/convergent-it.com\/it\/programmazione-offline-robot\/#primaryimage"},"image":{"@id":"https:\/\/convergent-it.com\/it\/programmazione-offline-robot\/#primaryimage"},"thumbnailUrl":"https:\/\/convergent-it.com\/wp-content\/uploads\/2017\/07\/Offline_Programming2.jpg","datePublished":"2019-09-10T16:59:57+00:00","dateModified":"2022-11-18T14:00:50+00:00","description":"AUTOMAPPPS robot offline programmi software di programmazione pi\u00f9 veloce, pi\u00f9 facile, pi\u00f9 automatico, w. qualit\u00e0 superiore, meno test. Per il tracciamento delle linee, celle multirobot, lotsize 1,..","breadcrumb":{"@id":"https:\/\/convergent-it.com\/it\/programmazione-offline-robot\/#breadcrumb"},"inLanguage":"it-IT","potentialAction":[{"@type":"ReadAction","target":["https:\/\/convergent-it.com\/it\/programmazione-offline-robot\/"]}]},{"@type":"ImageObject","inLanguage":"it-IT","@id":"https:\/\/convergent-it.com\/it\/programmazione-offline-robot\/#primaryimage","url":"https:\/\/convergent-it.com\/wp-content\/uploads\/2017\/07\/Offline_Programming2.jpg","contentUrl":"https:\/\/convergent-it.com\/wp-content\/uploads\/2017\/07\/Offline_Programming2.jpg"},{"@type":"BreadcrumbList","@id":"https:\/\/convergent-it.com\/it\/programmazione-offline-robot\/#breadcrumb","itemListElement":[{"@type":"ListItem","position":1,"name":"Home","item":"https:\/\/convergent-it.com\/it\/"},{"@type":"ListItem","position":2,"name":"Programmazione offline robot"}]},{"@type":"WebSite","@id":"https:\/\/convergent-it.com\/it\/#website","url":"https:\/\/convergent-it.com\/it\/","name":"Convergent Information Technologies","description":"","publisher":{"@id":"https:\/\/convergent-it.com\/it\/#organization"},"potentialAction":[{"@type":"SearchAction","target":{"@type":"EntryPoint","urlTemplate":"https:\/\/convergent-it.com\/it\/?s={search_term_string}"},"query-input":{"@type":"PropertyValueSpecification","valueRequired":true,"valueName":"search_term_string"}}],"inLanguage":"it-IT"},{"@type":"Organization","@id":"https:\/\/convergent-it.com\/it\/#organization","name":"Convergent Information Technologies GmbH","url":"https:\/\/convergent-it.com\/it\/","logo":{"@type":"ImageObject","inLanguage":"it-IT","@id":"https:\/\/convergent-it.com\/it\/#\/schema\/logo\/image\/","url":"https:\/\/convergent-it.com\/wp-content\/uploads\/2017\/05\/CIT-logo-small.jpg","contentUrl":"https:\/\/convergent-it.com\/wp-content\/uploads\/2017\/05\/CIT-logo-small.jpg","width":158,"height":70,"caption":"Convergent Information Technologies GmbH"},"image":{"@id":"https:\/\/convergent-it.com\/it\/#\/schema\/logo\/image\/"},"sameAs":["https:\/\/www.facebook.com\/Convergent-Information-Technologies-GmbH-313223429088033\/","https:\/\/www.linkedin.com\/company\/convergent-information-technologies-gmbh","https:\/\/www.youtube.com\/channel\/UCTUjIWi0G5KnOLnZRC_cmVA"]}]}},"_links":{"self":[{"href":"https:\/\/convergent-it.com\/it\/wp-json\/wp\/v2\/pages\/5183","targetHints":{"allow":["GET"]}}],"collection":[{"href":"https:\/\/convergent-it.com\/it\/wp-json\/wp\/v2\/pages"}],"about":[{"href":"https:\/\/convergent-it.com\/it\/wp-json\/wp\/v2\/types\/page"}],"author":[{"embeddable":true,"href":"https:\/\/convergent-it.com\/it\/wp-json\/wp\/v2\/users\/2"}],"replies":[{"embeddable":true,"href":"https:\/\/convergent-it.com\/it\/wp-json\/wp\/v2\/comments?post=5183"}],"version-history":[{"count":1,"href":"https:\/\/convergent-it.com\/it\/wp-json\/wp\/v2\/pages\/5183\/revisions"}],"predecessor-version":[{"id":6629,"href":"https:\/\/convergent-it.com\/it\/wp-json\/wp\/v2\/pages\/5183\/revisions\/6629"}],"wp:attachment":[{"href":"https:\/\/convergent-it.com\/it\/wp-json\/wp\/v2\/media?parent=5183"}],"curies":[{"name":"wp","href":"https:\/\/api.w.org\/{rel}","templated":true}]}}