{"id":6504,"date":"2022-03-09T19:34:11","date_gmt":"2022-03-09T19:34:11","guid":{"rendered":"http:\/\/convergent-it.com\/lackreparatur-spot-repair-mit-robotern\/"},"modified":"2025-11-02T13:24:15","modified_gmt":"2025-11-02T12:24:15","slug":"lackreparatur-spot-repair-mit-robotern","status":"publish","type":"page","link":"https:\/\/convergent-it.com\/de\/lackreparatur-spot-repair-mit-robotern\/","title":{"rendered":"Lackreparatur \/ Spot Repair mit Robotern"},"content":{"rendered":"<div id=\"pl-6504\"  class=\"panel-layout\" ><div id=\"pg-6504-0\"  class=\"panel-grid panel-has-style\" ><div class=\"siteorigin-panels-stretch panel-row-style panel-row-style-for-6504-0\" style=\"padding: 0px 0; \" data-stretch-type=\"full\" data-overlay=\"true\" data-overlay-color=\"#000000\" ><div id=\"pgc-6504-0-0\"  class=\"panel-grid-cell\" ><div id=\"panel-6504-0-0-0\" class=\"so-panel widget widget_sow-editor panel-first-child panel-last-child widgetopts-SO\" data-index=\"0\" ><div style=\"text-align: left;\" data-title-color=\"#443f3f\" data-headings-color=\"#443f3f\" class=\"panel-widget-style panel-widget-style-for-6504-0-0-0\" ><div\n\t\t\t\n\t\t\tclass=\"so-widget-sow-editor so-widget-sow-editor-base\"\n\t\t\t\n\t\t>\n<div class=\"siteorigin-widget-tinymce textwidget\">\n\t<h1 style=\"text-align: center;\"><span style=\"font-size: 16pt;\"><strong>Automatische Lackreparatur \/ Oberfl\u00e4chenreparatur mit Robotern:<br \/>\n<\/strong><\/span><\/h1>\n<h1><strong><span style=\"font-size: 16pt;\">AUTOMAPPPS - spot repair<\/span> <\/strong><\/h1>\n<h1 style=\"text-align: center;\"><\/h1>\n<\/div>\n<\/div><\/div><\/div><\/div><\/div><\/div><div id=\"pg-6504-1\"  class=\"panel-grid panel-has-style\" ><div class=\"siteorigin-panels-stretch panel-row-style panel-row-style-for-6504-1\" style=\"padding: 0px 0; \" data-stretch-type=\"full\" data-overlay=\"true\" data-overlay-color=\"#000000\" ><div id=\"pgc-6504-1-0\"  class=\"panel-grid-cell\" ><div id=\"panel-6504-1-0-0\" class=\"so-panel widget widget_sow-editor panel-first-child panel-last-child widgetopts-SO\" data-index=\"1\" ><div style=\"text-align: left;\" data-title-color=\"#443f3f\" data-headings-color=\"#443f3f\" class=\"panel-widget-style panel-widget-style-for-6504-1-0-0\" ><div\n\t\t\t\n\t\t\tclass=\"so-widget-sow-editor so-widget-sow-editor-base\"\n\t\t\t\n\t\t>\n<div class=\"siteorigin-widget-tinymce textwidget\">\n\t<p>Als die Pioniere im Planen der Lackreparatur bieten wir bew\u00e4hrte Software und jahrelange Fabrikerfahrung in der Lackreparatur \/ Spot-Reparatur mit Robotern - in \u00fcberlegener Qualit\u00e4t und f\u00fcr vollst\u00e4ndiger bearbeitete Oberfl\u00e4chen.<\/p>\n<p style=\"text-align: center;\"><a class=\"maxbutton-13 maxbutton maxbutton-contact-english\" title=\"send an email\" href=\"mailto:demo@convergent-it.at\"><span class='mb-text'>CONTACT US<\/span><\/a><\/p>\n<\/div>\n<\/div><\/div><\/div><\/div><\/div><\/div><div id=\"pg-6504-2\"  class=\"panel-grid panel-has-style\" ><div class=\"siteorigin-panels-stretch panel-row-style panel-row-style-for-6504-2\" style=\"padding: 0px 0; \" data-stretch-type=\"full\" data-overlay=\"true\" data-overlay-color=\"#000000\" ><div id=\"pgc-6504-2-0\"  class=\"panel-grid-cell\" ><div id=\"panel-6504-2-0-0\" class=\"so-panel widget widget_sow-editor panel-first-child panel-last-child widgetopts-SO\" data-index=\"2\" ><div style=\"text-align: left;\" data-title-color=\"#443f3f\" data-headings-color=\"#443f3f\" class=\"panel-widget-style panel-widget-style-for-6504-2-0-0\" ><div\n\t\t\t\n\t\t\tclass=\"so-widget-sow-editor so-widget-sow-editor-base\"\n\t\t\t\n\t\t>\n<div class=\"siteorigin-widget-tinymce textwidget\">\n\t<p><strong>VORTEILE:<\/strong><\/p>\n<\/div>\n<\/div><\/div><\/div><\/div><\/div><\/div><div id=\"pg-6504-3\"  class=\"panel-grid panel-has-style\" ><div class=\"siteorigin-panels-stretch panel-row-style panel-row-style-for-6504-3\" style=\"padding: 0px 0; \" data-stretch-type=\"full\" data-overlay=\"true\" data-overlay-color=\"#000000\" ><div id=\"pgc-6504-3-0\"  class=\"panel-grid-cell\" ><div id=\"panel-6504-3-0-0\" class=\"so-panel widget widget_sow-editor panel-first-child panel-last-child widgetopts-SO\" data-index=\"3\" ><div style=\"text-align: left;\" data-title-color=\"#443f3f\" data-headings-color=\"#443f3f\" class=\"panel-widget-style panel-widget-style-for-6504-3-0-0\" ><div\n\t\t\t\n\t\t\tclass=\"so-widget-sow-editor so-widget-sow-editor-base\"\n\t\t\t\n\t\t>\n<div class=\"siteorigin-widget-tinymce textwidget\">\n\t<p><strong>\u00dcberlegene Qualit\u00e4t<\/strong><\/p>\n<ul>\n<li>Fabrikerprobte Spot-Repair Planungssoftware<\/li>\n<li>Jahrelange Erfahrung in Qualit\u00e4tsoptimierung<\/li>\n<li>Optimiert an Dutzenden von Robotern<\/li>\n<\/ul>\n<p><strong>H\u00f6here Abdeckung \/ besserer ROI<br \/>\n<\/strong><\/p>\n<ul>\n<li>Automat. Behandlung komplexer Formen<\/li>\n<li>Bearbeitet Lackfehler an und auf Kanten<\/li>\n<\/ul>\n<p><strong>Breite Anwendbarkeit<br \/>\n<\/strong><\/p>\n<ul>\n<li>Installiert mit verschiedenen aktiven Tools<\/li>\n<li>Verschiedene Inspektionssensoren werden unterst\u00fctzt<\/li>\n<li>Unterst\u00fctzung verschiedener Roboterhersteller<\/li>\n<li>Bew\u00e4hrt auf Metall und Kunststoff<\/li>\n<\/ul>\n<\/div>\n<\/div><\/div><\/div><\/div><div id=\"pgc-6504-3-1\"  class=\"panel-grid-cell\" ><div id=\"panel-6504-3-1-0\" class=\"so-panel widget widget_sow-editor panel-first-child panel-last-child widgetopts-SO\" data-index=\"4\" ><div style=\"text-align: left;\" data-title-color=\"#443f3f\" data-headings-color=\"#443f3f\" class=\"panel-widget-style panel-widget-style-for-6504-3-1-0\" ><div\n\t\t\t\n\t\t\tclass=\"so-widget-sow-editor so-widget-sow-editor-base\"\n\t\t\t\n\t\t>\n<div class=\"siteorigin-widget-tinymce textwidget\">\n\t<p><strong>Schneller, sicherer Hochlauf:<\/strong><\/p>\n<ul>\n<li>Vollst\u00e4ndige Toolkette f\u00fcr online und offline<\/li>\n<li>Verbessert w\u00e4hrend vieler Installationen<\/li>\n<li>Simulationsunterst\u00fctzung<\/li>\n<li>Visualisierungsunterst\u00fctzung<\/li>\n<li>Analyse- und Remote-Optimierungsunterst\u00fctzung<\/li>\n<li>Plus Jahre mehr Erfahrung<\/li>\n<\/ul>\n<p><strong>Kosteneffizient:<br \/>\n<\/strong><\/p>\n<ul>\n<li>H\u00f6here OOE, schnellere Inbetriebnahme<\/li>\n<li>H\u00f6here Effizienz<\/li>\n<li>Schnelle Reparatur<\/li>\n<\/ul>\n<\/div>\n<\/div><\/div><\/div><\/div><div id=\"pgc-6504-3-2\"  class=\"panel-grid-cell\" ><div id=\"panel-6504-3-2-0\" class=\"so-panel widget widget_sow-editor panel-first-child panel-last-child widgetopts-SO\" data-index=\"5\" ><div style=\"text-align: left;\" data-title-color=\"#443f3f\" data-headings-color=\"#443f3f\" class=\"panel-widget-style panel-widget-style-for-6504-3-2-0\" ><div\n\t\t\t\n\t\t\tclass=\"so-widget-sow-editor so-widget-sow-editor-base\"\n\t\t\t\n\t\t>\n<div class=\"siteorigin-widget-tinymce textwidget\">\n\t<p><img loading=\"lazy\" decoding=\"async\" class=\"alignleft wp-image-2484 size-full\" src=\"https:\/\/convergent-it.com\/wp-content\/uploads\/2022\/03\/Surface_Repair_Robot_1.jpg\" alt=\"automatisierte Planung von Reparatur und Defekt Behandlung mit Robotern\" width=\"335\" height=\"150\"\/> <\/p>\n<p style=\"text-align: left; font-size: 12px; line-height: 18px;\"> Scannen schleifen polieren. Bild mit freundlicher Genehmigung und ACCEL GmbH \u00d6sterreich<\/p>\n<p>\u00a0<\/p>\n<p><img loading=\"lazy\" decoding=\"async\" class=\"alignleft wp-image-2485 size-full\" src=\"https:\/\/convergent-it.com\/wp-content\/uploads\/2022\/03\/Robot_Paint_Repair_1-1.jpg\" width=\"335\" height=\"150\"\/><\/p>\n<p style=\"text-align: left; font-size: 12px; line-height: 18px;\">Mehr als ein Jahrzehnt Lackreparaturplanung f\u00fcr Multi-Roboter-Zellen<\/p>\n<\/div>\n<\/div><\/div><\/div><\/div><\/div><\/div><div id=\"pg-6504-4\"  class=\"panel-grid panel-has-style\" ><div class=\"siteorigin-panels-stretch panel-row-style panel-row-style-for-6504-4\" style=\"padding: 0px 0; \" data-stretch-type=\"full\" data-overlay=\"true\" data-overlay-color=\"#000000\" ><div id=\"pgc-6504-4-0\"  class=\"panel-grid-cell\" ><div id=\"panel-6504-4-0-0\" class=\"so-panel widget widget_sow-editor panel-first-child panel-last-child widgetopts-SO\" data-index=\"6\" ><div style=\"text-align: left;\" data-title-color=\"#443f3f\" data-headings-color=\"#443f3f\" class=\"panel-widget-style panel-widget-style-for-6504-4-0-0\" ><div\n\t\t\t\n\t\t\tclass=\"so-widget-sow-editor so-widget-sow-editor-base\"\n\t\t\t\n\t\t>\n<div class=\"siteorigin-widget-tinymce textwidget\">\n\t<p>ANSATZ:<\/p>\n<ol>\n<li>Ein- und mehrstufige und Multi-Roboter-Planung<\/li>\n<li>Reaktive Lackreparaturplanung<\/li>\n<li>Riehenfolgeplanung<\/li>\n<li>Schnelle Roboterbewegungsplanung<\/li>\n<li>Automatisierte Kollisionsvermeidung f\u00fcr mehrere Robotern<\/li>\n<li>Automatisierte Robotercode-Generierung<\/li>\n<li>Echtzeitrobotik-f\u00e4hig<\/li>\n<\/ol>\n<p>\u00dcberlegene Lackqualit\u00e4t \/ Reparaturqualit\u00e4t.<\/p>\n<\/div>\n<\/div><\/div><\/div><\/div><div id=\"pgc-6504-4-1\"  class=\"panel-grid-cell\" ><div id=\"panel-6504-4-1-0\" class=\"so-panel widget widget_sow-editor panel-first-child panel-last-child widgetopts-SO\" data-index=\"7\" ><div style=\"text-align: left;\" data-title-color=\"#443f3f\" data-headings-color=\"#443f3f\" class=\"panel-widget-style panel-widget-style-for-6504-4-1-0\" ><div\n\t\t\t\n\t\t\tclass=\"so-widget-sow-editor so-widget-sow-editor-base\"\n\t\t\t\n\t\t>\n<div class=\"siteorigin-widget-tinymce textwidget\">\n\t<p>UNTERST\u00dcTZTE PROZESSE<\/p>\n<ul>\n<li>Schleifen (nass)<\/li>\n<li>Schleifen (trocken)<\/li>\n<li>Polieren<\/li>\n<li>Vorbehandlung<\/li>\n<li>Markieren<\/li>\n<\/ul>\n<p><span style=\"text-decoration: underline;\"><strong><a href=\"https:\/\/convergent-it.com\/wp-content\/uploads\/2018\/04\/AUTOMAPPPS-reactive-robot-programming-2016-en.zip\">Laden Sie den Flyer herunter<\/a><\/strong><\/span> f\u00fcr reaktive Online-Roboterprogrammierung \/ Real-time Robotik.<\/p>\n<\/div>\n<\/div><\/div><\/div><\/div><\/div><\/div><div id=\"pg-6504-5\"  class=\"panel-grid panel-has-style\" ><div class=\"siteorigin-panels-stretch panel-row-style panel-row-style-for-6504-5\" style=\"padding: 0px 0; \" data-stretch-type=\"full\" data-overlay=\"true\" data-overlay-color=\"#000000\" ><div id=\"pgc-6504-5-0\"  class=\"panel-grid-cell\" ><div id=\"panel-6504-5-0-0\" class=\"so-panel widget widget_sow-editor panel-first-child panel-last-child widgetopts-SO\" data-index=\"8\" ><div style=\"text-align: left;\" data-title-color=\"#443f3f\" data-headings-color=\"#443f3f\" class=\"panel-widget-style panel-widget-style-for-6504-5-0-0\" ><div\n\t\t\t\n\t\t\tclass=\"so-widget-sow-editor so-widget-sow-editor-base\"\n\t\t\t\n\t\t>\n<div class=\"siteorigin-widget-tinymce textwidget\">\n\t<p>AUTOMAPPPS-Spot Repair hat sich seit Jahren und an vielen Robotern in der und f\u00fcr die Lackreparatur bew\u00e4hrt. Die ersten Eins\u00e4tze in der Fabrik liegen l\u00e4nger als ein Jahrzehnt zur\u00fcck. Diesen langj\u00e4hrigen Vorsprung sp\u00fcren Sie sofort, wenn Sie die Software in Aktion sehen. Mit der Erfahrung aus mehr Installationen und Reparaturen, k\u00f6nnen unsere Schleif-\/Polierexperten Ihnen helfen, Ihr System zu optimieren.<\/p>\n<p>Unsere Toolkette und unterst\u00fctzenden Werkzeuge, die \u00fcber all die Jahre und all diese Eins\u00e4tze entwickelt und optimiert wurden, erlauben es Lackreparatur-projekte mit Robotern schneller zu realisieren.<\/p>\n<\/div>\n<\/div><\/div><\/div><\/div><\/div><\/div><\/div>","protected":false},"excerpt":{"rendered":"<p>Automatische Lackreparatur \/ Oberfl\u00e4chenreparatur mit Robotern: AUTOMAPPPS &#8211; spot repair Als die Pioniere im Planen der Lackreparatur bieten wir bew\u00e4hrte Software und [&hellip;]<\/p>\n","protected":false},"author":3,"featured_media":0,"parent":0,"menu_order":0,"comment_status":"closed","ping_status":"closed","template":"page-templates\/page_front-page.php","meta":{"footnotes":""},"class_list":["post-6504","page","type-page","status-publish","hentry"],"yoast_head":"<!-- This site is optimized with the Yoast SEO plugin v26.6 - https:\/\/yoast.com\/wordpress\/plugins\/seo\/ -->\n<title>Lackreparatur \/ Oberfl\u00e4chenreparatur mit AUTOMAPPPS<\/title>\n<meta name=\"description\" content=\"Automatisiert das Schleifen und Polieren von Defekten auf lackierten oder beschichteten Oberfl\u00e4chen. Repariert sogar Regionen, die besonders schwer zu erreichen und zu behandeln sind.\" \/>\n<meta name=\"robots\" content=\"index, follow, max-snippet:-1, max-image-preview:large, max-video-preview:-1\" \/>\n<link rel=\"canonical\" href=\"https:\/\/convergent-it.com\/de\/lackreparatur-spot-repair-mit-robotern\/\" \/>\n<meta property=\"og:locale\" content=\"de_DE\" \/>\n<meta property=\"og:type\" content=\"article\" \/>\n<meta property=\"og:title\" content=\"Lackreparatur \/ Oberfl\u00e4chenreparatur mit AUTOMAPPPS\" \/>\n<meta property=\"og:description\" content=\"Automatisiert das Schleifen und Polieren von Defekten auf lackierten oder beschichteten Oberfl\u00e4chen. Repariert sogar Regionen, die besonders schwer zu erreichen und zu behandeln sind.\" \/>\n<meta property=\"og:url\" content=\"https:\/\/convergent-it.com\/de\/lackreparatur-spot-repair-mit-robotern\/\" \/>\n<meta property=\"og:site_name\" content=\"Convergent Information Technologies\" \/>\n<meta property=\"article:publisher\" content=\"https:\/\/www.facebook.com\/Convergent-Information-Technologies-GmbH-313223429088033\/\" \/>\n<meta property=\"article:modified_time\" content=\"2025-11-02T12:24:15+00:00\" \/>\n<meta property=\"og:image\" content=\"https:\/\/convergent-it.com\/wp-content\/uploads\/2017\/06\/reactive-robot-spot-repair.jpg\" \/>\n\t<meta property=\"og:image:width\" content=\"335\" \/>\n\t<meta property=\"og:image:height\" content=\"150\" \/>\n\t<meta property=\"og:image:type\" content=\"image\/jpeg\" \/>\n<meta name=\"twitter:card\" content=\"summary_large_image\" \/>\n<meta name=\"twitter:label1\" content=\"Gesch\u00e4tzte Lesezeit\" \/>\n\t<meta name=\"twitter:data1\" content=\"2\u00a0Minuten\" \/>\n<script type=\"application\/ld+json\" class=\"yoast-schema-graph\">{\"@context\":\"https:\/\/schema.org\",\"@graph\":[{\"@type\":\"WebPage\",\"@id\":\"https:\/\/convergent-it.com\/de\/lackreparatur-spot-repair-mit-robotern\/\",\"url\":\"https:\/\/convergent-it.com\/de\/lackreparatur-spot-repair-mit-robotern\/\",\"name\":\"Lackreparatur \/ Oberfl\u00e4chenreparatur mit AUTOMAPPPS\",\"isPartOf\":{\"@id\":\"https:\/\/convergent-it.com\/it\/#website\"},\"primaryImageOfPage\":{\"@id\":\"https:\/\/convergent-it.com\/de\/lackreparatur-spot-repair-mit-robotern\/#primaryimage\"},\"image\":{\"@id\":\"https:\/\/convergent-it.com\/de\/lackreparatur-spot-repair-mit-robotern\/#primaryimage\"},\"thumbnailUrl\":\"https:\/\/convergent-it.com\/wp-content\/uploads\/2022\/03\/Surface_Repair_Robot_1.jpg\",\"datePublished\":\"2022-03-09T19:34:11+00:00\",\"dateModified\":\"2025-11-02T12:24:15+00:00\",\"description\":\"Automatisiert das Schleifen und Polieren von Defekten auf lackierten oder beschichteten Oberfl\u00e4chen. Repariert sogar Regionen, die besonders schwer zu erreichen und zu behandeln sind.\",\"breadcrumb\":{\"@id\":\"https:\/\/convergent-it.com\/de\/lackreparatur-spot-repair-mit-robotern\/#breadcrumb\"},\"inLanguage\":\"de\",\"potentialAction\":[{\"@type\":\"ReadAction\",\"target\":[\"https:\/\/convergent-it.com\/de\/lackreparatur-spot-repair-mit-robotern\/\"]}]},{\"@type\":\"ImageObject\",\"inLanguage\":\"de\",\"@id\":\"https:\/\/convergent-it.com\/de\/lackreparatur-spot-repair-mit-robotern\/#primaryimage\",\"url\":\"https:\/\/convergent-it.com\/wp-content\/uploads\/2022\/03\/Surface_Repair_Robot_1.jpg\",\"contentUrl\":\"https:\/\/convergent-it.com\/wp-content\/uploads\/2022\/03\/Surface_Repair_Robot_1.jpg\"},{\"@type\":\"BreadcrumbList\",\"@id\":\"https:\/\/convergent-it.com\/de\/lackreparatur-spot-repair-mit-robotern\/#breadcrumb\",\"itemListElement\":[{\"@type\":\"ListItem\",\"position\":1,\"name\":\"Home\",\"item\":\"https:\/\/convergent-it.com\/de\/\"},{\"@type\":\"ListItem\",\"position\":2,\"name\":\"Lackreparatur \/ Spot Repair mit Robotern\"}]},{\"@type\":\"WebSite\",\"@id\":\"https:\/\/convergent-it.com\/it\/#website\",\"url\":\"https:\/\/convergent-it.com\/it\/\",\"name\":\"Convergent Information Technologies\",\"description\":\"\",\"publisher\":{\"@id\":\"https:\/\/convergent-it.com\/it\/#organization\"},\"potentialAction\":[{\"@type\":\"SearchAction\",\"target\":{\"@type\":\"EntryPoint\",\"urlTemplate\":\"https:\/\/convergent-it.com\/it\/?s={search_term_string}\"},\"query-input\":{\"@type\":\"PropertyValueSpecification\",\"valueRequired\":true,\"valueName\":\"search_term_string\"}}],\"inLanguage\":\"de\"},{\"@type\":\"Organization\",\"@id\":\"https:\/\/convergent-it.com\/it\/#organization\",\"name\":\"Convergent Information Technologies GmbH\",\"url\":\"https:\/\/convergent-it.com\/it\/\",\"logo\":{\"@type\":\"ImageObject\",\"inLanguage\":\"de\",\"@id\":\"https:\/\/convergent-it.com\/it\/#\/schema\/logo\/image\/\",\"url\":\"https:\/\/convergent-it.com\/wp-content\/uploads\/2017\/05\/CIT-logo-small.jpg\",\"contentUrl\":\"https:\/\/convergent-it.com\/wp-content\/uploads\/2017\/05\/CIT-logo-small.jpg\",\"width\":158,\"height\":70,\"caption\":\"Convergent Information Technologies GmbH\"},\"image\":{\"@id\":\"https:\/\/convergent-it.com\/it\/#\/schema\/logo\/image\/\"},\"sameAs\":[\"https:\/\/www.facebook.com\/Convergent-Information-Technologies-GmbH-313223429088033\/\",\"https:\/\/www.linkedin.com\/company\/convergent-information-technologies-gmbh\",\"https:\/\/www.youtube.com\/channel\/UCTUjIWi0G5KnOLnZRC_cmVA\"]}]}<\/script>\n<!-- \/ Yoast SEO plugin. -->","yoast_head_json":{"title":"Lackreparatur \/ Oberfl\u00e4chenreparatur mit AUTOMAPPPS","description":"Automatisiert das Schleifen und Polieren von Defekten auf lackierten oder beschichteten Oberfl\u00e4chen. Repariert sogar Regionen, die besonders schwer zu erreichen und zu behandeln sind.","robots":{"index":"index","follow":"follow","max-snippet":"max-snippet:-1","max-image-preview":"max-image-preview:large","max-video-preview":"max-video-preview:-1"},"canonical":"https:\/\/convergent-it.com\/de\/lackreparatur-spot-repair-mit-robotern\/","og_locale":"de_DE","og_type":"article","og_title":"Lackreparatur \/ Oberfl\u00e4chenreparatur mit AUTOMAPPPS","og_description":"Automatisiert das Schleifen und Polieren von Defekten auf lackierten oder beschichteten Oberfl\u00e4chen. Repariert sogar Regionen, die besonders schwer zu erreichen und zu behandeln sind.","og_url":"https:\/\/convergent-it.com\/de\/lackreparatur-spot-repair-mit-robotern\/","og_site_name":"Convergent Information Technologies","article_publisher":"https:\/\/www.facebook.com\/Convergent-Information-Technologies-GmbH-313223429088033\/","article_modified_time":"2025-11-02T12:24:15+00:00","og_image":[{"width":335,"height":150,"url":"https:\/\/convergent-it.com\/wp-content\/uploads\/2017\/06\/reactive-robot-spot-repair.jpg","type":"image\/jpeg"}],"twitter_card":"summary_large_image","twitter_misc":{"Gesch\u00e4tzte Lesezeit":"2\u00a0Minuten"},"schema":{"@context":"https:\/\/schema.org","@graph":[{"@type":"WebPage","@id":"https:\/\/convergent-it.com\/de\/lackreparatur-spot-repair-mit-robotern\/","url":"https:\/\/convergent-it.com\/de\/lackreparatur-spot-repair-mit-robotern\/","name":"Lackreparatur \/ Oberfl\u00e4chenreparatur mit AUTOMAPPPS","isPartOf":{"@id":"https:\/\/convergent-it.com\/it\/#website"},"primaryImageOfPage":{"@id":"https:\/\/convergent-it.com\/de\/lackreparatur-spot-repair-mit-robotern\/#primaryimage"},"image":{"@id":"https:\/\/convergent-it.com\/de\/lackreparatur-spot-repair-mit-robotern\/#primaryimage"},"thumbnailUrl":"https:\/\/convergent-it.com\/wp-content\/uploads\/2022\/03\/Surface_Repair_Robot_1.jpg","datePublished":"2022-03-09T19:34:11+00:00","dateModified":"2025-11-02T12:24:15+00:00","description":"Automatisiert das Schleifen und Polieren von Defekten auf lackierten oder beschichteten Oberfl\u00e4chen. Repariert sogar Regionen, die besonders schwer zu erreichen und zu behandeln sind.","breadcrumb":{"@id":"https:\/\/convergent-it.com\/de\/lackreparatur-spot-repair-mit-robotern\/#breadcrumb"},"inLanguage":"de","potentialAction":[{"@type":"ReadAction","target":["https:\/\/convergent-it.com\/de\/lackreparatur-spot-repair-mit-robotern\/"]}]},{"@type":"ImageObject","inLanguage":"de","@id":"https:\/\/convergent-it.com\/de\/lackreparatur-spot-repair-mit-robotern\/#primaryimage","url":"https:\/\/convergent-it.com\/wp-content\/uploads\/2022\/03\/Surface_Repair_Robot_1.jpg","contentUrl":"https:\/\/convergent-it.com\/wp-content\/uploads\/2022\/03\/Surface_Repair_Robot_1.jpg"},{"@type":"BreadcrumbList","@id":"https:\/\/convergent-it.com\/de\/lackreparatur-spot-repair-mit-robotern\/#breadcrumb","itemListElement":[{"@type":"ListItem","position":1,"name":"Home","item":"https:\/\/convergent-it.com\/de\/"},{"@type":"ListItem","position":2,"name":"Lackreparatur \/ Spot Repair mit Robotern"}]},{"@type":"WebSite","@id":"https:\/\/convergent-it.com\/it\/#website","url":"https:\/\/convergent-it.com\/it\/","name":"Convergent Information Technologies","description":"","publisher":{"@id":"https:\/\/convergent-it.com\/it\/#organization"},"potentialAction":[{"@type":"SearchAction","target":{"@type":"EntryPoint","urlTemplate":"https:\/\/convergent-it.com\/it\/?s={search_term_string}"},"query-input":{"@type":"PropertyValueSpecification","valueRequired":true,"valueName":"search_term_string"}}],"inLanguage":"de"},{"@type":"Organization","@id":"https:\/\/convergent-it.com\/it\/#organization","name":"Convergent Information Technologies GmbH","url":"https:\/\/convergent-it.com\/it\/","logo":{"@type":"ImageObject","inLanguage":"de","@id":"https:\/\/convergent-it.com\/it\/#\/schema\/logo\/image\/","url":"https:\/\/convergent-it.com\/wp-content\/uploads\/2017\/05\/CIT-logo-small.jpg","contentUrl":"https:\/\/convergent-it.com\/wp-content\/uploads\/2017\/05\/CIT-logo-small.jpg","width":158,"height":70,"caption":"Convergent Information Technologies GmbH"},"image":{"@id":"https:\/\/convergent-it.com\/it\/#\/schema\/logo\/image\/"},"sameAs":["https:\/\/www.facebook.com\/Convergent-Information-Technologies-GmbH-313223429088033\/","https:\/\/www.linkedin.com\/company\/convergent-information-technologies-gmbh","https:\/\/www.youtube.com\/channel\/UCTUjIWi0G5KnOLnZRC_cmVA"]}]}},"_links":{"self":[{"href":"https:\/\/convergent-it.com\/de\/wp-json\/wp\/v2\/pages\/6504","targetHints":{"allow":["GET"]}}],"collection":[{"href":"https:\/\/convergent-it.com\/de\/wp-json\/wp\/v2\/pages"}],"about":[{"href":"https:\/\/convergent-it.com\/de\/wp-json\/wp\/v2\/types\/page"}],"author":[{"embeddable":true,"href":"https:\/\/convergent-it.com\/de\/wp-json\/wp\/v2\/users\/3"}],"replies":[{"embeddable":true,"href":"https:\/\/convergent-it.com\/de\/wp-json\/wp\/v2\/comments?post=6504"}],"version-history":[{"count":6,"href":"https:\/\/convergent-it.com\/de\/wp-json\/wp\/v2\/pages\/6504\/revisions"}],"predecessor-version":[{"id":7243,"href":"https:\/\/convergent-it.com\/de\/wp-json\/wp\/v2\/pages\/6504\/revisions\/7243"}],"wp:attachment":[{"href":"https:\/\/convergent-it.com\/de\/wp-json\/wp\/v2\/media?parent=6504"}],"curies":[{"name":"wp","href":"https:\/\/api.w.org\/{rel}","templated":true}]}}