{"id":4984,"date":"2019-08-23T04:47:51","date_gmt":"2019-08-23T04:47:51","guid":{"rendered":"http:\/\/convergent-it.com\/demo\/"},"modified":"2025-11-02T13:22:50","modified_gmt":"2025-11-02T12:22:50","slug":"roboterprogrammierung-demo","status":"publish","type":"page","link":"https:\/\/convergent-it.com\/de\/roboterprogrammierung-demo\/","title":{"rendered":"Demo"},"content":{"rendered":"<div id=\"pl-4984\"  class=\"panel-layout\" ><div id=\"pg-4984-0\"  class=\"panel-grid panel-has-style\" ><div class=\"siteorigin-panels-stretch panel-row-style panel-row-style-for-4984-0\" style=\"padding: 0px 0; \" data-stretch-type=\"full\" data-overlay=\"true\" data-overlay-color=\"#000000\" ><div id=\"pgc-4984-0-0\"  class=\"panel-grid-cell\" ><div id=\"panel-4984-0-0-0\" class=\"so-panel widget widget_sow-editor panel-first-child panel-last-child widgetopts-SO\" data-index=\"0\" ><div style=\"text-align: left;\" data-title-color=\"#443f3f\" data-headings-color=\"#443f3f\" class=\"panel-widget-style panel-widget-style-for-4984-0-0-0\" ><div\n\t\t\t\n\t\t\tclass=\"so-widget-sow-editor so-widget-sow-editor-base\"\n\t\t\t\n\t\t>\n<div class=\"siteorigin-widget-tinymce textwidget\">\n\t<h1 style=\"text-align: center;\">Schnellere Roboterprogrammierung Demo<\/h1>\n<p style=\"text-align: center;\">Fordern Sie eine kostenlose Demo zur Roboterprogrammierung an. W\u00e4hlen Sie je nach Interesse zwischen Demos f\u00fcr eine schnellere Roboter-Offline-Programmierung, eine vollautomatische Roboter-Programmierung und eine zuf\u00e4llige Beh\u00e4lterauswahl. Sagen Sie uns au\u00dferdem, welchen Prozess Sie automatisieren m\u00f6chten und mit welchen Teilen Sie es zu tun haben.<\/p>\n<\/div>\n<\/div><\/div><\/div><\/div><\/div><\/div><div id=\"pg-4984-1\"  class=\"panel-grid panel-has-style\" ><div class=\"siteorigin-panels-stretch panel-row-style panel-row-style-for-4984-1\" style=\"padding: 0px 0; \" data-stretch-type=\"full\" data-overlay=\"true\" data-overlay-color=\"#000000\" ><div id=\"pgc-4984-1-0\"  class=\"panel-grid-cell\" ><div id=\"panel-4984-1-0-0\" class=\"so-panel widget widget_sow-editor panel-first-child panel-last-child widgetopts-SO\" data-index=\"1\" ><div style=\"text-align: center;\" data-title-color=\"#443f3f\" data-headings-color=\"#443f3f\" class=\"panel-widget-style panel-widget-style-for-4984-1-0-0\" ><div\n\t\t\t\n\t\t\tclass=\"so-widget-sow-editor so-widget-sow-editor-base\"\n\t\t\t\n\t\t>\n<div class=\"siteorigin-widget-tinymce textwidget\">\n\t<p style=\"text-align: center;\"><strong>Roboter-Offline-Programmiersoftware<br \/>\n<\/strong><\/p>\n<p style=\"text-align: center;\"><a class=\"maxbutton-1 maxbutton maxbutton-offline-programming\" title=\"Offline Demo\" href=\"mailto:demo@convergent-it.at\"><span class='mb-text'>ASK FOR DEMO<\/span><\/a><\/p>\n<p>Diese Demo-Sitzung zur Roboterprogrammierung zeigt, wie der Prozess interaktiv eingerichtet und simuliert wird und wie die Roboterbewegungen automatisch und kollisionsfrei geplant werden. Wir werden Einzelroboter- und Mehrroboterzellen sowie Hilfsachsen behandeln. Dar\u00fcber hinaus kann Line-Tracking kann je nach Relevanz f\u00fcr Ihre vorgesehene Anwendung gezeigt werden.<\/p>\n<\/div>\n<\/div><\/div><\/div><\/div><div id=\"pgc-4984-1-1\"  class=\"panel-grid-cell\" ><div id=\"panel-4984-1-1-0\" class=\"so-panel widget widget_sow-video panel-first-child panel-last-child widgetopts-SO\" data-index=\"2\" ><div style=\"text-align: left;\" data-title-color=\"#443f3f\" data-headings-color=\"#443f3f\" class=\"panel-widget-style panel-widget-style-for-4984-1-1-0\" ><div\n\t\t\t\n\t\t\tclass=\"so-widget-sow-video so-widget-sow-video-default-c08170c47cfb-4984\"\n\t\t\t\n\t\t>\n<div class=\"sow-video-wrapper\n\">\n\t\t\t<div class=\"lyte-wrapper\" style=\"width:640px;max-width:100%;margin:5px;\"><div class=\"lyMe hidef qsa_\\&amp;enablejsapi\\=1\\&amp;origin\\=https:\/\/convergent-it.com\" id=\"WYL_ME2_IKGMG4g\"><div id=\"lyte_ME2_IKGMG4g\" data-src=\"https:\/\/convergent-it.com\/wp-content\/plugins\/wp-youtube-lyte\/lyteCache.php?origThumbUrl=%2F%2Fi.ytimg.com%2Fvi%2FME2_IKGMG4g%2Fmaxresdefault.jpg\" class=\"pL\"><div class=\"tC\"><div class=\"tT\"><\/div><\/div><div class=\"play\"><\/div><div class=\"ctrl\"><div class=\"Lctrl\"><\/div><div class=\"Rctrl\"><\/div><\/div><\/div><noscript><a href=\"https:\/\/youtu.be\/ME2_IKGMG4g\" rel=\"nofollow\"><img loading=\"lazy\" decoding=\"async\" src=\"https:\/\/convergent-it.com\/wp-content\/plugins\/wp-youtube-lyte\/lyteCache.php?origThumbUrl=https%3A%2F%2Fi.ytimg.com%2Fvi%2FME2_IKGMG4g%2F0.jpg\" alt=\"YouTube-Video-Vorschaubild\" width=\"640\" height=\"340\" \/><br \/>Dieses Video auf YouTube ansehen<\/a><\/noscript><\/div><\/div><div class=\"lL\" style=\"max-width:100%;width:640px;margin:5px;\"><br\/><span class=\"lyte_disclaimer\"><i>The video is embedded by YouTube and only loaded and played from there when you click on the play button.  From then on, the <a href=\"https:\/\/policies.google.com\/privacy?hl=en\"> privacy policy of Google <\/a> applies.<\/i><\/span><\/div>\t<\/div>\n<\/div><\/div><\/div><\/div><\/div><\/div><div id=\"pg-4984-2\"  class=\"panel-grid panel-has-style\" ><div class=\"siteorigin-panels-stretch panel-row-style panel-row-style-for-4984-2\" style=\"padding: 0px 0; \" data-stretch-type=\"full\" data-overlay=\"true\" data-overlay-color=\"#000000\" ><div id=\"pgc-4984-2-0\"  class=\"panel-grid-cell\" ><div id=\"panel-4984-2-0-0\" class=\"so-panel widget widget_sow-video panel-first-child panel-last-child widgetopts-SO\" data-index=\"3\" ><div style=\"text-align: left;\" data-title-color=\"#443f3f\" data-headings-color=\"#443f3f\" class=\"panel-widget-style panel-widget-style-for-4984-2-0-0\" ><div\n\t\t\t\n\t\t\tclass=\"so-widget-sow-video so-widget-sow-video-default-c08170c47cfb-4984\"\n\t\t\t\n\t\t>\n<div class=\"sow-video-wrapper\n\">\n\t\t\t<div class=\"lyte-wrapper\" style=\"width:640px;max-width:100%;margin:5px;\"><div class=\"lyMe hidef qsa_\\&amp;enablejsapi\\=1\\&amp;origin\\=https:\/\/convergent-it.com\" id=\"WYL_JkWzKBL_f7E\"><div id=\"lyte_JkWzKBL_f7E\" data-src=\"https:\/\/convergent-it.com\/wp-content\/plugins\/wp-youtube-lyte\/lyteCache.php?origThumbUrl=%2F%2Fi.ytimg.com%2Fvi%2FJkWzKBL_f7E%2Fmaxresdefault.jpg\" class=\"pL\"><div class=\"tC\"><div class=\"tT\"><\/div><\/div><div class=\"play\"><\/div><div class=\"ctrl\"><div class=\"Lctrl\"><\/div><div class=\"Rctrl\"><\/div><\/div><\/div><noscript><a href=\"https:\/\/youtu.be\/JkWzKBL_f7E\" rel=\"nofollow\"><img loading=\"lazy\" decoding=\"async\" src=\"https:\/\/convergent-it.com\/wp-content\/plugins\/wp-youtube-lyte\/lyteCache.php?origThumbUrl=https%3A%2F%2Fi.ytimg.com%2Fvi%2FJkWzKBL_f7E%2F0.jpg\" alt=\"YouTube-Video-Vorschaubild\" width=\"640\" height=\"340\" \/><br \/>Dieses Video auf YouTube ansehen<\/a><\/noscript><\/div><\/div><div class=\"lL\" style=\"max-width:100%;width:640px;margin:5px;\"><br\/><span class=\"lyte_disclaimer\"><i>The video is embedded by YouTube and only loaded and played from there when you click on the play button.  From then on, the <a href=\"https:\/\/policies.google.com\/privacy?hl=en\"> privacy policy of Google <\/a> applies.<\/i><\/span><\/div>\t<\/div>\n<\/div><\/div><\/div><\/div><div id=\"pgc-4984-2-1\"  class=\"panel-grid-cell\" ><div id=\"panel-4984-2-1-0\" class=\"so-panel widget widget_sow-editor panel-first-child panel-last-child widgetopts-SO\" data-index=\"4\" ><div style=\"text-align: center;\" data-title-color=\"#443f3f\" data-headings-color=\"#443f3f\" class=\"panel-widget-style panel-widget-style-for-4984-2-1-0\" ><div\n\t\t\t\n\t\t\tclass=\"so-widget-sow-editor so-widget-sow-editor-base\"\n\t\t\t\n\t\t>\n<div class=\"siteorigin-widget-tinymce textwidget\">\n\t<p style=\"text-align: center;\"><strong>Reaktive Roboterprogrammierung<br \/>\n<\/strong><\/p>\n<p style=\"text-align: center;\"><a class=\"maxbutton-2 maxbutton maxbutton-bin-picking\" title=\"Bin Picking Demo\" href=\"mailto:demo@convergent-it.at\"><span class='mb-text'>ASK FOR DEMO<\/span><\/a><\/p>\n<p>Die vollautomatische Roboterprogrammierung ist vielleicht das, was der \"Griff in die Kiste\" vor 10 Jahren war. Eine unglaublich coole Aufgabe, die \"<span class=\"tlid-translation translation\" lang=\"en\"><span class=\"\" title=\"\">den Spreu vom Weizen trennt\" - diejenigen, die die schwierigsten (und rentabelsten) Aufgaben automatisieren k\u00f6nnen, von denen, die dies nicht k\u00f6nnen. Teilen Sie uns Ihre Aufgabe mit. Handelt es sich um eine Losgr\u00f6\u00dfe-1-Automatisierung oder eine Automatisierung mit kleinem Volumen? MRO (Wartung, Reparatur, \u00dcberholung) mit Robotern? Oder Reparatur oder andere reaktive Aufgaben, z. basierend auf visuellen Input? Jede Aufgabe, von der Sie dachten, dass sie sich nicht automatisieren l\u00e4sst - oder nicht wirtschaftlich? Sehen Sie, was mit der reaktiven Roboterprogrammierung AUTOMAPPPS m\u00f6glich ist.<br \/>\n<\/span><\/span><\/p>\n<\/div>\n<\/div><\/div><\/div><\/div><\/div><\/div><div id=\"pg-4984-3\"  class=\"panel-grid panel-has-style\" ><div class=\"siteorigin-panels-stretch panel-row-style panel-row-style-for-4984-3\" style=\"padding: 0px 0; \" data-stretch-type=\"full\" data-overlay=\"true\" data-overlay-color=\"#000000\" ><div id=\"pgc-4984-3-0\"  class=\"panel-grid-cell\" ><div id=\"panel-4984-3-0-0\" class=\"so-panel widget widget_sow-editor panel-first-child panel-last-child widgetopts-SO\" data-index=\"5\" ><div style=\"text-align: center;\" data-title-color=\"#443f3f\" data-headings-color=\"#443f3f\" class=\"panel-widget-style panel-widget-style-for-4984-3-0-0\" ><div\n\t\t\t\n\t\t\tclass=\"so-widget-sow-editor so-widget-sow-editor-base\"\n\t\t\t\n\t\t>\n<div class=\"siteorigin-widget-tinymce textwidget\">\n\t<p style=\"text-align: center;\"><strong>Schnelle und robuste Roboterbeh\u00e4lterentnahme<br \/>\n<\/strong><\/p>\n<p style=\"text-align: center;\"><a class=\"maxbutton-3 maxbutton maxbutton-online-programming\" title=\"Online Programming Demo\" href=\"mailto:demo@convergent-it.at\"><span class='mb-text'>ASK FOR DEMO<\/span><\/a><\/p>\n<p>In dieser Demo wird der Software gezeigt, wie neue Teile am besten gegriffen werden. Dar\u00fcber hinaus zeigen wir, wie diese Optionen automatisch ausgew\u00e4hlt werden und die gesamte Anwendung optimal, robust und kollisionsfrei geplant wird. Erfahren Sie, wie Sie Ihre Bin-Picking-Anwendung beschleunigen k\u00f6nnen, wie der Roboter auch in engen Umgebungen eingesetzt werden kann und wie Sie die Robustheit der Roboteraufgabe verbessern k\u00f6nnen: Bin-Picking oder visuelles Handling. Sehen Sie, welchen Unterschied eine M\u00fcllsammelsoftware mit hervorragender Planung des gesamten Roboters und Greifers sowie von Teilen im Vergleich zum Stand der Technik macht.<\/p>\n<\/div>\n<\/div><\/div><\/div><\/div><div id=\"pgc-4984-3-1\"  class=\"panel-grid-cell\" ><div id=\"panel-4984-3-1-0\" class=\"so-panel widget widget_sow-video panel-first-child panel-last-child widgetopts-SO\" data-index=\"6\" ><div style=\"text-align: left;\" data-title-color=\"#443f3f\" data-headings-color=\"#443f3f\" class=\"panel-widget-style panel-widget-style-for-4984-3-1-0\" ><div\n\t\t\t\n\t\t\tclass=\"so-widget-sow-video so-widget-sow-video-default-c08170c47cfb-4984\"\n\t\t\t\n\t\t>\n<div class=\"sow-video-wrapper\n\">\n\t\t\t<div class=\"lyte-wrapper\" style=\"width:640px;max-width:100%;margin:5px;\"><div class=\"lyMe hidef qsa_\\&amp;enablejsapi\\=1\\&amp;origin\\=https:\/\/convergent-it.com\" id=\"WYL_CDNSE1kENTg\"><div id=\"lyte_CDNSE1kENTg\" data-src=\"https:\/\/convergent-it.com\/wp-content\/plugins\/wp-youtube-lyte\/lyteCache.php?origThumbUrl=%2F%2Fi.ytimg.com%2Fvi%2FCDNSE1kENTg%2Fmaxresdefault.jpg\" class=\"pL\"><div class=\"tC\"><div class=\"tT\"><\/div><\/div><div class=\"play\"><\/div><div class=\"ctrl\"><div class=\"Lctrl\"><\/div><div class=\"Rctrl\"><\/div><\/div><\/div><noscript><a href=\"https:\/\/youtu.be\/CDNSE1kENTg\" rel=\"nofollow\"><img loading=\"lazy\" decoding=\"async\" src=\"https:\/\/convergent-it.com\/wp-content\/plugins\/wp-youtube-lyte\/lyteCache.php?origThumbUrl=https%3A%2F%2Fi.ytimg.com%2Fvi%2FCDNSE1kENTg%2F0.jpg\" alt=\"YouTube-Video-Vorschaubild\" width=\"640\" height=\"340\" \/><br \/>Dieses Video auf YouTube ansehen<\/a><\/noscript><\/div><\/div><div class=\"lL\" style=\"max-width:100%;width:640px;margin:5px;\"><br\/><span class=\"lyte_disclaimer\"><i>The video is embedded by YouTube and only loaded and played from there when you click on the play button.  From then on, the <a href=\"https:\/\/policies.google.com\/privacy?hl=en\"> privacy policy of Google <\/a> applies.<\/i><\/span><\/div>\t<\/div>\n<\/div><\/div><\/div><\/div><\/div><\/div><\/div>","protected":false},"excerpt":{"rendered":"<p>Schnellere Roboterprogrammierung Demo Fordern Sie eine kostenlose Demo zur Roboterprogrammierung an. W\u00e4hlen Sie je nach Interesse zwischen Demos f\u00fcr eine schnellere Roboter-Offline-Programmierung, [&hellip;]<\/p>\n","protected":false},"author":2,"featured_media":0,"parent":0,"menu_order":0,"comment_status":"closed","ping_status":"closed","template":"page-templates\/page_front-page.php","meta":{"footnotes":""},"class_list":["post-4984","page","type-page","status-publish","hentry"],"yoast_head":"<!-- This site is optimized with the Yoast SEO plugin v26.6 - https:\/\/yoast.com\/wordpress\/plugins\/seo\/ -->\n<title>Demo zur Roboterprogrammierung - erleben Sie die Geschwindigkeit von AUTOMAPPPS!<\/title>\n<meta name=\"description\" content=\"Fordern Sie Ihre kostenlose Roboterprogrammierungs-Demo an oder fordern Sie AUTOMAPPPS-Testlizenzen an. W\u00e4hlen Sie zwischen Roboter-Offline-Programmierung, reaktiver Robotik und Bin-Picking.\" \/>\n<meta name=\"robots\" content=\"index, follow, max-snippet:-1, max-image-preview:large, max-video-preview:-1\" \/>\n<link rel=\"canonical\" href=\"https:\/\/convergent-it.com\/de\/roboterprogrammierung-demo\/\" \/>\n<meta property=\"og:locale\" content=\"de_DE\" \/>\n<meta property=\"og:type\" content=\"article\" \/>\n<meta property=\"og:title\" content=\"Demo zur Roboterprogrammierung - erleben Sie die Geschwindigkeit von AUTOMAPPPS!\" \/>\n<meta property=\"og:description\" content=\"Fordern Sie Ihre kostenlose Roboterprogrammierungs-Demo an oder fordern Sie AUTOMAPPPS-Testlizenzen an. W\u00e4hlen Sie zwischen Roboter-Offline-Programmierung, reaktiver Robotik und Bin-Picking.\" \/>\n<meta property=\"og:url\" content=\"https:\/\/convergent-it.com\/de\/roboterprogrammierung-demo\/\" \/>\n<meta property=\"og:site_name\" content=\"Convergent Information Technologies\" \/>\n<meta property=\"article:publisher\" content=\"https:\/\/www.facebook.com\/Convergent-Information-Technologies-GmbH-313223429088033\/\" \/>\n<meta property=\"article:modified_time\" content=\"2025-11-02T12:22:50+00:00\" \/>\n<meta property=\"og:image\" content=\"https:\/\/convergent-it.com\/wp-content\/uploads\/2017\/05\/CIT-logo-small.jpg\" \/>\n\t<meta property=\"og:image:width\" content=\"158\" \/>\n\t<meta property=\"og:image:height\" content=\"70\" \/>\n\t<meta property=\"og:image:type\" content=\"image\/jpeg\" \/>\n<meta name=\"twitter:card\" content=\"summary_large_image\" \/>\n<meta name=\"twitter:label1\" content=\"Gesch\u00e4tzte Lesezeit\" \/>\n\t<meta name=\"twitter:data1\" content=\"2\u00a0Minuten\" \/>\n<script type=\"application\/ld+json\" class=\"yoast-schema-graph\">{\"@context\":\"https:\/\/schema.org\",\"@graph\":[{\"@type\":\"WebPage\",\"@id\":\"https:\/\/convergent-it.com\/de\/roboterprogrammierung-demo\/\",\"url\":\"https:\/\/convergent-it.com\/de\/roboterprogrammierung-demo\/\",\"name\":\"Demo zur Roboterprogrammierung - erleben Sie die Geschwindigkeit von AUTOMAPPPS!\",\"isPartOf\":{\"@id\":\"https:\/\/convergent-it.com\/it\/#website\"},\"datePublished\":\"2019-08-23T04:47:51+00:00\",\"dateModified\":\"2025-11-02T12:22:50+00:00\",\"description\":\"Fordern Sie Ihre kostenlose Roboterprogrammierungs-Demo an oder fordern Sie AUTOMAPPPS-Testlizenzen an. W\u00e4hlen Sie zwischen Roboter-Offline-Programmierung, reaktiver Robotik und Bin-Picking.\",\"breadcrumb\":{\"@id\":\"https:\/\/convergent-it.com\/de\/roboterprogrammierung-demo\/#breadcrumb\"},\"inLanguage\":\"de\",\"potentialAction\":[{\"@type\":\"ReadAction\",\"target\":[\"https:\/\/convergent-it.com\/de\/roboterprogrammierung-demo\/\"]}]},{\"@type\":\"BreadcrumbList\",\"@id\":\"https:\/\/convergent-it.com\/de\/roboterprogrammierung-demo\/#breadcrumb\",\"itemListElement\":[{\"@type\":\"ListItem\",\"position\":1,\"name\":\"Home\",\"item\":\"https:\/\/convergent-it.com\/de\/\"},{\"@type\":\"ListItem\",\"position\":2,\"name\":\"Demo\"}]},{\"@type\":\"WebSite\",\"@id\":\"https:\/\/convergent-it.com\/it\/#website\",\"url\":\"https:\/\/convergent-it.com\/it\/\",\"name\":\"Convergent Information Technologies\",\"description\":\"\",\"publisher\":{\"@id\":\"https:\/\/convergent-it.com\/it\/#organization\"},\"potentialAction\":[{\"@type\":\"SearchAction\",\"target\":{\"@type\":\"EntryPoint\",\"urlTemplate\":\"https:\/\/convergent-it.com\/it\/?s={search_term_string}\"},\"query-input\":{\"@type\":\"PropertyValueSpecification\",\"valueRequired\":true,\"valueName\":\"search_term_string\"}}],\"inLanguage\":\"de\"},{\"@type\":\"Organization\",\"@id\":\"https:\/\/convergent-it.com\/it\/#organization\",\"name\":\"Convergent Information Technologies GmbH\",\"url\":\"https:\/\/convergent-it.com\/it\/\",\"logo\":{\"@type\":\"ImageObject\",\"inLanguage\":\"de\",\"@id\":\"https:\/\/convergent-it.com\/it\/#\/schema\/logo\/image\/\",\"url\":\"https:\/\/convergent-it.com\/wp-content\/uploads\/2017\/05\/CIT-logo-small.jpg\",\"contentUrl\":\"https:\/\/convergent-it.com\/wp-content\/uploads\/2017\/05\/CIT-logo-small.jpg\",\"width\":158,\"height\":70,\"caption\":\"Convergent Information Technologies GmbH\"},\"image\":{\"@id\":\"https:\/\/convergent-it.com\/it\/#\/schema\/logo\/image\/\"},\"sameAs\":[\"https:\/\/www.facebook.com\/Convergent-Information-Technologies-GmbH-313223429088033\/\",\"https:\/\/www.linkedin.com\/company\/convergent-information-technologies-gmbh\",\"https:\/\/www.youtube.com\/channel\/UCTUjIWi0G5KnOLnZRC_cmVA\"]}]}<\/script>\n<!-- \/ Yoast SEO plugin. -->","yoast_head_json":{"title":"Demo zur Roboterprogrammierung - erleben Sie die Geschwindigkeit von AUTOMAPPPS!","description":"Fordern Sie Ihre kostenlose Roboterprogrammierungs-Demo an oder fordern Sie AUTOMAPPPS-Testlizenzen an. W\u00e4hlen Sie zwischen Roboter-Offline-Programmierung, reaktiver Robotik und Bin-Picking.","robots":{"index":"index","follow":"follow","max-snippet":"max-snippet:-1","max-image-preview":"max-image-preview:large","max-video-preview":"max-video-preview:-1"},"canonical":"https:\/\/convergent-it.com\/de\/roboterprogrammierung-demo\/","og_locale":"de_DE","og_type":"article","og_title":"Demo zur Roboterprogrammierung - erleben Sie die Geschwindigkeit von AUTOMAPPPS!","og_description":"Fordern Sie Ihre kostenlose Roboterprogrammierungs-Demo an oder fordern Sie AUTOMAPPPS-Testlizenzen an. W\u00e4hlen Sie zwischen Roboter-Offline-Programmierung, reaktiver Robotik und Bin-Picking.","og_url":"https:\/\/convergent-it.com\/de\/roboterprogrammierung-demo\/","og_site_name":"Convergent Information Technologies","article_publisher":"https:\/\/www.facebook.com\/Convergent-Information-Technologies-GmbH-313223429088033\/","article_modified_time":"2025-11-02T12:22:50+00:00","og_image":[{"width":158,"height":70,"url":"https:\/\/convergent-it.com\/wp-content\/uploads\/2017\/05\/CIT-logo-small.jpg","type":"image\/jpeg"}],"twitter_card":"summary_large_image","twitter_misc":{"Gesch\u00e4tzte Lesezeit":"2\u00a0Minuten"},"schema":{"@context":"https:\/\/schema.org","@graph":[{"@type":"WebPage","@id":"https:\/\/convergent-it.com\/de\/roboterprogrammierung-demo\/","url":"https:\/\/convergent-it.com\/de\/roboterprogrammierung-demo\/","name":"Demo zur Roboterprogrammierung - erleben Sie die Geschwindigkeit von AUTOMAPPPS!","isPartOf":{"@id":"https:\/\/convergent-it.com\/it\/#website"},"datePublished":"2019-08-23T04:47:51+00:00","dateModified":"2025-11-02T12:22:50+00:00","description":"Fordern Sie Ihre kostenlose Roboterprogrammierungs-Demo an oder fordern Sie AUTOMAPPPS-Testlizenzen an. W\u00e4hlen Sie zwischen Roboter-Offline-Programmierung, reaktiver Robotik und Bin-Picking.","breadcrumb":{"@id":"https:\/\/convergent-it.com\/de\/roboterprogrammierung-demo\/#breadcrumb"},"inLanguage":"de","potentialAction":[{"@type":"ReadAction","target":["https:\/\/convergent-it.com\/de\/roboterprogrammierung-demo\/"]}]},{"@type":"BreadcrumbList","@id":"https:\/\/convergent-it.com\/de\/roboterprogrammierung-demo\/#breadcrumb","itemListElement":[{"@type":"ListItem","position":1,"name":"Home","item":"https:\/\/convergent-it.com\/de\/"},{"@type":"ListItem","position":2,"name":"Demo"}]},{"@type":"WebSite","@id":"https:\/\/convergent-it.com\/it\/#website","url":"https:\/\/convergent-it.com\/it\/","name":"Convergent Information Technologies","description":"","publisher":{"@id":"https:\/\/convergent-it.com\/it\/#organization"},"potentialAction":[{"@type":"SearchAction","target":{"@type":"EntryPoint","urlTemplate":"https:\/\/convergent-it.com\/it\/?s={search_term_string}"},"query-input":{"@type":"PropertyValueSpecification","valueRequired":true,"valueName":"search_term_string"}}],"inLanguage":"de"},{"@type":"Organization","@id":"https:\/\/convergent-it.com\/it\/#organization","name":"Convergent Information Technologies GmbH","url":"https:\/\/convergent-it.com\/it\/","logo":{"@type":"ImageObject","inLanguage":"de","@id":"https:\/\/convergent-it.com\/it\/#\/schema\/logo\/image\/","url":"https:\/\/convergent-it.com\/wp-content\/uploads\/2017\/05\/CIT-logo-small.jpg","contentUrl":"https:\/\/convergent-it.com\/wp-content\/uploads\/2017\/05\/CIT-logo-small.jpg","width":158,"height":70,"caption":"Convergent Information Technologies GmbH"},"image":{"@id":"https:\/\/convergent-it.com\/it\/#\/schema\/logo\/image\/"},"sameAs":["https:\/\/www.facebook.com\/Convergent-Information-Technologies-GmbH-313223429088033\/","https:\/\/www.linkedin.com\/company\/convergent-information-technologies-gmbh","https:\/\/www.youtube.com\/channel\/UCTUjIWi0G5KnOLnZRC_cmVA"]}]}},"_links":{"self":[{"href":"https:\/\/convergent-it.com\/de\/wp-json\/wp\/v2\/pages\/4984","targetHints":{"allow":["GET"]}}],"collection":[{"href":"https:\/\/convergent-it.com\/de\/wp-json\/wp\/v2\/pages"}],"about":[{"href":"https:\/\/convergent-it.com\/de\/wp-json\/wp\/v2\/types\/page"}],"author":[{"embeddable":true,"href":"https:\/\/convergent-it.com\/de\/wp-json\/wp\/v2\/users\/2"}],"replies":[{"embeddable":true,"href":"https:\/\/convergent-it.com\/de\/wp-json\/wp\/v2\/comments?post=4984"}],"version-history":[{"count":5,"href":"https:\/\/convergent-it.com\/de\/wp-json\/wp\/v2\/pages\/4984\/revisions"}],"predecessor-version":[{"id":7233,"href":"https:\/\/convergent-it.com\/de\/wp-json\/wp\/v2\/pages\/4984\/revisions\/7233"}],"wp:attachment":[{"href":"https:\/\/convergent-it.com\/de\/wp-json\/wp\/v2\/media?parent=4984"}],"curies":[{"name":"wp","href":"https:\/\/api.w.org\/{rel}","templated":true}]}}