{"id":4942,"date":"2019-08-22T08:30:11","date_gmt":"2019-08-22T08:30:11","guid":{"rendered":"http:\/\/convergent-it.com\/datenschutz\/"},"modified":"2025-11-02T13:22:32","modified_gmt":"2025-11-02T12:22:32","slug":"datenschutz","status":"publish","type":"page","link":"https:\/\/convergent-it.com\/de\/datenschutz\/","title":{"rendered":"Datenschutz"},"content":{"rendered":"<div id=\"pl-4942\"  class=\"panel-layout\" ><div id=\"pg-4942-0\"  class=\"panel-grid panel-has-style\" ><div class=\"siteorigin-panels-stretch panel-row-style panel-row-style-for-4942-0\" style=\"padding: 20px 0; \" data-stretch-type=\"full\" data-overlay=\"true\" data-overlay-color=\"#000000\" ><div id=\"pgc-4942-0-0\"  class=\"panel-grid-cell\" ><div id=\"panel-4942-0-0-0\" class=\"so-panel widget widget_sow-editor panel-first-child panel-last-child widgetopts-SO\" data-index=\"0\" ><div style=\"text-align: left;\" data-title-color=\"#443f3f\" data-headings-color=\"#443f3f\" class=\"panel-widget-style panel-widget-style-for-4942-0-0-0\" ><div\n\t\t\t\n\t\t\tclass=\"so-widget-sow-editor so-widget-sow-editor-base\"\n\t\t\t\n\t\t>\n<div class=\"siteorigin-widget-tinymce textwidget\">\n\t<p><strong>Privacy Policy<\/strong><\/p>\n<p>Convergent Information Technologies GmbH (CIT) protects the personal data we process about you and respects your privacy. Please read the following information before giving us your permission to process your personal data. If you have any questions or concerns regarding the processing of your personal data, please contact us at info@convergent-it.com.<\/p>\n<p><strong>Acquiring General Information<\/strong><\/p>\n<p>When you access our website, information of a general nature is automatically collected. This information includes, for example, the type of Web browser, the operating system used, the domain name of your Internet service provider, and the like. This is solely information that does not allow you to make any conclusions about yourself.<\/p>\n<p><strong>Processing of personal data<\/strong><\/p>\n<p>CIT collects and processes only your professional contact information (personal data) such as:<\/p>\n<ul>\n<li>Company name<\/li>\n<li>Business Address<\/li>\n<li>Your position in the company<\/li>\n<li>Your Name<\/li>\n<li>Your Business email address<\/li>\n<li>Your Business phone number (s)<\/li>\n<\/ul>\n<p><strong>Transfer of personal data<\/strong><\/p>\n<p>CIT will not disclose your personal data to third parties (i.e. not transfer or share) unless:<\/p>\n<ul>\n<li>You have express your approval or have ordered us to do so<\/li>\n<li>This is necessary for the execution of a contract with you,<\/li>\n<li>This is necessary to comply with legal obligations.<\/li>\n<\/ul>\n<p>CIT will never sell your personal data.<\/p>\n<p><strong>Purpose of the processing of personal data<\/strong><\/p>\n<p>We would like to use your personal data for e-marketing purposes in order to provide you with information about our products, services, publications and events as well as inviting you to trade fairs, according to previous discussions and orders.<\/p>\n<p><strong>Legal basis for the processing of your personal data<\/strong><\/p>\n<p>The processing of your personal data for e-marketing purposes is based on your consent for data processing. Agree by clicking on the \"I Agree\/I agree\" link on emails you receive from us.<\/p>\n<p>You can revoke your consent at any time. Send an email to info@convergent-it.com. To the absolutely required extent only, certain personal data is then stored in a \"Do not contact\" list.<\/p>\n<p><strong>Your rights<\/strong><\/p>\n<p>You have the right to<\/p>\n<ul>\n<li>receive information about your data stored with us and their processing<\/li>\n<li>request correction of incorrect personal data<\/li>\n<li>request the deletion of your data stored by us,<\/li>\n<li>request limitation of data processing unless we are not allowed to delete your data due to legal obligations<\/li>\n<li>object the processing of your data by us<\/li>\n<\/ul>\n<p>You have the right to file a complaint with the responsible data protection authority in the event of objections or complaints regarding the way in which we process your personal data - if the applicable law provides for such a remedy.<\/p>\n<p><strong>Changes of the Privacy policy<\/strong><\/p>\n<p>We reserve our right to modify this privacy statement to comply with current legal requirements or to implement changes to our services in the privacy policy, such as the introduction of new services. Your new visit will be subject to the current privacy policy.<\/p>\n<p><strong>Questions to the Data protection officer<\/strong><\/p>\n<p>If you have any questions about data protection, please send us an e-mail to info@convergent-it.com<\/p>\n<p><strong>Responsibility<\/strong><\/p>\n<p>Responsible is the Convergent Information Technologies GmbH, School Street 2, 4053 Haid, Austria, registered with the Landgericht Linz, FB-NR: FN317229p is responsible for the processing of personal data.<\/p>\n<\/div>\n<\/div><\/div><\/div><\/div><div id=\"pgc-4942-0-1\"  class=\"panel-grid-cell\" ><div id=\"panel-4942-0-1-0\" class=\"so-panel widget widget_sow-editor panel-first-child panel-last-child widgetopts-SO\" data-index=\"1\" ><div style=\"text-align: left;\" data-title-color=\"#443f3f\" data-headings-color=\"#443f3f\" class=\"panel-widget-style panel-widget-style-for-4942-0-1-0\" ><div\n\t\t\t\n\t\t\tclass=\"so-widget-sow-editor so-widget-sow-editor-base\"\n\t\t\t\n\t\t>\n<div class=\"siteorigin-widget-tinymce textwidget\">\n\t<p><strong>Privacy Policy<\/strong><\/p>\n<p>Convergent Information Technologies GmbH (CIT) sch\u00fctzt die personenbezogenen Daten, die wir \u00fcber Sie verarbeiten und respektiert Ihre Privatsph\u00e4re. Bitte lesen Sie die folgenden Informationen, bevor Sie uns Ihre Zustimmung zur Verarbeitung Ihrer personenbezogener Daten erteilen. Bei Fragen oder Anliegen bez\u00fcglich der Verarbeitung Ihrer personenbezogenen Daten kontaktieren Sie uns bitte unter <a href=\"mailto:info@convergent-it.com\">info@convergent-it.com<\/a>.<\/p>\n<p><strong>Erfassung allgemeiner Informationen<\/strong><\/p>\n<p>Wenn Sie auf unsere Webseite zugreifen, werden automatisch Informationen allgemeiner Natur erfasst. Diese Informationen beinhalten etwa die Art des Webbrowsers, das verwendete Betriebssystem, den Domainnamen Ihres Internet Service Providers und \u00c4hnliches. Hierbei handelt es sich ausschlie\u00dflich um Informationen, welche keine R\u00fcckschl\u00fcsse auf Ihre Person zulassen.<\/p>\n<p><strong>Verarbeitung personenbezogenen Daten<\/strong><\/p>\n<p>CIT erfasst und verarbeitet ausschlie\u00dflich Ihre beruflichen Kontaktdaten ( \"<strong>personenbezogenen Daten<\/strong>\") wie:<\/p>\n<ul>\n<li>Firmennamen<\/li>\n<li>Gesch\u00e4ftsadresse<\/li>\n<li>ihre Position <strong>im Unternehmen<\/strong><\/li>\n<li>ihren Namen<\/li>\n<li>ihre gesch\u00e4ftliche E-Mail-Adresse<\/li>\n<li>ihre gesch\u00e4ftliche Telefonnummer(n)<\/li>\n<\/ul>\n<p><strong>\u00dcbertragung personenbezogener Daten<\/strong><\/p>\n<p>CIT wird ihre personenbezogenen Daten nicht an Dritte weitergeben (d.h. nicht \u00fcbertragen und nicht teilen) es sei denn, dass:<\/p>\n<ul>\n<li>Sie Ihre ausdr\u00fcckliche Einwilligung oder ihren Auftrag dazu erteilt haben,<\/li>\n<li>dies zur Abwicklung eines Vertrags mit Ihnen erforderlich ist,<\/li>\n<li>dies zur Erf\u00fcllung einer rechtlichen Verpflichtung erforderlich ist,<\/li>\n<\/ul>\n<p>CIT wird ihre personenbezogenen Daten niemals verkaufen.<\/p>\n<p><strong>Zweck der Verarbeitung personenbezogener Daten<\/strong><\/p>\n<p>Wir m\u00f6chten personenbezogenen Daten f\u00fcr E-Marketing-Zwecke verwenden, um Ihnen zielgerichtet \u2013 d.h. entsprechend bisheriger Gespr\u00e4che und Bestellungen - Informationen zu unseren Produkten, Dienstleistungen, Publikationen und Veranstaltungen sowie um Messeeinladungen zu senden.<\/p>\n<p><strong>Rechtliche Grundlage f\u00fcr die Verarbeitung Ihrer personenbezogenen Daten<\/strong><\/p>\n<p>Die Verarbeitung Ihrer personenbezogenen Daten f\u00fcr E-Marketing-Zwecke basiert auf Ihrer Zustimmung f\u00fcr die Datenverarbeitung. Stimmen Sie zu, indem Sie bei Emails die sie von uns erhalten auf den \"I agree \/ Ich stimme zu\" Link klicken.<\/p>\n<p>Sie k\u00f6nnen Ihre Zustimmung jederzeit widerrufen. Senden sie eine email an <a href=\"mailto:info@convergent-it.com\">info@convergent-it.com<\/a>. In dem minimalen, absolut erforderlich Umfang werden bestimmte personenbezogene Daten dann in einer \u201edo not contact\u201c Liste gespeichert.<\/p>\n<p><strong>Ihre Betroffenenrechte<\/strong><\/p>\n<p>Sie haben das Recht auf,<\/p>\n<ul>\n<li>Auskunft \u00fcber Ihre bei uns gespeicherten Daten und deren Verarbeitung<\/li>\n<li>Berichtigung unrichtiger personenbezogener Daten,<\/li>\n<li>L\u00f6schung Ihrer bei uns gespeicherten Daten,<\/li>\n<li>Einschr\u00e4nkung der Datenverarbeitung, sofern wir Ihre Daten aufgrund gesetzlicher Pflichten noch nicht l\u00f6schen d\u00fcrfen,<\/li>\n<li>Widerspruch gegen die Verarbeitung Ihrer Daten bei uns<\/li>\n<\/ul>\n<p>Sie haben das Recht, bei Einw\u00e4nden oder Beschwerden bez\u00fcglich der Art und Weise, wie wir Ihre personenbezogenen Daten verarbeiten, bei der zust\u00e4ndigen Datenschutzaufsichtsbeh\u00f6rde eine Beschwerde einzureichen, wenn das anwendbare Recht eine solche Abhilfe vorsieht.<\/p>\n<p><strong>\u00c4nderung der Datenschutzbestimmungen<\/strong><br \/>\nWir behalten uns vor, diese Datenschutzerkl\u00e4rung anzupassen, damit sie stets den aktuellen rechtlichen Anforderungen entspricht oder um \u00c4nderungen unserer Leistungen in der Datenschutzerkl\u00e4rung umzusetzen, z.B. bei der Einf\u00fchrung neuer Services. F\u00fcr Ihren erneuten Besuch gilt dann die aktuelle Datenschutzerkl\u00e4rung.<\/p>\n<p><strong>Fragen an den Datenschutzbeauftragten<\/strong><br \/>\nWenn Sie Fragen zum Datenschutz haben, schreiben Sie uns bitte eine E-Mail an infor@convergent-it.com<\/p>\n<p><strong>Verantwortlich<\/strong><\/p>\n<p>Verantwortlich ist die Convergent Information Technologies GmbH, Schulstrasse 2, 4053 Haid, \u00d6sterreich, eingetragen beim Landgericht Linz FB-Nr: FN317229p ist f\u00fcr die Verarbeitung personenbezogener Daten verantwortlich.<\/p>\n<\/div>\n<\/div><\/div><\/div><\/div><\/div><\/div><\/div>","protected":false},"excerpt":{"rendered":"<p>Privacy Policy Convergent Information Technologies GmbH (CIT) protects the personal data we process about you and respects your privacy. Please read the [&hellip;]<\/p>\n","protected":false},"author":2,"featured_media":0,"parent":0,"menu_order":0,"comment_status":"closed","ping_status":"closed","template":"page-templates\/page_front-page.php","meta":{"footnotes":""},"class_list":["post-4942","page","type-page","status-publish","hentry"],"yoast_head":"<!-- This site is optimized with the Yoast SEO plugin v26.6 - https:\/\/yoast.com\/wordpress\/plugins\/seo\/ -->\n<title>Datenschutz - Convergent Information Technologies<\/title>\n<meta name=\"robots\" content=\"index, follow, max-snippet:-1, max-image-preview:large, max-video-preview:-1\" \/>\n<link rel=\"canonical\" href=\"https:\/\/convergent-it.com\/de\/datenschutz\/\" \/>\n<meta property=\"og:locale\" content=\"de_DE\" \/>\n<meta property=\"og:type\" content=\"article\" \/>\n<meta property=\"og:title\" content=\"Datenschutz - Convergent Information Technologies\" \/>\n<meta property=\"og:description\" content=\"Privacy Policy Convergent Information Technologies GmbH (CIT) protects the personal data we process about you and respects your privacy. Please read the [&hellip;]\" \/>\n<meta property=\"og:url\" content=\"https:\/\/convergent-it.com\/de\/datenschutz\/\" \/>\n<meta property=\"og:site_name\" content=\"Convergent Information Technologies\" \/>\n<meta property=\"article:publisher\" content=\"https:\/\/www.facebook.com\/Convergent-Information-Technologies-GmbH-313223429088033\/\" \/>\n<meta property=\"article:modified_time\" content=\"2025-11-02T12:22:32+00:00\" \/>\n<meta property=\"og:image\" content=\"https:\/\/convergent-it.com\/wp-content\/uploads\/2017\/05\/CIT-logo-small.jpg\" \/>\n\t<meta property=\"og:image:width\" content=\"158\" \/>\n\t<meta property=\"og:image:height\" content=\"70\" \/>\n\t<meta property=\"og:image:type\" content=\"image\/jpeg\" \/>\n<meta name=\"twitter:card\" content=\"summary_large_image\" \/>\n<meta name=\"twitter:label1\" content=\"Gesch\u00e4tzte Lesezeit\" \/>\n\t<meta name=\"twitter:data1\" content=\"5\u00a0Minuten\" \/>\n<script type=\"application\/ld+json\" class=\"yoast-schema-graph\">{\"@context\":\"https:\/\/schema.org\",\"@graph\":[{\"@type\":\"WebPage\",\"@id\":\"https:\/\/convergent-it.com\/de\/datenschutz\/\",\"url\":\"https:\/\/convergent-it.com\/de\/datenschutz\/\",\"name\":\"Datenschutz - Convergent Information Technologies\",\"isPartOf\":{\"@id\":\"https:\/\/convergent-it.com\/it\/#website\"},\"datePublished\":\"2019-08-22T08:30:11+00:00\",\"dateModified\":\"2025-11-02T12:22:32+00:00\",\"breadcrumb\":{\"@id\":\"https:\/\/convergent-it.com\/de\/datenschutz\/#breadcrumb\"},\"inLanguage\":\"de\",\"potentialAction\":[{\"@type\":\"ReadAction\",\"target\":[\"https:\/\/convergent-it.com\/de\/datenschutz\/\"]}]},{\"@type\":\"BreadcrumbList\",\"@id\":\"https:\/\/convergent-it.com\/de\/datenschutz\/#breadcrumb\",\"itemListElement\":[{\"@type\":\"ListItem\",\"position\":1,\"name\":\"Home\",\"item\":\"https:\/\/convergent-it.com\/de\/\"},{\"@type\":\"ListItem\",\"position\":2,\"name\":\"Datenschutz\"}]},{\"@type\":\"WebSite\",\"@id\":\"https:\/\/convergent-it.com\/it\/#website\",\"url\":\"https:\/\/convergent-it.com\/it\/\",\"name\":\"Convergent Information Technologies\",\"description\":\"\",\"publisher\":{\"@id\":\"https:\/\/convergent-it.com\/it\/#organization\"},\"potentialAction\":[{\"@type\":\"SearchAction\",\"target\":{\"@type\":\"EntryPoint\",\"urlTemplate\":\"https:\/\/convergent-it.com\/it\/?s={search_term_string}\"},\"query-input\":{\"@type\":\"PropertyValueSpecification\",\"valueRequired\":true,\"valueName\":\"search_term_string\"}}],\"inLanguage\":\"de\"},{\"@type\":\"Organization\",\"@id\":\"https:\/\/convergent-it.com\/it\/#organization\",\"name\":\"Convergent Information Technologies GmbH\",\"url\":\"https:\/\/convergent-it.com\/it\/\",\"logo\":{\"@type\":\"ImageObject\",\"inLanguage\":\"de\",\"@id\":\"https:\/\/convergent-it.com\/it\/#\/schema\/logo\/image\/\",\"url\":\"https:\/\/convergent-it.com\/wp-content\/uploads\/2017\/05\/CIT-logo-small.jpg\",\"contentUrl\":\"https:\/\/convergent-it.com\/wp-content\/uploads\/2017\/05\/CIT-logo-small.jpg\",\"width\":158,\"height\":70,\"caption\":\"Convergent Information Technologies GmbH\"},\"image\":{\"@id\":\"https:\/\/convergent-it.com\/it\/#\/schema\/logo\/image\/\"},\"sameAs\":[\"https:\/\/www.facebook.com\/Convergent-Information-Technologies-GmbH-313223429088033\/\",\"https:\/\/www.linkedin.com\/company\/convergent-information-technologies-gmbh\",\"https:\/\/www.youtube.com\/channel\/UCTUjIWi0G5KnOLnZRC_cmVA\"]}]}<\/script>\n<!-- \/ Yoast SEO plugin. -->","yoast_head_json":{"title":"Datenschutz - Convergent Information Technologies","robots":{"index":"index","follow":"follow","max-snippet":"max-snippet:-1","max-image-preview":"max-image-preview:large","max-video-preview":"max-video-preview:-1"},"canonical":"https:\/\/convergent-it.com\/de\/datenschutz\/","og_locale":"de_DE","og_type":"article","og_title":"Datenschutz - Convergent Information Technologies","og_description":"Privacy Policy Convergent Information Technologies GmbH (CIT) protects the personal data we process about you and respects your privacy. Please read the [&hellip;]","og_url":"https:\/\/convergent-it.com\/de\/datenschutz\/","og_site_name":"Convergent Information Technologies","article_publisher":"https:\/\/www.facebook.com\/Convergent-Information-Technologies-GmbH-313223429088033\/","article_modified_time":"2025-11-02T12:22:32+00:00","og_image":[{"width":158,"height":70,"url":"https:\/\/convergent-it.com\/wp-content\/uploads\/2017\/05\/CIT-logo-small.jpg","type":"image\/jpeg"}],"twitter_card":"summary_large_image","twitter_misc":{"Gesch\u00e4tzte Lesezeit":"5\u00a0Minuten"},"schema":{"@context":"https:\/\/schema.org","@graph":[{"@type":"WebPage","@id":"https:\/\/convergent-it.com\/de\/datenschutz\/","url":"https:\/\/convergent-it.com\/de\/datenschutz\/","name":"Datenschutz - Convergent Information Technologies","isPartOf":{"@id":"https:\/\/convergent-it.com\/it\/#website"},"datePublished":"2019-08-22T08:30:11+00:00","dateModified":"2025-11-02T12:22:32+00:00","breadcrumb":{"@id":"https:\/\/convergent-it.com\/de\/datenschutz\/#breadcrumb"},"inLanguage":"de","potentialAction":[{"@type":"ReadAction","target":["https:\/\/convergent-it.com\/de\/datenschutz\/"]}]},{"@type":"BreadcrumbList","@id":"https:\/\/convergent-it.com\/de\/datenschutz\/#breadcrumb","itemListElement":[{"@type":"ListItem","position":1,"name":"Home","item":"https:\/\/convergent-it.com\/de\/"},{"@type":"ListItem","position":2,"name":"Datenschutz"}]},{"@type":"WebSite","@id":"https:\/\/convergent-it.com\/it\/#website","url":"https:\/\/convergent-it.com\/it\/","name":"Convergent Information Technologies","description":"","publisher":{"@id":"https:\/\/convergent-it.com\/it\/#organization"},"potentialAction":[{"@type":"SearchAction","target":{"@type":"EntryPoint","urlTemplate":"https:\/\/convergent-it.com\/it\/?s={search_term_string}"},"query-input":{"@type":"PropertyValueSpecification","valueRequired":true,"valueName":"search_term_string"}}],"inLanguage":"de"},{"@type":"Organization","@id":"https:\/\/convergent-it.com\/it\/#organization","name":"Convergent Information Technologies GmbH","url":"https:\/\/convergent-it.com\/it\/","logo":{"@type":"ImageObject","inLanguage":"de","@id":"https:\/\/convergent-it.com\/it\/#\/schema\/logo\/image\/","url":"https:\/\/convergent-it.com\/wp-content\/uploads\/2017\/05\/CIT-logo-small.jpg","contentUrl":"https:\/\/convergent-it.com\/wp-content\/uploads\/2017\/05\/CIT-logo-small.jpg","width":158,"height":70,"caption":"Convergent Information Technologies GmbH"},"image":{"@id":"https:\/\/convergent-it.com\/it\/#\/schema\/logo\/image\/"},"sameAs":["https:\/\/www.facebook.com\/Convergent-Information-Technologies-GmbH-313223429088033\/","https:\/\/www.linkedin.com\/company\/convergent-information-technologies-gmbh","https:\/\/www.youtube.com\/channel\/UCTUjIWi0G5KnOLnZRC_cmVA"]}]}},"_links":{"self":[{"href":"https:\/\/convergent-it.com\/de\/wp-json\/wp\/v2\/pages\/4942","targetHints":{"allow":["GET"]}}],"collection":[{"href":"https:\/\/convergent-it.com\/de\/wp-json\/wp\/v2\/pages"}],"about":[{"href":"https:\/\/convergent-it.com\/de\/wp-json\/wp\/v2\/types\/page"}],"author":[{"embeddable":true,"href":"https:\/\/convergent-it.com\/de\/wp-json\/wp\/v2\/users\/2"}],"replies":[{"embeddable":true,"href":"https:\/\/convergent-it.com\/de\/wp-json\/wp\/v2\/comments?post=4942"}],"version-history":[{"count":3,"href":"https:\/\/convergent-it.com\/de\/wp-json\/wp\/v2\/pages\/4942\/revisions"}],"predecessor-version":[{"id":7232,"href":"https:\/\/convergent-it.com\/de\/wp-json\/wp\/v2\/pages\/4942\/revisions\/7232"}],"wp:attachment":[{"href":"https:\/\/convergent-it.com\/de\/wp-json\/wp\/v2\/media?parent=4942"}],"curies":[{"name":"wp","href":"https:\/\/api.w.org\/{rel}","templated":true}]}}