{"id":4851,"date":"2019-08-22T06:25:15","date_gmt":"2019-08-22T06:25:15","guid":{"rendered":"http:\/\/convergent-it.com\/dienstleistungen-simulation\/"},"modified":"2025-11-02T13:23:09","modified_gmt":"2025-11-02T12:23:09","slug":"dienstleistungen-simulation","status":"publish","type":"page","link":"https:\/\/convergent-it.com\/de\/dienstleistungen-simulation\/","title":{"rendered":"Dienstleistungen \/ Simulation"},"content":{"rendered":"<div id=\"pl-4851\"  class=\"panel-layout\" ><div id=\"pg-4851-0\"  class=\"panel-grid panel-has-style\" ><div class=\"siteorigin-panels-stretch panel-row-style panel-row-style-for-4851-0\" style=\"padding: 0px 0; \" data-stretch-type=\"full\" data-overlay=\"true\" data-overlay-color=\"#000000\" ><div id=\"pgc-4851-0-0\"  class=\"panel-grid-cell\" ><div id=\"panel-4851-0-0-0\" class=\"so-panel widget widget_sow-editor panel-first-child panel-last-child\" data-index=\"0\" ><div style=\"text-align: left;\" data-title-color=\"#443f3f\" data-headings-color=\"#443f3f\" class=\"panel-widget-style panel-widget-style-for-4851-0-0-0\" ><div\n\t\t\t\n\t\t\tclass=\"so-widget-sow-editor so-widget-sow-editor-base\"\n\t\t\t\n\t\t>\n<div class=\"siteorigin-widget-tinymce textwidget\">\n\t<h1 style=\"text-align: center;\"><span style=\"font-size: 16pt;\"><strong>Dienstleistungen \/ Simulation<\/strong><\/span><\/h1>\n<\/div>\n<\/div><\/div><\/div><\/div><\/div><\/div><div id=\"pg-4851-1\"  class=\"panel-grid panel-has-style\" ><div class=\"siteorigin-panels-stretch panel-row-style panel-row-style-for-4851-1\" style=\"padding: 0px 0; \" data-stretch-type=\"full\" data-overlay=\"true\" data-overlay-color=\"#000000\" ><div id=\"pgc-4851-1-0\"  class=\"panel-grid-cell\" ><div id=\"panel-4851-1-0-0\" class=\"so-panel widget widget_sow-editor panel-first-child panel-last-child\" data-index=\"1\" ><div style=\"text-align: left;\" data-title-color=\"#443f3f\" data-headings-color=\"#443f3f\" class=\"panel-widget-style panel-widget-style-for-4851-1-0-0\" ><div\n\t\t\t\n\t\t\tclass=\"so-widget-sow-editor so-widget-sow-editor-base\"\n\t\t\t\n\t\t>\n<div class=\"siteorigin-widget-tinymce textwidget\">\n\t<p>Services \/ SimuaManchmal steht nicht gen\u00fcgend Zeit oder Personal oder Tools zur Verf\u00fcgung, um die geplante Automatisierungsaufgabe ohne zus\u00e4tzliche Hilfe auszuf\u00fchren Um Risiken zu minimieren und Projekte zu beschleunigen, bieten wir und unsere Partner Unterst\u00fctzung an. W\u00e4hrend aller Etappen. Von Machbarkeitsstudien bis hin zur Roboter-Offline-Programmierung, Robotersimulation, Optimierung und Schulung. Dank unserer langj\u00e4hrigen Erfahrung mit Robotersystemen f\u00fcr ausgew\u00e4hlte Anwendungen mit AUTOMAPPPS k\u00f6nnen unsere Partnerunternehmen und wir Ihnen helfen, wenn Ihnen Ressourcen oder Werkzeuge fehlen oder wenn ein Prozess f\u00fcr Sie neu ist.<\/p>\n<\/div>\n<\/div><\/div><\/div><\/div><\/div><\/div><div id=\"pg-4851-2\"  class=\"panel-grid panel-has-style\" ><div class=\"siteorigin-panels-stretch panel-row-style panel-row-style-for-4851-2\" style=\"padding: 0px 0; \" data-stretch-type=\"full\" data-overlay=\"true\" data-overlay-color=\"#000000\" ><div id=\"pgc-4851-2-0\"  class=\"panel-grid-cell\" ><div id=\"panel-4851-2-0-0\" class=\"so-panel widget widget_sow-editor panel-first-child panel-last-child widgetopts-SO\" data-index=\"2\" ><div style=\"text-align: left;\" data-title-color=\"#443f3f\" data-headings-color=\"#443f3f\" class=\"panel-widget-style panel-widget-style-for-4851-2-0-0\" ><div\n\t\t\t\n\t\t\tclass=\"so-widget-sow-editor so-widget-sow-editor-base\"\n\t\t\t\n\t\t>\n<div class=\"siteorigin-widget-tinymce textwidget\">\n\t<p><span style=\"font-size: 14px;\"><img loading=\"lazy\" decoding=\"async\" src=\"https:\/\/convergent-it.com\/wp-content\/uploads\/2017\/07\/Painting-Robot-OLP.jpg\" alt=\"Lackierroboter OLP\" width=\"250\" height=\"200\">Roboter Offline Programmierung f\u00fcr Lackierroboter mit Line-Tracking.<br \/>\n<\/span><\/p>\n<\/div>\n<\/div><\/div><\/div><\/div><div id=\"pgc-4851-2-1\"  class=\"panel-grid-cell\" ><div id=\"panel-4851-2-1-0\" class=\"so-panel widget widget_sow-editor panel-first-child panel-last-child widgetopts-SO\" data-index=\"3\" ><div style=\"text-align: left;\" data-title-color=\"#443f3f\" data-headings-color=\"#443f3f\" class=\"panel-widget-style panel-widget-style-for-4851-2-1-0\" ><div\n\t\t\t\n\t\t\tclass=\"so-widget-sow-editor so-widget-sow-editor-base\"\n\t\t\t\n\t\t>\n<div class=\"siteorigin-widget-tinymce textwidget\">\n\t<p><img loading=\"lazy\" decoding=\"async\" class=\"alignleft size-full wp-image-2550\" src=\"https:\/\/convergent-it.com\/wp-content\/uploads\/2017\/06\/OLP_grinding_robot.png\" alt=\"Multi-Roboter-Schleifen in sehr engen Zellen. Optimierung des Zellenlayouts und Programmierung des Roboters - simuliert und programmiert mit der Roboter-Offline-Programmiersoftware AUTOMAPPPS\" width=\"250\" height=\"200\"><span style=\"font-size: 14px;\">Machbarkeit, Layoutoptimierung und Validierung, Simulation von Multi-Roboter Schleifen.<\/span><\/p>\n<\/div>\n<\/div><\/div><\/div><\/div><div id=\"pgc-4851-2-2\"  class=\"panel-grid-cell\" ><div id=\"panel-4851-2-2-0\" class=\"so-panel widget widget_sow-editor panel-first-child panel-last-child widgetopts-SO\" data-index=\"4\" ><div style=\"text-align: left;\" data-title-color=\"#443f3f\" data-headings-color=\"#443f3f\" class=\"panel-widget-style panel-widget-style-for-4851-2-2-0\" ><div\n\t\t\t\n\t\t\tclass=\"so-widget-sow-editor so-widget-sow-editor-base\"\n\t\t\t\n\t\t>\n<div class=\"siteorigin-widget-tinymce textwidget\">\n\t<p><img loading=\"lazy\" decoding=\"async\" class=\"alignleft wp-image-3464 size-full\" src=\"https:\/\/convergent-it.com\/wp-content\/uploads\/2017\/07\/Painting-Robots-OLP.png\" alt=\"Roboterpulverbeschichtung zwischen Ketten. Roboter, die mit der AUTOMAPPPS-Robotersimulationssoftware mit Linienverfolgungs- und Lackiermodul programmiert wurden\" width=\"250\" height=\"200\"><span style=\"font-size: 14px;\">Roboter-Offline-Programmierung und Simulation von Lackieranwendungen f\u00fcr einige Werkst\u00fccke.<\/span><\/p>\n<\/div>\n<\/div><\/div><\/div><\/div><div id=\"pgc-4851-2-3\"  class=\"panel-grid-cell\" ><div id=\"panel-4851-2-3-0\" class=\"so-panel widget widget_sow-editor panel-first-child panel-last-child widgetopts-SO\" data-index=\"5\" ><div style=\"text-align: left;\" data-title-color=\"#443f3f\" data-headings-color=\"#443f3f\" class=\"panel-widget-style panel-widget-style-for-4851-2-3-0\" ><div\n\t\t\t\n\t\t\tclass=\"so-widget-sow-editor so-widget-sow-editor-base\"\n\t\t\t\n\t\t>\n<div class=\"siteorigin-widget-tinymce textwidget\">\n\t<p><img loading=\"lazy\" decoding=\"async\" class=\"alignleft wp-image-3470 size-full\" src=\"https:\/\/convergent-it.com\/wp-content\/uploads\/2017\/07\/Robot-Sanding-1.png\" alt=\"Roboter, die Autos zu 100% schleifen. Roboter und Schleifprozess werden von der Roboter-Offline-Programmiersoftware AUTOMAPPPS simuliert und programmiert\" width=\"250\" height=\"200\"><span style=\"font-size: 14px;\">Machbarkeit, Layoutoptimierung und Validierung, Simulation eines Schleifprozesses.<\/span><\/p>\n<\/div>\n<\/div><\/div><\/div><\/div><\/div><\/div><div id=\"pg-4851-3\"  class=\"panel-grid panel-has-style\" ><div class=\"siteorigin-panels-stretch panel-row-style panel-row-style-for-4851-3\" style=\"padding: 0px 0; \" data-stretch-type=\"full\" data-overlay=\"true\" data-overlay-color=\"#000000\" ><div id=\"pgc-4851-3-0\"  class=\"panel-grid-cell\" ><div id=\"panel-4851-3-0-0\" class=\"so-panel widget widget_sow-editor panel-first-child panel-last-child\" data-index=\"6\" ><div style=\"text-align: left;\" data-title-color=\"#443f3f\" data-headings-color=\"#443f3f\" class=\"panel-widget-style panel-widget-style-for-4851-3-0-0\" ><div\n\t\t\t\n\t\t\tclass=\"so-widget-sow-editor so-widget-sow-editor-base\"\n\t\t\t\n\t\t>\n<div class=\"siteorigin-widget-tinymce textwidget\">\n\t<p><strong>ANGEBOT<\/strong><\/p>\n<ul>\n<li>Machbarkeitsstudien<\/li>\n<li>Validierung von Prozessqualit\u00e4t, Zykluszeit, Anzahl der Roboter und Zellenabmessungen<\/li>\n<li>Auswahl von Werkzeugen, Ger\u00e4ten, Robotern<\/li>\n<li>Optimierung des Roboterzellenlayouts<\/li>\n<li>Roboter-Offline-Programmierung und Programmoptimierung<\/li>\n<li>Schulung am Arbeitsplatz<\/li>\n<li>Robotersimulation<\/li>\n<\/ul>\n<\/div>\n<\/div><\/div><\/div><\/div><div id=\"pgc-4851-3-1\"  class=\"panel-grid-cell\" ><div id=\"panel-4851-3-1-0\" class=\"so-panel widget widget_sow-editor panel-first-child panel-last-child\" data-index=\"7\" ><div style=\"text-align: left;\" data-title-color=\"#443f3f\" data-headings-color=\"#443f3f\" class=\"panel-widget-style panel-widget-style-for-4851-3-1-0\" ><div\n\t\t\t\n\t\t\tclass=\"so-widget-sow-editor so-widget-sow-editor-base\"\n\t\t\t\n\t\t>\n<div class=\"siteorigin-widget-tinymce textwidget\">\n\t<p><strong>UNTERST\u00dcTZTE PROZESSE<\/strong><\/p>\n<p>Niemand ist ein Experte f\u00fcr jeden Prozess. Wir oder unsere Partner k\u00f6nnen Sie bei folgenden Roboterprozessen unterst\u00fctzen:<\/p>\n<ul>\n<li>Schleifen, Polieren<\/li>\n<li>Lackieren, Pulverbeschichten<\/li>\n<li>Reinigung<\/li>\n<li>Entgraten<\/li>\n<li>Qualit\u00e4tskontrolle<\/li>\n<li>Griff-in-die-Kiste<\/li>\n<li>oder wenn Roboterzellen sehr eng sind.<\/li>\n<\/ul>\n<p>Wenn Sie Unterst\u00fctzung f\u00fcr andere Prozesse ben\u00f6tigen, k\u00f6nnen Ihnen unsere Partner helfen.<\/p>\n<\/div>\n<\/div><\/div><\/div><\/div><\/div><\/div><div id=\"pg-4851-4\"  class=\"panel-grid panel-has-style\" ><div style=\"padding: 100px 0; \" data-overlay=\"true\" data-overlay-color=\"#000000\" class=\"panel-row-style panel-row-style-for-4851-4\" ><div id=\"pgc-4851-4-0\"  class=\"panel-grid-cell\" ><div id=\"panel-4851-4-0-0\" class=\"so-panel widget widget_sow-editor panel-first-child panel-last-child\" data-index=\"8\" ><div style=\"text-align: left;\" data-title-color=\"#443f3f\" data-headings-color=\"#443f3f\" class=\"panel-widget-style panel-widget-style-for-4851-4-0-0\" ><div\n\t\t\t\n\t\t\tclass=\"so-widget-sow-editor so-widget-sow-editor-base\"\n\t\t\t\n\t\t>\n<div class=\"siteorigin-widget-tinymce textwidget\">\n\t<p>Wir bieten unabh\u00e4ngige Simulationen Dienstleistungen und Machbarkeitsstudien an. Wir bewerten die Prozessqualit\u00e4t, die mit Ihren urspr\u00fcnglichen CAD-Daten und Spezifikationen erreicht werden kann. Wir optimieren Zellen und Werkzeug-, Roboter- usw. Auswahl. F\u00fcr nicht triviale F\u00e4lle, kann ein WYSIWYG Simulationsservice auf einfache Weise N-mal mehr Geld sparen, als es kostet. Zumal wir oder Partner die Offline-Programmiersoftware AUTOMAPPPS verwenden, die mehrere Teile der Aufgabe automatisiert. Bei reaktiven Prozessen verwenden wir die Programmiersoftware AUTOMAPPPS reaktive f\u00fcr die Studie. In mehrfacher Hinsicht ist es mehr als eine Simulation, es ist ein Testlauf vor dem Aufbau der Zellen.<\/p>\n<\/div>\n<\/div><\/div><\/div><\/div><\/div><\/div><\/div>","protected":false},"excerpt":{"rendered":"<p>Dienstleistungen \/ Simulation Services \/ SimuaManchmal steht nicht gen\u00fcgend Zeit oder Personal oder Tools zur Verf\u00fcgung, um die geplante Automatisierungsaufgabe ohne zus\u00e4tzliche [&hellip;]<\/p>\n","protected":false},"author":2,"featured_media":0,"parent":0,"menu_order":0,"comment_status":"closed","ping_status":"closed","template":"page-templates\/page_front-page.php","meta":{"footnotes":""},"class_list":["post-4851","page","type-page","status-publish","hentry"],"yoast_head":"<!-- This site is optimized with the Yoast SEO plugin v26.6 - https:\/\/yoast.com\/wordpress\/plugins\/seo\/ -->\n<title>Dienstleistung auf Basis von Robotersimulation - Analyse, Optimierung, Machbarkeitsstudie.<\/title>\n<meta name=\"description\" content=\"Robotersimulation, Machbarkeitsstudien, Layoutoptimierung, Roboter-Offline-Programmierung, ... Wenn Ihnen nicht gen\u00fcgend Zeit oder Werkzeuge zur Verf\u00fcgung stehen, k\u00f6nnen wir Ihnen helfen.\" \/>\n<meta name=\"robots\" content=\"index, follow, max-snippet:-1, max-image-preview:large, max-video-preview:-1\" \/>\n<link rel=\"canonical\" href=\"https:\/\/convergent-it.com\/de\/dienstleistungen-simulation\/\" \/>\n<meta property=\"og:locale\" content=\"de_DE\" \/>\n<meta property=\"og:type\" content=\"article\" \/>\n<meta property=\"og:title\" content=\"Dienstleistung auf Basis von Robotersimulation - Analyse, Optimierung, Machbarkeitsstudie.\" \/>\n<meta property=\"og:description\" content=\"Robotersimulation, Machbarkeitsstudien, Layoutoptimierung, Roboter-Offline-Programmierung, ... Wenn Ihnen nicht gen\u00fcgend Zeit oder Werkzeuge zur Verf\u00fcgung stehen, k\u00f6nnen wir Ihnen helfen.\" \/>\n<meta property=\"og:url\" content=\"https:\/\/convergent-it.com\/de\/dienstleistungen-simulation\/\" \/>\n<meta property=\"og:site_name\" content=\"Convergent Information Technologies\" \/>\n<meta property=\"article:publisher\" content=\"https:\/\/www.facebook.com\/Convergent-Information-Technologies-GmbH-313223429088033\/\" \/>\n<meta property=\"article:modified_time\" content=\"2025-11-02T12:23:09+00:00\" \/>\n<meta property=\"og:image\" content=\"https:\/\/convergent-it.com\/wp-content\/uploads\/2017\/07\/Painting-Robot-OLP.jpg\" \/>\n<meta name=\"twitter:card\" content=\"summary_large_image\" \/>\n<meta name=\"twitter:label1\" content=\"Gesch\u00e4tzte Lesezeit\" \/>\n\t<meta name=\"twitter:data1\" content=\"3\u00a0Minuten\" \/>\n<script type=\"application\/ld+json\" class=\"yoast-schema-graph\">{\"@context\":\"https:\/\/schema.org\",\"@graph\":[{\"@type\":\"WebPage\",\"@id\":\"https:\/\/convergent-it.com\/de\/dienstleistungen-simulation\/\",\"url\":\"https:\/\/convergent-it.com\/de\/dienstleistungen-simulation\/\",\"name\":\"Dienstleistung auf Basis von Robotersimulation - Analyse, Optimierung, Machbarkeitsstudie.\",\"isPartOf\":{\"@id\":\"https:\/\/convergent-it.com\/it\/#website\"},\"primaryImageOfPage\":{\"@id\":\"https:\/\/convergent-it.com\/de\/dienstleistungen-simulation\/#primaryimage\"},\"image\":{\"@id\":\"https:\/\/convergent-it.com\/de\/dienstleistungen-simulation\/#primaryimage\"},\"thumbnailUrl\":\"https:\/\/convergent-it.com\/wp-content\/uploads\/2017\/07\/Painting-Robot-OLP.jpg\",\"datePublished\":\"2019-08-22T06:25:15+00:00\",\"dateModified\":\"2025-11-02T12:23:09+00:00\",\"description\":\"Robotersimulation, Machbarkeitsstudien, Layoutoptimierung, Roboter-Offline-Programmierung, ... Wenn Ihnen nicht gen\u00fcgend Zeit oder Werkzeuge zur Verf\u00fcgung stehen, k\u00f6nnen wir Ihnen helfen.\",\"breadcrumb\":{\"@id\":\"https:\/\/convergent-it.com\/de\/dienstleistungen-simulation\/#breadcrumb\"},\"inLanguage\":\"de\",\"potentialAction\":[{\"@type\":\"ReadAction\",\"target\":[\"https:\/\/convergent-it.com\/de\/dienstleistungen-simulation\/\"]}]},{\"@type\":\"ImageObject\",\"inLanguage\":\"de\",\"@id\":\"https:\/\/convergent-it.com\/de\/dienstleistungen-simulation\/#primaryimage\",\"url\":\"https:\/\/convergent-it.com\/wp-content\/uploads\/2017\/07\/Painting-Robot-OLP.jpg\",\"contentUrl\":\"https:\/\/convergent-it.com\/wp-content\/uploads\/2017\/07\/Painting-Robot-OLP.jpg\"},{\"@type\":\"BreadcrumbList\",\"@id\":\"https:\/\/convergent-it.com\/de\/dienstleistungen-simulation\/#breadcrumb\",\"itemListElement\":[{\"@type\":\"ListItem\",\"position\":1,\"name\":\"Home\",\"item\":\"https:\/\/convergent-it.com\/de\/\"},{\"@type\":\"ListItem\",\"position\":2,\"name\":\"Dienstleistungen \/ Simulation\"}]},{\"@type\":\"WebSite\",\"@id\":\"https:\/\/convergent-it.com\/it\/#website\",\"url\":\"https:\/\/convergent-it.com\/it\/\",\"name\":\"Convergent Information Technologies\",\"description\":\"\",\"publisher\":{\"@id\":\"https:\/\/convergent-it.com\/it\/#organization\"},\"potentialAction\":[{\"@type\":\"SearchAction\",\"target\":{\"@type\":\"EntryPoint\",\"urlTemplate\":\"https:\/\/convergent-it.com\/it\/?s={search_term_string}\"},\"query-input\":{\"@type\":\"PropertyValueSpecification\",\"valueRequired\":true,\"valueName\":\"search_term_string\"}}],\"inLanguage\":\"de\"},{\"@type\":\"Organization\",\"@id\":\"https:\/\/convergent-it.com\/it\/#organization\",\"name\":\"Convergent Information Technologies GmbH\",\"url\":\"https:\/\/convergent-it.com\/it\/\",\"logo\":{\"@type\":\"ImageObject\",\"inLanguage\":\"de\",\"@id\":\"https:\/\/convergent-it.com\/it\/#\/schema\/logo\/image\/\",\"url\":\"https:\/\/convergent-it.com\/wp-content\/uploads\/2017\/05\/CIT-logo-small.jpg\",\"contentUrl\":\"https:\/\/convergent-it.com\/wp-content\/uploads\/2017\/05\/CIT-logo-small.jpg\",\"width\":158,\"height\":70,\"caption\":\"Convergent Information Technologies GmbH\"},\"image\":{\"@id\":\"https:\/\/convergent-it.com\/it\/#\/schema\/logo\/image\/\"},\"sameAs\":[\"https:\/\/www.facebook.com\/Convergent-Information-Technologies-GmbH-313223429088033\/\",\"https:\/\/www.linkedin.com\/company\/convergent-information-technologies-gmbh\",\"https:\/\/www.youtube.com\/channel\/UCTUjIWi0G5KnOLnZRC_cmVA\"]}]}<\/script>\n<!-- \/ Yoast SEO plugin. -->","yoast_head_json":{"title":"Dienstleistung auf Basis von Robotersimulation - Analyse, Optimierung, Machbarkeitsstudie.","description":"Robotersimulation, Machbarkeitsstudien, Layoutoptimierung, Roboter-Offline-Programmierung, ... Wenn Ihnen nicht gen\u00fcgend Zeit oder Werkzeuge zur Verf\u00fcgung stehen, k\u00f6nnen wir Ihnen helfen.","robots":{"index":"index","follow":"follow","max-snippet":"max-snippet:-1","max-image-preview":"max-image-preview:large","max-video-preview":"max-video-preview:-1"},"canonical":"https:\/\/convergent-it.com\/de\/dienstleistungen-simulation\/","og_locale":"de_DE","og_type":"article","og_title":"Dienstleistung auf Basis von Robotersimulation - Analyse, Optimierung, Machbarkeitsstudie.","og_description":"Robotersimulation, Machbarkeitsstudien, Layoutoptimierung, Roboter-Offline-Programmierung, ... Wenn Ihnen nicht gen\u00fcgend Zeit oder Werkzeuge zur Verf\u00fcgung stehen, k\u00f6nnen wir Ihnen helfen.","og_url":"https:\/\/convergent-it.com\/de\/dienstleistungen-simulation\/","og_site_name":"Convergent Information Technologies","article_publisher":"https:\/\/www.facebook.com\/Convergent-Information-Technologies-GmbH-313223429088033\/","article_modified_time":"2025-11-02T12:23:09+00:00","og_image":[{"url":"https:\/\/convergent-it.com\/wp-content\/uploads\/2017\/07\/Painting-Robot-OLP.jpg","type":"","width":"","height":""}],"twitter_card":"summary_large_image","twitter_misc":{"Gesch\u00e4tzte Lesezeit":"3\u00a0Minuten"},"schema":{"@context":"https:\/\/schema.org","@graph":[{"@type":"WebPage","@id":"https:\/\/convergent-it.com\/de\/dienstleistungen-simulation\/","url":"https:\/\/convergent-it.com\/de\/dienstleistungen-simulation\/","name":"Dienstleistung auf Basis von Robotersimulation - Analyse, Optimierung, Machbarkeitsstudie.","isPartOf":{"@id":"https:\/\/convergent-it.com\/it\/#website"},"primaryImageOfPage":{"@id":"https:\/\/convergent-it.com\/de\/dienstleistungen-simulation\/#primaryimage"},"image":{"@id":"https:\/\/convergent-it.com\/de\/dienstleistungen-simulation\/#primaryimage"},"thumbnailUrl":"https:\/\/convergent-it.com\/wp-content\/uploads\/2017\/07\/Painting-Robot-OLP.jpg","datePublished":"2019-08-22T06:25:15+00:00","dateModified":"2025-11-02T12:23:09+00:00","description":"Robotersimulation, Machbarkeitsstudien, Layoutoptimierung, Roboter-Offline-Programmierung, ... Wenn Ihnen nicht gen\u00fcgend Zeit oder Werkzeuge zur Verf\u00fcgung stehen, k\u00f6nnen wir Ihnen helfen.","breadcrumb":{"@id":"https:\/\/convergent-it.com\/de\/dienstleistungen-simulation\/#breadcrumb"},"inLanguage":"de","potentialAction":[{"@type":"ReadAction","target":["https:\/\/convergent-it.com\/de\/dienstleistungen-simulation\/"]}]},{"@type":"ImageObject","inLanguage":"de","@id":"https:\/\/convergent-it.com\/de\/dienstleistungen-simulation\/#primaryimage","url":"https:\/\/convergent-it.com\/wp-content\/uploads\/2017\/07\/Painting-Robot-OLP.jpg","contentUrl":"https:\/\/convergent-it.com\/wp-content\/uploads\/2017\/07\/Painting-Robot-OLP.jpg"},{"@type":"BreadcrumbList","@id":"https:\/\/convergent-it.com\/de\/dienstleistungen-simulation\/#breadcrumb","itemListElement":[{"@type":"ListItem","position":1,"name":"Home","item":"https:\/\/convergent-it.com\/de\/"},{"@type":"ListItem","position":2,"name":"Dienstleistungen \/ Simulation"}]},{"@type":"WebSite","@id":"https:\/\/convergent-it.com\/it\/#website","url":"https:\/\/convergent-it.com\/it\/","name":"Convergent Information Technologies","description":"","publisher":{"@id":"https:\/\/convergent-it.com\/it\/#organization"},"potentialAction":[{"@type":"SearchAction","target":{"@type":"EntryPoint","urlTemplate":"https:\/\/convergent-it.com\/it\/?s={search_term_string}"},"query-input":{"@type":"PropertyValueSpecification","valueRequired":true,"valueName":"search_term_string"}}],"inLanguage":"de"},{"@type":"Organization","@id":"https:\/\/convergent-it.com\/it\/#organization","name":"Convergent Information Technologies GmbH","url":"https:\/\/convergent-it.com\/it\/","logo":{"@type":"ImageObject","inLanguage":"de","@id":"https:\/\/convergent-it.com\/it\/#\/schema\/logo\/image\/","url":"https:\/\/convergent-it.com\/wp-content\/uploads\/2017\/05\/CIT-logo-small.jpg","contentUrl":"https:\/\/convergent-it.com\/wp-content\/uploads\/2017\/05\/CIT-logo-small.jpg","width":158,"height":70,"caption":"Convergent Information Technologies GmbH"},"image":{"@id":"https:\/\/convergent-it.com\/it\/#\/schema\/logo\/image\/"},"sameAs":["https:\/\/www.facebook.com\/Convergent-Information-Technologies-GmbH-313223429088033\/","https:\/\/www.linkedin.com\/company\/convergent-information-technologies-gmbh","https:\/\/www.youtube.com\/channel\/UCTUjIWi0G5KnOLnZRC_cmVA"]}]}},"_links":{"self":[{"href":"https:\/\/convergent-it.com\/de\/wp-json\/wp\/v2\/pages\/4851","targetHints":{"allow":["GET"]}}],"collection":[{"href":"https:\/\/convergent-it.com\/de\/wp-json\/wp\/v2\/pages"}],"about":[{"href":"https:\/\/convergent-it.com\/de\/wp-json\/wp\/v2\/types\/page"}],"author":[{"embeddable":true,"href":"https:\/\/convergent-it.com\/de\/wp-json\/wp\/v2\/users\/2"}],"replies":[{"embeddable":true,"href":"https:\/\/convergent-it.com\/de\/wp-json\/wp\/v2\/comments?post=4851"}],"version-history":[{"count":3,"href":"https:\/\/convergent-it.com\/de\/wp-json\/wp\/v2\/pages\/4851\/revisions"}],"predecessor-version":[{"id":7234,"href":"https:\/\/convergent-it.com\/de\/wp-json\/wp\/v2\/pages\/4851\/revisions\/7234"}],"wp:attachment":[{"href":"https:\/\/convergent-it.com\/de\/wp-json\/wp\/v2\/media?parent=4851"}],"curies":[{"name":"wp","href":"https:\/\/api.w.org\/{rel}","templated":true}]}}