{"id":4849,"date":"2019-08-22T06:14:52","date_gmt":"2019-08-22T06:14:52","guid":{"rendered":"http:\/\/convergent-it.com\/robotersoftwaremodule\/"},"modified":"2025-11-02T13:25:31","modified_gmt":"2025-11-02T12:25:31","slug":"robotersoftwaremodule","status":"publish","type":"page","link":"https:\/\/convergent-it.com\/de\/robotersoftwaremodule\/","title":{"rendered":"Robotersoftwaremodule"},"content":{"rendered":"<div id=\"pl-4849\"  class=\"panel-layout\" ><div id=\"pg-4849-0\"  class=\"panel-grid panel-has-style\" ><div class=\"siteorigin-panels-stretch panel-row-style panel-row-style-for-4849-0\" style=\"padding: 0px 0; \" data-stretch-type=\"full\" data-overlay=\"true\" data-overlay-color=\"#000000\" ><div id=\"pgc-4849-0-0\"  class=\"panel-grid-cell\" ><div id=\"panel-4849-0-0-0\" class=\"so-panel widget widget_sow-editor panel-first-child panel-last-child widgetopts-SO\" data-index=\"0\" ><div style=\"text-align: left;\" data-title-color=\"#443f3f\" data-headings-color=\"#443f3f\" class=\"panel-widget-style panel-widget-style-for-4849-0-0-0\" ><div\n\t\t\t\n\t\t\tclass=\"so-widget-sow-editor so-widget-sow-editor-base\"\n\t\t\t\n\t\t>\n<div class=\"siteorigin-widget-tinymce textwidget\">\n\t<h1 style=\"text-align: center;\"><span style=\"font-size: 16pt;\"><strong>AUTOMAPPPS-Module - schnellere automatisierte Planung und industrielle Roboterprogrammiertechnologie<br \/>\n<\/strong><\/span><\/h1>\n<\/div>\n<\/div><\/div><\/div><\/div><\/div><\/div><div id=\"pg-4849-1\"  class=\"panel-grid panel-has-style\" ><div class=\"siteorigin-panels-stretch panel-row-style panel-row-style-for-4849-1\" style=\"padding: 0px 0; \" data-stretch-type=\"full\" data-overlay=\"true\" data-overlay-color=\"#000000\" ><div id=\"pgc-4849-1-0\"  class=\"panel-grid-cell\" ><div id=\"panel-4849-1-0-0\" class=\"so-panel widget widget_sow-editor panel-first-child panel-last-child widgetopts-SO\" data-index=\"1\" ><div style=\"text-align: left;\" data-title-color=\"#443f3f\" data-headings-color=\"#443f3f\" class=\"panel-widget-style panel-widget-style-for-4849-1-0-0\" ><div\n\t\t\t\n\t\t\tclass=\"so-widget-sow-editor so-widget-sow-editor-base\"\n\t\t\t\n\t\t>\n<div class=\"siteorigin-widget-tinymce textwidget\">\n\t<p>Folgen Sie dem Beispiel erfolgreicher Kunden: Bringen Sie Ihre eigenen wertsch\u00f6pfenden und kostensparenden Hard- und Softwareprodukte f\u00fcr die Programmierung von Industrierobotern schneller auf den Markt. Nutzen Sie unsere bew\u00e4hrte Roboterplanung und -programmierung sowie die im Hintergrund unsichtbare Simulationstechnologie. Das hat unsere Kunden \u00fcberzeugt:<\/p>\n<\/div>\n<\/div><\/div><\/div><\/div><\/div><\/div><div id=\"pg-4849-2\"  class=\"panel-grid panel-has-style\" ><div class=\"siteorigin-panels-stretch panel-row-style panel-row-style-for-4849-2\" style=\"padding: 0px 0; \" data-stretch-type=\"full\" data-overlay=\"true\" data-overlay-color=\"#000000\" ><div id=\"pgc-4849-2-0\"  class=\"panel-grid-cell\" ><div id=\"panel-4849-2-0-0\" class=\"so-panel widget widget_sow-editor panel-first-child panel-last-child widgetopts-SO\" data-index=\"2\" ><div style=\"text-align: left;\" data-title-color=\"#443f3f\" data-headings-color=\"#443f3f\" class=\"panel-widget-style panel-widget-style-for-4849-2-0-0\" ><div\n\t\t\t\n\t\t\tclass=\"so-widget-sow-editor so-widget-sow-editor-base\"\n\t\t\t\n\t\t>\n<div class=\"siteorigin-widget-tinymce textwidget\">\n\t<p><strong>VORTEILE:<\/strong><\/p>\n<ul>\n<li>Seien Sie Ihrer Konkurrenz voraus - haben Sie fortschrittlichere Roboterprodukte<\/li>\n<li>Seien Sie schneller - verk\u00fcrzen Sie die Markteinf\u00fchrungszeit Ihrer HW- und SW-Roboterprodukte<\/li>\n<li>Kosten sparen gegen\u00fcber eigener Entwicklung<\/li>\n<li>haben Sie Ihr einzigartiges Produkt und Design<\/li>\n<li>lizenzieren Sie nur das, was Sie zur Verbesserung Ihrer Roboterl\u00f6sungen ben\u00f6tigen<\/li>\n<li>Reduzieren Sie Ihr Risiko, setzen Sie branchenerprobte Technologie ein und erhalten Sie echte Unterst\u00fctzung von Experten<\/li>\n<li>Konzentrieren Sie Ihre eigenen Ressourcen auf die Schaffung von Werten und individuellen Alleinstellungsmerkmalen<\/li>\n<\/ul>\n<\/div>\n<\/div><\/div><\/div><\/div><div id=\"pgc-4849-2-1\"  class=\"panel-grid-cell\" ><div id=\"panel-4849-2-1-0\" class=\"so-panel widget widget_sow-editor panel-first-child panel-last-child widgetopts-SO\" data-index=\"3\" ><div style=\"text-align: left;\" data-title-color=\"#443f3f\" data-headings-color=\"#443f3f\" class=\"panel-widget-style panel-widget-style-for-4849-2-1-0\" ><div\n\t\t\t\n\t\t\tclass=\"so-widget-sow-editor so-widget-sow-editor-base\"\n\t\t\t\n\t\t>\n<div class=\"siteorigin-widget-tinymce textwidget\">\n\t<p><img loading=\"lazy\" decoding=\"async\" class=\"size-full wp-image-2047 aligncenter\" src=\"https:\/\/convergent-it.com\/wp-content\/uploads\/2017\/06\/Confidential.png\" alt=\"Weitere Details zur White-Label Programmiersoftware f\u00fcr Industrieroboter sind vertraulich\" width=\"408\" height=\"171\" srcset=\"https:\/\/convergent-it.com\/wp-content\/uploads\/2017\/06\/Confidential.png 408w, https:\/\/convergent-it.com\/wp-content\/uploads\/2017\/06\/Confidential-300x126.png 300w\" sizes=\"auto, (max-width: 408px) 100vw, 408px\" \/><\/p>\n<\/div>\n<\/div><\/div><\/div><\/div><\/div><\/div><div id=\"pg-4849-3\"  class=\"panel-grid panel-has-style\" ><div class=\"siteorigin-panels-stretch panel-row-style panel-row-style-for-4849-3\" style=\"padding: 0px 0; \" data-stretch-type=\"full\" data-overlay=\"true\" data-overlay-color=\"#000000\" ><div id=\"pgc-4849-3-0\"  class=\"panel-grid-cell\" ><div id=\"panel-4849-3-0-0\" class=\"so-panel widget widget_sow-editor panel-first-child panel-last-child widgetopts-SO\" data-index=\"4\" ><div style=\"text-align: left;\" data-title-color=\"#443f3f\" data-headings-color=\"#443f3f\" class=\"panel-widget-style panel-widget-style-for-4849-3-0-0\" ><div\n\t\t\t\n\t\t\tclass=\"so-widget-sow-editor so-widget-sow-editor-base\"\n\t\t\t\n\t\t>\n<div class=\"siteorigin-widget-tinymce textwidget\">\n\t<p><strong>Liste der verf\u00fcgbaren Module und Technologien:<\/strong><\/p>\n<ul>\n<li>Multi-Roboter-Bewegungsplanung<\/li>\n<li>Robotersimulation und Programmierung<\/li>\n<li>Prozesssimulation und -planung<\/li>\n<li>Softwarekomponenten f\u00fcr die Roboter-Offline-Programmierung<\/li>\n<li>CAM, CAD, GUI<\/li>\n<li>Reaktive Technologien<\/li>\n<li>Industrie 4.0 und Interaktionstechnologie<\/li>\n<li>... und vieles mehr<\/li>\n<\/ul>\n<\/div>\n<\/div><\/div><\/div><\/div><\/div><\/div><div id=\"pg-4849-4\"  class=\"panel-grid panel-has-style\" ><div style=\"padding: 100px 0; \" data-overlay=\"true\" data-overlay-color=\"#000000\" class=\"panel-row-style panel-row-style-for-4849-4\" ><div id=\"pgc-4849-4-0\"  class=\"panel-grid-cell\" ><div id=\"panel-4849-4-0-0\" class=\"so-panel widget widget_sow-editor panel-first-child panel-last-child widgetopts-SO\" data-index=\"5\" ><div style=\"text-align: left;\" data-title-color=\"#443f3f\" data-headings-color=\"#443f3f\" class=\"panel-widget-style panel-widget-style-for-4849-4-0-0\" ><div\n\t\t\t\n\t\t\tclass=\"so-widget-sow-editor so-widget-sow-editor-base\"\n\t\t\t\n\t\t>\n<div class=\"siteorigin-widget-tinymce textwidget\">\n\t<p><strong>Chancen:<\/strong><\/p>\n<p>F\u00fcr Kunden, die nicht das gesamte Paket an Roboterprogrammierungs- und Planungssoftware ben\u00f6tigen, bieten wir einzelne Module der AUTOMAPPPS Technologie an. Behalten Sie Ihre eigene Corporate Identity und grafische Benutzeroberfl\u00e4che (GUI). Profitieren Sie von f\u00fchrender Planungs-, Programmier- und Simulationstechnik<\/p>\n<ul>\n<li>Bew\u00e4hrt in zig Millionen generierten Roboterprogrammen<\/li>\n<li>mit der passenden Granularit\u00e4t und Modulgr\u00f6\u00dfe<\/li>\n<li>passend f\u00fcr \"no size fits all\"<\/li>\n<li>angepasst an ihre eigenen Roboter<\/li>\n<li>Unterst\u00fctzt Ihre eigene Hardware und Tools<\/li>\n<\/ul>\n<p>Professionelle Auftragsforschung und -entwicklung, Mitentwicklung und Integrationsunterst\u00fctzung optional.<\/p>\n<\/div>\n<\/div><\/div><\/div><\/div><\/div><\/div><\/div>","protected":false},"excerpt":{"rendered":"<p>AUTOMAPPPS-Module &#8211; schnellere automatisierte Planung und industrielle Roboterprogrammiertechnologie Folgen Sie dem Beispiel erfolgreicher Kunden: Bringen Sie Ihre eigenen wertsch\u00f6pfenden und kostensparenden Hard- [&hellip;]<\/p>\n","protected":false},"author":2,"featured_media":0,"parent":0,"menu_order":0,"comment_status":"closed","ping_status":"closed","template":"page-templates\/page_front-page.php","meta":{"footnotes":""},"class_list":["post-4849","page","type-page","status-publish","hentry"],"yoast_head":"<!-- This site is optimized with the Yoast SEO plugin v26.6 - https:\/\/yoast.com\/wordpress\/plugins\/seo\/ -->\n<title>Industrieroboterprogrammierung - Verwenden Sie AUTOMAPPPS-Module<\/title>\n<meta name=\"description\" content=\"AUTOMAPPPS-Module f\u00fcr die Programmierung von Industrierobotern. Schnelleres Entwickeln eigener Produkte oder L\u00f6sungen auf der Basis von Technologien, die sich in Millionen von Roboterprogrammen bew\u00e4hrt haben.\" \/>\n<meta name=\"robots\" content=\"index, follow, max-snippet:-1, max-image-preview:large, max-video-preview:-1\" \/>\n<link rel=\"canonical\" href=\"https:\/\/convergent-it.com\/de\/robotersoftwaremodule\/\" \/>\n<meta property=\"og:locale\" content=\"de_DE\" \/>\n<meta property=\"og:type\" content=\"article\" \/>\n<meta property=\"og:title\" content=\"Industrieroboterprogrammierung - Verwenden Sie AUTOMAPPPS-Module\" \/>\n<meta property=\"og:description\" content=\"AUTOMAPPPS-Module f\u00fcr die Programmierung von Industrierobotern. Schnelleres Entwickeln eigener Produkte oder L\u00f6sungen auf der Basis von Technologien, die sich in Millionen von Roboterprogrammen bew\u00e4hrt haben.\" \/>\n<meta property=\"og:url\" content=\"https:\/\/convergent-it.com\/de\/robotersoftwaremodule\/\" \/>\n<meta property=\"og:site_name\" content=\"Convergent Information Technologies\" \/>\n<meta property=\"article:publisher\" content=\"https:\/\/www.facebook.com\/Convergent-Information-Technologies-GmbH-313223429088033\/\" \/>\n<meta property=\"article:modified_time\" content=\"2025-11-02T12:25:31+00:00\" \/>\n<meta property=\"og:image\" content=\"https:\/\/convergent-it.com\/wp-content\/uploads\/2017\/06\/Confidential.png\" \/>\n\t<meta property=\"og:image:width\" content=\"408\" \/>\n\t<meta property=\"og:image:height\" content=\"171\" \/>\n\t<meta property=\"og:image:type\" content=\"image\/png\" \/>\n<meta name=\"twitter:card\" content=\"summary_large_image\" \/>\n<meta name=\"twitter:label1\" content=\"Gesch\u00e4tzte Lesezeit\" \/>\n\t<meta name=\"twitter:data1\" content=\"2\u00a0Minuten\" \/>\n<script type=\"application\/ld+json\" class=\"yoast-schema-graph\">{\"@context\":\"https:\/\/schema.org\",\"@graph\":[{\"@type\":\"WebPage\",\"@id\":\"https:\/\/convergent-it.com\/de\/robotersoftwaremodule\/\",\"url\":\"https:\/\/convergent-it.com\/de\/robotersoftwaremodule\/\",\"name\":\"Industrieroboterprogrammierung - Verwenden Sie AUTOMAPPPS-Module\",\"isPartOf\":{\"@id\":\"https:\/\/convergent-it.com\/it\/#website\"},\"primaryImageOfPage\":{\"@id\":\"https:\/\/convergent-it.com\/de\/robotersoftwaremodule\/#primaryimage\"},\"image\":{\"@id\":\"https:\/\/convergent-it.com\/de\/robotersoftwaremodule\/#primaryimage\"},\"thumbnailUrl\":\"https:\/\/convergent-it.com\/wp-content\/uploads\/2017\/06\/Confidential.png\",\"datePublished\":\"2019-08-22T06:14:52+00:00\",\"dateModified\":\"2025-11-02T12:25:31+00:00\",\"description\":\"AUTOMAPPPS-Module f\u00fcr die Programmierung von Industrierobotern. Schnelleres Entwickeln eigener Produkte oder L\u00f6sungen auf der Basis von Technologien, die sich in Millionen von Roboterprogrammen bew\u00e4hrt haben.\",\"breadcrumb\":{\"@id\":\"https:\/\/convergent-it.com\/de\/robotersoftwaremodule\/#breadcrumb\"},\"inLanguage\":\"de\",\"potentialAction\":[{\"@type\":\"ReadAction\",\"target\":[\"https:\/\/convergent-it.com\/de\/robotersoftwaremodule\/\"]}]},{\"@type\":\"ImageObject\",\"inLanguage\":\"de\",\"@id\":\"https:\/\/convergent-it.com\/de\/robotersoftwaremodule\/#primaryimage\",\"url\":\"https:\/\/convergent-it.com\/wp-content\/uploads\/2017\/06\/Confidential.png\",\"contentUrl\":\"https:\/\/convergent-it.com\/wp-content\/uploads\/2017\/06\/Confidential.png\"},{\"@type\":\"BreadcrumbList\",\"@id\":\"https:\/\/convergent-it.com\/de\/robotersoftwaremodule\/#breadcrumb\",\"itemListElement\":[{\"@type\":\"ListItem\",\"position\":1,\"name\":\"Home\",\"item\":\"https:\/\/convergent-it.com\/de\/\"},{\"@type\":\"ListItem\",\"position\":2,\"name\":\"Robotersoftwaremodule\"}]},{\"@type\":\"WebSite\",\"@id\":\"https:\/\/convergent-it.com\/it\/#website\",\"url\":\"https:\/\/convergent-it.com\/it\/\",\"name\":\"Convergent Information Technologies\",\"description\":\"\",\"publisher\":{\"@id\":\"https:\/\/convergent-it.com\/it\/#organization\"},\"potentialAction\":[{\"@type\":\"SearchAction\",\"target\":{\"@type\":\"EntryPoint\",\"urlTemplate\":\"https:\/\/convergent-it.com\/it\/?s={search_term_string}\"},\"query-input\":{\"@type\":\"PropertyValueSpecification\",\"valueRequired\":true,\"valueName\":\"search_term_string\"}}],\"inLanguage\":\"de\"},{\"@type\":\"Organization\",\"@id\":\"https:\/\/convergent-it.com\/it\/#organization\",\"name\":\"Convergent Information Technologies GmbH\",\"url\":\"https:\/\/convergent-it.com\/it\/\",\"logo\":{\"@type\":\"ImageObject\",\"inLanguage\":\"de\",\"@id\":\"https:\/\/convergent-it.com\/it\/#\/schema\/logo\/image\/\",\"url\":\"https:\/\/convergent-it.com\/wp-content\/uploads\/2017\/05\/CIT-logo-small.jpg\",\"contentUrl\":\"https:\/\/convergent-it.com\/wp-content\/uploads\/2017\/05\/CIT-logo-small.jpg\",\"width\":158,\"height\":70,\"caption\":\"Convergent Information Technologies GmbH\"},\"image\":{\"@id\":\"https:\/\/convergent-it.com\/it\/#\/schema\/logo\/image\/\"},\"sameAs\":[\"https:\/\/www.facebook.com\/Convergent-Information-Technologies-GmbH-313223429088033\/\",\"https:\/\/www.linkedin.com\/company\/convergent-information-technologies-gmbh\",\"https:\/\/www.youtube.com\/channel\/UCTUjIWi0G5KnOLnZRC_cmVA\"]}]}<\/script>\n<!-- \/ Yoast SEO plugin. -->","yoast_head_json":{"title":"Industrieroboterprogrammierung - Verwenden Sie AUTOMAPPPS-Module","description":"AUTOMAPPPS-Module f\u00fcr die Programmierung von Industrierobotern. Schnelleres Entwickeln eigener Produkte oder L\u00f6sungen auf der Basis von Technologien, die sich in Millionen von Roboterprogrammen bew\u00e4hrt haben.","robots":{"index":"index","follow":"follow","max-snippet":"max-snippet:-1","max-image-preview":"max-image-preview:large","max-video-preview":"max-video-preview:-1"},"canonical":"https:\/\/convergent-it.com\/de\/robotersoftwaremodule\/","og_locale":"de_DE","og_type":"article","og_title":"Industrieroboterprogrammierung - Verwenden Sie AUTOMAPPPS-Module","og_description":"AUTOMAPPPS-Module f\u00fcr die Programmierung von Industrierobotern. Schnelleres Entwickeln eigener Produkte oder L\u00f6sungen auf der Basis von Technologien, die sich in Millionen von Roboterprogrammen bew\u00e4hrt haben.","og_url":"https:\/\/convergent-it.com\/de\/robotersoftwaremodule\/","og_site_name":"Convergent Information Technologies","article_publisher":"https:\/\/www.facebook.com\/Convergent-Information-Technologies-GmbH-313223429088033\/","article_modified_time":"2025-11-02T12:25:31+00:00","og_image":[{"width":408,"height":171,"url":"https:\/\/convergent-it.com\/wp-content\/uploads\/2017\/06\/Confidential.png","type":"image\/png"}],"twitter_card":"summary_large_image","twitter_misc":{"Gesch\u00e4tzte Lesezeit":"2\u00a0Minuten"},"schema":{"@context":"https:\/\/schema.org","@graph":[{"@type":"WebPage","@id":"https:\/\/convergent-it.com\/de\/robotersoftwaremodule\/","url":"https:\/\/convergent-it.com\/de\/robotersoftwaremodule\/","name":"Industrieroboterprogrammierung - Verwenden Sie AUTOMAPPPS-Module","isPartOf":{"@id":"https:\/\/convergent-it.com\/it\/#website"},"primaryImageOfPage":{"@id":"https:\/\/convergent-it.com\/de\/robotersoftwaremodule\/#primaryimage"},"image":{"@id":"https:\/\/convergent-it.com\/de\/robotersoftwaremodule\/#primaryimage"},"thumbnailUrl":"https:\/\/convergent-it.com\/wp-content\/uploads\/2017\/06\/Confidential.png","datePublished":"2019-08-22T06:14:52+00:00","dateModified":"2025-11-02T12:25:31+00:00","description":"AUTOMAPPPS-Module f\u00fcr die Programmierung von Industrierobotern. Schnelleres Entwickeln eigener Produkte oder L\u00f6sungen auf der Basis von Technologien, die sich in Millionen von Roboterprogrammen bew\u00e4hrt haben.","breadcrumb":{"@id":"https:\/\/convergent-it.com\/de\/robotersoftwaremodule\/#breadcrumb"},"inLanguage":"de","potentialAction":[{"@type":"ReadAction","target":["https:\/\/convergent-it.com\/de\/robotersoftwaremodule\/"]}]},{"@type":"ImageObject","inLanguage":"de","@id":"https:\/\/convergent-it.com\/de\/robotersoftwaremodule\/#primaryimage","url":"https:\/\/convergent-it.com\/wp-content\/uploads\/2017\/06\/Confidential.png","contentUrl":"https:\/\/convergent-it.com\/wp-content\/uploads\/2017\/06\/Confidential.png"},{"@type":"BreadcrumbList","@id":"https:\/\/convergent-it.com\/de\/robotersoftwaremodule\/#breadcrumb","itemListElement":[{"@type":"ListItem","position":1,"name":"Home","item":"https:\/\/convergent-it.com\/de\/"},{"@type":"ListItem","position":2,"name":"Robotersoftwaremodule"}]},{"@type":"WebSite","@id":"https:\/\/convergent-it.com\/it\/#website","url":"https:\/\/convergent-it.com\/it\/","name":"Convergent Information Technologies","description":"","publisher":{"@id":"https:\/\/convergent-it.com\/it\/#organization"},"potentialAction":[{"@type":"SearchAction","target":{"@type":"EntryPoint","urlTemplate":"https:\/\/convergent-it.com\/it\/?s={search_term_string}"},"query-input":{"@type":"PropertyValueSpecification","valueRequired":true,"valueName":"search_term_string"}}],"inLanguage":"de"},{"@type":"Organization","@id":"https:\/\/convergent-it.com\/it\/#organization","name":"Convergent Information Technologies GmbH","url":"https:\/\/convergent-it.com\/it\/","logo":{"@type":"ImageObject","inLanguage":"de","@id":"https:\/\/convergent-it.com\/it\/#\/schema\/logo\/image\/","url":"https:\/\/convergent-it.com\/wp-content\/uploads\/2017\/05\/CIT-logo-small.jpg","contentUrl":"https:\/\/convergent-it.com\/wp-content\/uploads\/2017\/05\/CIT-logo-small.jpg","width":158,"height":70,"caption":"Convergent Information Technologies GmbH"},"image":{"@id":"https:\/\/convergent-it.com\/it\/#\/schema\/logo\/image\/"},"sameAs":["https:\/\/www.facebook.com\/Convergent-Information-Technologies-GmbH-313223429088033\/","https:\/\/www.linkedin.com\/company\/convergent-information-technologies-gmbh","https:\/\/www.youtube.com\/channel\/UCTUjIWi0G5KnOLnZRC_cmVA"]}]}},"_links":{"self":[{"href":"https:\/\/convergent-it.com\/de\/wp-json\/wp\/v2\/pages\/4849","targetHints":{"allow":["GET"]}}],"collection":[{"href":"https:\/\/convergent-it.com\/de\/wp-json\/wp\/v2\/pages"}],"about":[{"href":"https:\/\/convergent-it.com\/de\/wp-json\/wp\/v2\/types\/page"}],"author":[{"embeddable":true,"href":"https:\/\/convergent-it.com\/de\/wp-json\/wp\/v2\/users\/2"}],"replies":[{"embeddable":true,"href":"https:\/\/convergent-it.com\/de\/wp-json\/wp\/v2\/comments?post=4849"}],"version-history":[{"count":2,"href":"https:\/\/convergent-it.com\/de\/wp-json\/wp\/v2\/pages\/4849\/revisions"}],"predecessor-version":[{"id":7247,"href":"https:\/\/convergent-it.com\/de\/wp-json\/wp\/v2\/pages\/4849\/revisions\/7247"}],"wp:attachment":[{"href":"https:\/\/convergent-it.com\/de\/wp-json\/wp\/v2\/media?parent=4849"}],"curies":[{"name":"wp","href":"https:\/\/api.w.org\/{rel}","templated":true}]}}