{"id":4845,"date":"2019-08-22T05:49:53","date_gmt":"2019-08-22T05:49:53","guid":{"rendered":"http:\/\/convergent-it.com\/automatische-roboterprogrammierung\/"},"modified":"2025-11-02T13:21:42","modified_gmt":"2025-11-02T12:21:42","slug":"automatische-roboterprogrammierung","status":"publish","type":"page","link":"https:\/\/convergent-it.com\/de\/automatische-roboterprogrammierung\/","title":{"rendered":"Automatische Roboterprogrammierung"},"content":{"rendered":"<div id=\"pl-4845\"  class=\"panel-layout\" ><div id=\"pg-4845-0\"  class=\"panel-grid panel-has-style\" ><div class=\"siteorigin-panels-stretch panel-row-style panel-row-style-for-4845-0\" style=\"padding: 0px 0; \" data-stretch-type=\"full\" data-overlay=\"true\" data-overlay-color=\"#000000\" ><div id=\"pgc-4845-0-0\"  class=\"panel-grid-cell\" ><div id=\"panel-4845-0-0-0\" class=\"so-panel widget widget_sow-editor panel-first-child panel-last-child widgetopts-SO\" data-index=\"0\" ><div style=\"text-align: left;\" data-title-color=\"#443f3f\" data-headings-color=\"#443f3f\" class=\"panel-widget-style panel-widget-style-for-4845-0-0-0\" ><div\n\t\t\t\n\t\t\tclass=\"so-widget-sow-editor so-widget-sow-editor-base\"\n\t\t\t\n\t\t>\n<div class=\"siteorigin-widget-tinymce textwidget\">\n\t<h1 style=\"text-align: center;\"><span style=\"font-size: 16pt;\"><strong>AUTOMAPPPS - Reaktiv: Automatische Roboterprogrammierung<\/strong><\/span><\/h1>\n<\/div>\n<\/div><\/div><\/div><\/div><\/div><\/div><div id=\"pg-4845-1\"  class=\"panel-grid panel-has-style\" ><div class=\"siteorigin-panels-stretch panel-row-style panel-row-style-for-4845-1\" style=\"padding: 0px 0; \" data-stretch-type=\"full\" data-overlay=\"true\" data-overlay-color=\"#000000\" ><div id=\"pgc-4845-1-0\"  class=\"panel-grid-cell\" ><div id=\"panel-4845-1-0-0\" class=\"so-panel widget widget_sow-editor panel-first-child panel-last-child widgetopts-SO\" data-index=\"1\" ><div style=\"text-align: left;\" data-title-color=\"#443f3f\" data-headings-color=\"#443f3f\" class=\"panel-widget-style panel-widget-style-for-4845-1-0-0\" ><div\n\t\t\t\n\t\t\tclass=\"so-widget-sow-editor so-widget-sow-editor-base\"\n\t\t\t\n\t\t>\n<div class=\"siteorigin-widget-tinymce textwidget\">\n\t<p>Erzeugen Sie Roboterprogramme automatisch innerhalb von Sekunden - bis zu 1000-mal schneller als herk\u00f6mmlich. Automatisieren Sie auch Prozesse und Aufgaben mit extremen Varianten, die ohne automatisierte Roboterprogrammierung oder reaktive Roboterprogrammierung nicht denkbar sind: Ausbessern und Beheben von Fehlern, die Sekunden zuvor entdeckt wurden, visuelles Entgraten und Formkorrekturen, und Produkte der Losgr\u00f6\u00dfe 1 usw. Mit AUTOMAPPPS vollautomatischer Roboterprogrammierung ist die L\u00f6sung der Zukunft schon heute verf\u00fcgbar. Denn die Software plant und programmiert Industrieroboter innerhalb von Sekunden - ohne menschliches Eingreifen - und macht Roboter damit wirklich reaktiv und Echtzeit-f\u00e4hig. Reaktive und Realtime Robotik f\u00fcr die Produktion.<\/p>\n<\/div>\n<\/div><\/div><\/div><\/div><\/div><\/div><div id=\"pg-4845-2\"  class=\"panel-grid panel-has-style\" ><div class=\"siteorigin-panels-stretch panel-row-style panel-row-style-for-4845-2\" style=\"padding: 0px 0; \" data-stretch-type=\"full\" data-overlay=\"true\" data-overlay-color=\"#000000\" ><div id=\"pgc-4845-2-0\"  class=\"panel-grid-cell\" ><div id=\"panel-4845-2-0-0\" class=\"so-panel widget widget_sow-editor panel-first-child panel-last-child widgetopts-SO\" data-index=\"2\" ><div style=\"text-align: left;\" data-title-color=\"#443f3f\" data-headings-color=\"#443f3f\" class=\"panel-widget-style panel-widget-style-for-4845-2-0-0\" ><div\n\t\t\t\n\t\t\tclass=\"so-widget-sow-editor so-widget-sow-editor-base\"\n\t\t\t\n\t\t>\n<div class=\"siteorigin-widget-tinymce textwidget\">\n\t<p><strong>VORTEILE:<\/strong><\/p>\n<\/div>\n<\/div><\/div><\/div><\/div><\/div><\/div><div id=\"pg-4845-3\"  class=\"panel-grid panel-has-style\" ><div class=\"siteorigin-panels-stretch panel-row-style panel-row-style-for-4845-3\" style=\"padding: 0px 0; \" data-stretch-type=\"full\" data-overlay=\"true\" data-overlay-color=\"#000000\" ><div id=\"pgc-4845-3-0\"  class=\"panel-grid-cell\" ><div id=\"panel-4845-3-0-0\" class=\"so-panel widget widget_sow-editor panel-first-child panel-last-child widgetopts-SO\" data-index=\"3\" ><div style=\"text-align: left;\" data-title-color=\"#443f3f\" data-headings-color=\"#443f3f\" class=\"panel-widget-style panel-widget-style-for-4845-3-0-0\" ><div\n\t\t\t\n\t\t\tclass=\"so-widget-sow-editor so-widget-sow-editor-base\"\n\t\t\t\n\t\t>\n<div class=\"siteorigin-widget-tinymce textwidget\">\n\t<p><strong>Losgr\u00f6\u00dfe 1 automatisieren:<\/strong><\/p>\n<ul>\n<li>Programmiert jeden Job einzeln<\/li>\n<li>Ohne Benutzereingriff<\/li>\n<\/ul>\n<p><strong>Kosteneffizientes Line-Tracking<\/strong><\/p>\n<ul>\n<li>Keine zus\u00e4tzliche Hardware erforderlich<\/li>\n<li>Automatische Ber\u00fccksichtigung der Werkst\u00fcckbewegung<\/li>\n<\/ul>\n<p><strong>Reduzierung der Zykluszeit<\/strong><\/p>\n<ul>\n<li>Koordination von Robotern im selben Arbeitsbereich<\/li>\n<li>Automatische Optimierung<\/li>\n<\/ul>\n<\/div>\n<\/div><\/div><\/div><\/div><div id=\"pgc-4845-3-1\"  class=\"panel-grid-cell\" ><div id=\"panel-4845-3-1-0\" class=\"so-panel widget widget_sow-editor panel-first-child panel-last-child widgetopts-SO\" data-index=\"4\" ><div style=\"text-align: left;\" data-title-color=\"#443f3f\" data-headings-color=\"#443f3f\" class=\"panel-widget-style panel-widget-style-for-4845-3-1-0\" ><div\n\t\t\t\n\t\t\tclass=\"so-widget-sow-editor so-widget-sow-editor-base\"\n\t\t\t\n\t\t>\n<div class=\"siteorigin-widget-tinymce textwidget\">\n\t<p><strong>Minimale Reaktionszeit, echtzeitf\u00e4hig:<\/strong><\/p>\n<ul>\n<li>Vollautomatische Programmierung<\/li>\n<li>Bis zu 1000-mal schneller als manuell<\/li>\n<li>Die Planungszeit kann im laufenden Betrieb eingestellt werden<\/li>\n<li>Real-Time Robotik und Automation.<\/li>\n<li>Parallelisierbar<\/li>\n<\/ul>\n<p><strong>Gleicht gro\u00dfe Positionsabweichungen aus<\/strong><\/p>\n<ul>\n<li>Anpassung durch schnelle Online-Planung<\/li>\n<li>Kollisionsfrei auch bei unterschiedlichen Konfigurationen<\/li>\n<\/ul>\n<\/div>\n<\/div><\/div><\/div><\/div><div id=\"pgc-4845-3-2\"  class=\"panel-grid-cell\" ><div id=\"panel-4845-3-2-0\" class=\"so-panel widget widget_sow-editor panel-first-child panel-last-child widgetopts-SO\" data-index=\"5\" ><div style=\"text-align: left;\" data-title-color=\"#443f3f\" data-headings-color=\"#443f3f\" class=\"panel-widget-style panel-widget-style-for-4845-3-2-0\" ><div\n\t\t\t\n\t\t\tclass=\"so-widget-sow-editor so-widget-sow-editor-base\"\n\t\t\t\n\t\t>\n<div class=\"siteorigin-widget-tinymce textwidget\">\n\t<p><img loading=\"lazy\" decoding=\"async\" class=\"alignleft wp-image-2484 size-full\" src=\"https:\/\/convergent-it.com\/wp-content\/uploads\/2017\/06\/reactive-robot-spot-repair.jpg\" alt=\"automatisierte Planung von Reparatur und Defekt (Vor-)Behandlung mit Robotern\" width=\"335\" height=\"150\" srcset=\"https:\/\/convergent-it.com\/wp-content\/uploads\/2017\/06\/reactive-robot-spot-repair.jpg 335w, https:\/\/convergent-it.com\/wp-content\/uploads\/2017\/06\/reactive-robot-spot-repair-300x134.jpg 300w\" sizes=\"auto, (max-width: 335px) 100vw, 335px\" \/><\/p>\n<p><img loading=\"lazy\" decoding=\"async\" class=\"alignleft wp-image-2485 size-full\" src=\"https:\/\/convergent-it.com\/wp-content\/uploads\/2017\/06\/Spot-repair.png\" alt=\"automatische Reparatur mit Robotern - automatisch programmiert mit AUTOMAPPPS Software\" width=\"335\" height=\"150\" srcset=\"https:\/\/convergent-it.com\/wp-content\/uploads\/2017\/06\/Spot-repair.png 335w, https:\/\/convergent-it.com\/wp-content\/uploads\/2017\/06\/Spot-repair-300x134.png 300w\" sizes=\"auto, (max-width: 335px) 100vw, 335px\" \/><\/p>\n<p style=\"text-align: left; font-size: 12px; line-height: 18px;\">Bild mit freundlicher Genehmigung der ATENSOR Engineering and Technology Systems GmbH, \u00d6sterreich<\/p>\n<\/div>\n<\/div><\/div><\/div><\/div><\/div><\/div><div id=\"pg-4845-4\"  class=\"panel-grid panel-has-style\" ><div class=\"siteorigin-panels-stretch panel-row-style panel-row-style-for-4845-4\" style=\"padding: 0px 0; \" data-stretch-type=\"full\" data-overlay=\"true\" data-overlay-color=\"#000000\" ><div id=\"pgc-4845-4-0\"  class=\"panel-grid-cell\" ><div id=\"panel-4845-4-0-0\" class=\"so-panel widget widget_sow-editor panel-first-child panel-last-child widgetopts-SO\" data-index=\"6\" ><div style=\"text-align: left;\" data-title-color=\"#443f3f\" data-headings-color=\"#443f3f\" class=\"panel-widget-style panel-widget-style-for-4845-4-0-0\" ><div\n\t\t\t\n\t\t\tclass=\"so-widget-sow-editor so-widget-sow-editor-base\"\n\t\t\t\n\t\t>\n<div class=\"siteorigin-widget-tinymce textwidget\">\n\t<p>ANSATZ:<\/p>\n<ol>\n<li>Schnittstelle zu vorhergehenden Prozessen oder Sensoren<\/li>\n<li>Reaktive Planung von Prozessen und Abl\u00e4ufen<\/li>\n<li>Eingebettete Simulation als Optimierungskriterium<\/li>\n<li>Automatisierte Vermeidung von Roboterkollisionen<\/li>\n<li>Automatisierte Robotercode-Generierung<\/li>\n<\/ol>\n<p>Die gesamte Roboterprogrammierung erfolgt innerhalb von Sekunden.<\/p>\n<p>Wirklich 100% automatisierte Roboterprogrammierung wird erreicht.<\/p>\n<\/div>\n<\/div><\/div><\/div><\/div><div id=\"pgc-4845-4-1\"  class=\"panel-grid-cell\" ><div id=\"panel-4845-4-1-0\" class=\"so-panel widget widget_sow-editor panel-first-child panel-last-child widgetopts-SO\" data-index=\"7\" ><div style=\"text-align: left;\" data-title-color=\"#443f3f\" data-headings-color=\"#443f3f\" class=\"panel-widget-style panel-widget-style-for-4845-4-1-0\" ><div\n\t\t\t\n\t\t\tclass=\"so-widget-sow-editor so-widget-sow-editor-base\"\n\t\t\t\n\t\t>\n<div class=\"siteorigin-widget-tinymce textwidget\">\n\t<p>UNTERST\u00dcTZTE PROZESSE<\/p>\n<ul>\n<li>Reparatur, Ausbesseren (MRO)<\/li>\n<li>Entgraten<\/li>\n<li>Reaktives Fr\u00e4sen, Formkorrektur<\/li>\n<li>Schleifen, Schleifen, Polieren<\/li>\n<li>Markieren<\/li>\n<li>Schneiden<\/li>\n<li>Qualit\u00e4tskontrolle<\/li>\n<\/ul>\n<p><span style=\"text-decoration: underline;\"><strong><a href=\"https:\/\/convergent-it.com\/wp-content\/uploads\/2018\/04\/AUTOMAPPPS-reactive-robot-programming-2016-en.zip\">Laden Sie den Flyer herunter<\/a><\/strong><\/span> f\u00fcr reaktive Online-Roboterprogrammierung \/ Real-time Robotik.<\/p>\n<\/div>\n<\/div><\/div><\/div><\/div><\/div><\/div><div id=\"pg-4845-5\"  class=\"panel-grid panel-has-style\" ><div class=\"siteorigin-panels-stretch panel-row-style panel-row-style-for-4845-5\" style=\"padding: 0px 0; \" data-stretch-type=\"full\" data-overlay=\"true\" data-overlay-color=\"#000000\" ><div id=\"pgc-4845-5-0\"  class=\"panel-grid-cell\" ><div id=\"panel-4845-5-0-0\" class=\"so-panel widget widget_sow-editor panel-first-child panel-last-child widgetopts-SO\" data-index=\"8\" ><div style=\"text-align: left;\" data-title-color=\"#443f3f\" data-headings-color=\"#443f3f\" class=\"panel-widget-style panel-widget-style-for-4845-5-0-0\" ><div\n\t\t\t\n\t\t\tclass=\"so-widget-sow-editor so-widget-sow-editor-base\"\n\t\t\t\n\t\t>\n<div class=\"siteorigin-widget-tinymce textwidget\">\n\t<p>AUTOMAPPPS-reaktiv hat sich seit Jahren bew\u00e4hrt und mehrere Millionen Roboterprogramme v\u00f6llig autark erstellt: In Echtzeit, kollisionsfrei und f\u00fcr hochwertige Anwendungen - in der Automobil- und anderen Industriezweigen. Stellen Sie sich vor, Ihre Roboter werden in Sekundenschnelle \"wie von Zauberhand\" programmiert: Basierend auf Eingaben von Sensoren, Qualit\u00e4tskontrolle oder IT-Systemen. Das Ergebnis ist eine zuverl\u00e4ssige und effiziente Automatisierung einzigartiger (oder Losgr\u00f6\u00dfe 1) Roboteraufgaben. Planen und programmieren Sie daher ohne Benutzereingriff oder sogar f\u00fcr eine sichere Mensch-Roboter-Kooperation. Profitieren Sie au\u00dferdem von der automatischen Optimierung und Reihefolgeplanung.<\/p>\n<p>Dies ist eine 100% automatische Roboterprogrammierung in hoher Qualit\u00e4t. Folglich die Zukunft der Roboterprogrammierung und reaktive Echtzeit \/ Realtime Robotik: AUTOMAPPPS Roboterprogrammierungssoftware.<\/p>\n<\/div>\n<\/div><\/div><\/div><\/div><\/div><\/div><\/div>","protected":false},"excerpt":{"rendered":"<p>AUTOMAPPPS &#8211; Reaktiv: Automatische Roboterprogrammierung Erzeugen Sie Roboterprogramme automatisch innerhalb von Sekunden &#8211; bis zu 1000-mal schneller als herk\u00f6mmlich. Automatisieren Sie auch [&hellip;]<\/p>\n","protected":false},"author":2,"featured_media":0,"parent":0,"menu_order":0,"comment_status":"closed","ping_status":"closed","template":"page-templates\/page_front-page.php","meta":{"footnotes":""},"class_list":["post-4845","page","type-page","status-publish","hentry"],"yoast_head":"<!-- This site is optimized with the Yoast SEO plugin v26.6 - https:\/\/yoast.com\/wordpress\/plugins\/seo\/ -->\n<title>Automatische Roboterprogrammierung. AUTOMAPPPS Roboterprogrammier-SW<\/title>\n<meta name=\"description\" content=\"Erstellen Sie Roboterprogramme in Sekunden. Bis zu 1000-mal schneller. Automatisieren Sie Roboteranwendungen, die ohne automatische Roboterprogrammierung nicht denkbar sind.\" \/>\n<meta name=\"robots\" content=\"index, follow, max-snippet:-1, max-image-preview:large, max-video-preview:-1\" \/>\n<link rel=\"canonical\" href=\"https:\/\/convergent-it.com\/de\/automatische-roboterprogrammierung\/\" \/>\n<meta property=\"og:locale\" content=\"de_DE\" \/>\n<meta property=\"og:type\" content=\"article\" \/>\n<meta property=\"og:title\" content=\"Automatische Roboterprogrammierung. AUTOMAPPPS Roboterprogrammier-SW\" \/>\n<meta property=\"og:description\" content=\"Erstellen Sie Roboterprogramme in Sekunden. Bis zu 1000-mal schneller. Automatisieren Sie Roboteranwendungen, die ohne automatische Roboterprogrammierung nicht denkbar sind.\" \/>\n<meta property=\"og:url\" content=\"https:\/\/convergent-it.com\/de\/automatische-roboterprogrammierung\/\" \/>\n<meta property=\"og:site_name\" content=\"Convergent Information Technologies\" \/>\n<meta property=\"article:publisher\" content=\"https:\/\/www.facebook.com\/Convergent-Information-Technologies-GmbH-313223429088033\/\" \/>\n<meta property=\"article:modified_time\" content=\"2025-11-02T12:21:42+00:00\" \/>\n<meta property=\"og:image\" content=\"https:\/\/convergent-it.com\/wp-content\/uploads\/2017\/06\/reactive-robot-spot-repair.jpg\" \/>\n\t<meta property=\"og:image:width\" content=\"335\" \/>\n\t<meta property=\"og:image:height\" content=\"150\" \/>\n\t<meta property=\"og:image:type\" content=\"image\/jpeg\" \/>\n<meta name=\"twitter:card\" content=\"summary_large_image\" \/>\n<meta name=\"twitter:label1\" content=\"Gesch\u00e4tzte Lesezeit\" \/>\n\t<meta name=\"twitter:data1\" content=\"2\u00a0Minuten\" \/>\n<script type=\"application\/ld+json\" class=\"yoast-schema-graph\">{\"@context\":\"https:\/\/schema.org\",\"@graph\":[{\"@type\":\"WebPage\",\"@id\":\"https:\/\/convergent-it.com\/de\/automatische-roboterprogrammierung\/\",\"url\":\"https:\/\/convergent-it.com\/de\/automatische-roboterprogrammierung\/\",\"name\":\"Automatische Roboterprogrammierung. AUTOMAPPPS Roboterprogrammier-SW\",\"isPartOf\":{\"@id\":\"https:\/\/convergent-it.com\/it\/#website\"},\"primaryImageOfPage\":{\"@id\":\"https:\/\/convergent-it.com\/de\/automatische-roboterprogrammierung\/#primaryimage\"},\"image\":{\"@id\":\"https:\/\/convergent-it.com\/de\/automatische-roboterprogrammierung\/#primaryimage\"},\"thumbnailUrl\":\"https:\/\/convergent-it.com\/wp-content\/uploads\/2017\/06\/reactive-robot-spot-repair.jpg\",\"datePublished\":\"2019-08-22T05:49:53+00:00\",\"dateModified\":\"2025-11-02T12:21:42+00:00\",\"description\":\"Erstellen Sie Roboterprogramme in Sekunden. Bis zu 1000-mal schneller. Automatisieren Sie Roboteranwendungen, die ohne automatische Roboterprogrammierung nicht denkbar sind.\",\"breadcrumb\":{\"@id\":\"https:\/\/convergent-it.com\/de\/automatische-roboterprogrammierung\/#breadcrumb\"},\"inLanguage\":\"de\",\"potentialAction\":[{\"@type\":\"ReadAction\",\"target\":[\"https:\/\/convergent-it.com\/de\/automatische-roboterprogrammierung\/\"]}]},{\"@type\":\"ImageObject\",\"inLanguage\":\"de\",\"@id\":\"https:\/\/convergent-it.com\/de\/automatische-roboterprogrammierung\/#primaryimage\",\"url\":\"https:\/\/convergent-it.com\/wp-content\/uploads\/2017\/06\/reactive-robot-spot-repair.jpg\",\"contentUrl\":\"https:\/\/convergent-it.com\/wp-content\/uploads\/2017\/06\/reactive-robot-spot-repair.jpg\"},{\"@type\":\"BreadcrumbList\",\"@id\":\"https:\/\/convergent-it.com\/de\/automatische-roboterprogrammierung\/#breadcrumb\",\"itemListElement\":[{\"@type\":\"ListItem\",\"position\":1,\"name\":\"Home\",\"item\":\"https:\/\/convergent-it.com\/de\/\"},{\"@type\":\"ListItem\",\"position\":2,\"name\":\"Automatische Roboterprogrammierung\"}]},{\"@type\":\"WebSite\",\"@id\":\"https:\/\/convergent-it.com\/it\/#website\",\"url\":\"https:\/\/convergent-it.com\/it\/\",\"name\":\"Convergent Information Technologies\",\"description\":\"\",\"publisher\":{\"@id\":\"https:\/\/convergent-it.com\/it\/#organization\"},\"potentialAction\":[{\"@type\":\"SearchAction\",\"target\":{\"@type\":\"EntryPoint\",\"urlTemplate\":\"https:\/\/convergent-it.com\/it\/?s={search_term_string}\"},\"query-input\":{\"@type\":\"PropertyValueSpecification\",\"valueRequired\":true,\"valueName\":\"search_term_string\"}}],\"inLanguage\":\"de\"},{\"@type\":\"Organization\",\"@id\":\"https:\/\/convergent-it.com\/it\/#organization\",\"name\":\"Convergent Information Technologies GmbH\",\"url\":\"https:\/\/convergent-it.com\/it\/\",\"logo\":{\"@type\":\"ImageObject\",\"inLanguage\":\"de\",\"@id\":\"https:\/\/convergent-it.com\/it\/#\/schema\/logo\/image\/\",\"url\":\"https:\/\/convergent-it.com\/wp-content\/uploads\/2017\/05\/CIT-logo-small.jpg\",\"contentUrl\":\"https:\/\/convergent-it.com\/wp-content\/uploads\/2017\/05\/CIT-logo-small.jpg\",\"width\":158,\"height\":70,\"caption\":\"Convergent Information Technologies GmbH\"},\"image\":{\"@id\":\"https:\/\/convergent-it.com\/it\/#\/schema\/logo\/image\/\"},\"sameAs\":[\"https:\/\/www.facebook.com\/Convergent-Information-Technologies-GmbH-313223429088033\/\",\"https:\/\/www.linkedin.com\/company\/convergent-information-technologies-gmbh\",\"https:\/\/www.youtube.com\/channel\/UCTUjIWi0G5KnOLnZRC_cmVA\"]}]}<\/script>\n<!-- \/ Yoast SEO plugin. -->","yoast_head_json":{"title":"Automatische Roboterprogrammierung. AUTOMAPPPS Roboterprogrammier-SW","description":"Erstellen Sie Roboterprogramme in Sekunden. Bis zu 1000-mal schneller. Automatisieren Sie Roboteranwendungen, die ohne automatische Roboterprogrammierung nicht denkbar sind.","robots":{"index":"index","follow":"follow","max-snippet":"max-snippet:-1","max-image-preview":"max-image-preview:large","max-video-preview":"max-video-preview:-1"},"canonical":"https:\/\/convergent-it.com\/de\/automatische-roboterprogrammierung\/","og_locale":"de_DE","og_type":"article","og_title":"Automatische Roboterprogrammierung. AUTOMAPPPS Roboterprogrammier-SW","og_description":"Erstellen Sie Roboterprogramme in Sekunden. Bis zu 1000-mal schneller. Automatisieren Sie Roboteranwendungen, die ohne automatische Roboterprogrammierung nicht denkbar sind.","og_url":"https:\/\/convergent-it.com\/de\/automatische-roboterprogrammierung\/","og_site_name":"Convergent Information Technologies","article_publisher":"https:\/\/www.facebook.com\/Convergent-Information-Technologies-GmbH-313223429088033\/","article_modified_time":"2025-11-02T12:21:42+00:00","og_image":[{"width":335,"height":150,"url":"https:\/\/convergent-it.com\/wp-content\/uploads\/2017\/06\/reactive-robot-spot-repair.jpg","type":"image\/jpeg"}],"twitter_card":"summary_large_image","twitter_misc":{"Gesch\u00e4tzte Lesezeit":"2\u00a0Minuten"},"schema":{"@context":"https:\/\/schema.org","@graph":[{"@type":"WebPage","@id":"https:\/\/convergent-it.com\/de\/automatische-roboterprogrammierung\/","url":"https:\/\/convergent-it.com\/de\/automatische-roboterprogrammierung\/","name":"Automatische Roboterprogrammierung. AUTOMAPPPS Roboterprogrammier-SW","isPartOf":{"@id":"https:\/\/convergent-it.com\/it\/#website"},"primaryImageOfPage":{"@id":"https:\/\/convergent-it.com\/de\/automatische-roboterprogrammierung\/#primaryimage"},"image":{"@id":"https:\/\/convergent-it.com\/de\/automatische-roboterprogrammierung\/#primaryimage"},"thumbnailUrl":"https:\/\/convergent-it.com\/wp-content\/uploads\/2017\/06\/reactive-robot-spot-repair.jpg","datePublished":"2019-08-22T05:49:53+00:00","dateModified":"2025-11-02T12:21:42+00:00","description":"Erstellen Sie Roboterprogramme in Sekunden. Bis zu 1000-mal schneller. Automatisieren Sie Roboteranwendungen, die ohne automatische Roboterprogrammierung nicht denkbar sind.","breadcrumb":{"@id":"https:\/\/convergent-it.com\/de\/automatische-roboterprogrammierung\/#breadcrumb"},"inLanguage":"de","potentialAction":[{"@type":"ReadAction","target":["https:\/\/convergent-it.com\/de\/automatische-roboterprogrammierung\/"]}]},{"@type":"ImageObject","inLanguage":"de","@id":"https:\/\/convergent-it.com\/de\/automatische-roboterprogrammierung\/#primaryimage","url":"https:\/\/convergent-it.com\/wp-content\/uploads\/2017\/06\/reactive-robot-spot-repair.jpg","contentUrl":"https:\/\/convergent-it.com\/wp-content\/uploads\/2017\/06\/reactive-robot-spot-repair.jpg"},{"@type":"BreadcrumbList","@id":"https:\/\/convergent-it.com\/de\/automatische-roboterprogrammierung\/#breadcrumb","itemListElement":[{"@type":"ListItem","position":1,"name":"Home","item":"https:\/\/convergent-it.com\/de\/"},{"@type":"ListItem","position":2,"name":"Automatische Roboterprogrammierung"}]},{"@type":"WebSite","@id":"https:\/\/convergent-it.com\/it\/#website","url":"https:\/\/convergent-it.com\/it\/","name":"Convergent Information Technologies","description":"","publisher":{"@id":"https:\/\/convergent-it.com\/it\/#organization"},"potentialAction":[{"@type":"SearchAction","target":{"@type":"EntryPoint","urlTemplate":"https:\/\/convergent-it.com\/it\/?s={search_term_string}"},"query-input":{"@type":"PropertyValueSpecification","valueRequired":true,"valueName":"search_term_string"}}],"inLanguage":"de"},{"@type":"Organization","@id":"https:\/\/convergent-it.com\/it\/#organization","name":"Convergent Information Technologies GmbH","url":"https:\/\/convergent-it.com\/it\/","logo":{"@type":"ImageObject","inLanguage":"de","@id":"https:\/\/convergent-it.com\/it\/#\/schema\/logo\/image\/","url":"https:\/\/convergent-it.com\/wp-content\/uploads\/2017\/05\/CIT-logo-small.jpg","contentUrl":"https:\/\/convergent-it.com\/wp-content\/uploads\/2017\/05\/CIT-logo-small.jpg","width":158,"height":70,"caption":"Convergent Information Technologies GmbH"},"image":{"@id":"https:\/\/convergent-it.com\/it\/#\/schema\/logo\/image\/"},"sameAs":["https:\/\/www.facebook.com\/Convergent-Information-Technologies-GmbH-313223429088033\/","https:\/\/www.linkedin.com\/company\/convergent-information-technologies-gmbh","https:\/\/www.youtube.com\/channel\/UCTUjIWi0G5KnOLnZRC_cmVA"]}]}},"_links":{"self":[{"href":"https:\/\/convergent-it.com\/de\/wp-json\/wp\/v2\/pages\/4845","targetHints":{"allow":["GET"]}}],"collection":[{"href":"https:\/\/convergent-it.com\/de\/wp-json\/wp\/v2\/pages"}],"about":[{"href":"https:\/\/convergent-it.com\/de\/wp-json\/wp\/v2\/types\/page"}],"author":[{"embeddable":true,"href":"https:\/\/convergent-it.com\/de\/wp-json\/wp\/v2\/users\/2"}],"replies":[{"embeddable":true,"href":"https:\/\/convergent-it.com\/de\/wp-json\/wp\/v2\/comments?post=4845"}],"version-history":[{"count":5,"href":"https:\/\/convergent-it.com\/de\/wp-json\/wp\/v2\/pages\/4845\/revisions"}],"predecessor-version":[{"id":7231,"href":"https:\/\/convergent-it.com\/de\/wp-json\/wp\/v2\/pages\/4845\/revisions\/7231"}],"wp:attachment":[{"href":"https:\/\/convergent-it.com\/de\/wp-json\/wp\/v2\/media?parent=4845"}],"curies":[{"name":"wp","href":"https:\/\/api.w.org\/{rel}","templated":true}]}}