{"id":4842,"date":"2019-08-22T05:37:22","date_gmt":"2019-08-22T05:37:22","guid":{"rendered":"http:\/\/convergent-it.com\/roboter-offline-programmierung\/"},"modified":"2025-11-02T13:25:00","modified_gmt":"2025-11-02T12:25:00","slug":"roboter-offline-programmierung","status":"publish","type":"page","link":"https:\/\/convergent-it.com\/de\/roboter-offline-programmierung\/","title":{"rendered":"Roboter Offline Programmieren"},"content":{"rendered":"<div id=\"pl-4842\"  class=\"panel-layout\" ><div id=\"pg-4842-0\"  class=\"panel-grid panel-has-style\" ><div class=\"siteorigin-panels-stretch panel-row-style panel-row-style-for-4842-0\" style=\"padding: 0px 0; \" data-stretch-type=\"full\" data-overlay=\"true\" data-overlay-color=\"#000000\" ><div id=\"pgc-4842-0-0\"  class=\"panel-grid-cell\" ><div id=\"panel-4842-0-0-0\" class=\"so-panel widget widget_sow-editor panel-first-child panel-last-child widgetopts-SO\" data-index=\"0\" ><div style=\"text-align: left;\" data-title-color=\"#443f3f\" data-headings-color=\"#443f3f\" class=\"panel-widget-style panel-widget-style-for-4842-0-0-0\" ><div\n\t\t\t\n\t\t\tclass=\"so-widget-sow-editor so-widget-sow-editor-base\"\n\t\t\t\n\t\t>\n<div class=\"siteorigin-widget-tinymce textwidget\">\n\t<h1 style=\"text-align: center;\"><span style=\"font-size: 16pt;\"><strong>AUTOMAPPPS - OLP: Schnellere Roboter Offline-Programmierung<\/strong><\/span><\/h1>\n<\/div>\n<\/div><\/div><\/div><\/div><\/div><\/div><div id=\"pg-4842-1\"  class=\"panel-grid panel-has-style\" ><div class=\"siteorigin-panels-stretch panel-row-style panel-row-style-for-4842-1\" style=\"padding: 0px 0; \" data-stretch-type=\"full\" data-overlay=\"true\" data-overlay-color=\"#000000\" ><div id=\"pgc-4842-1-0\"  class=\"panel-grid-cell\" ><div id=\"panel-4842-1-0-0\" class=\"so-panel widget widget_sow-editor panel-first-child panel-last-child widgetopts-SO\" data-index=\"1\" ><div style=\"text-align: left;\" data-title-color=\"#443f3f\" data-headings-color=\"#443f3f\" class=\"panel-widget-style panel-widget-style-for-4842-1-0-0\" ><div\n\t\t\t\n\t\t\tclass=\"so-widget-sow-editor so-widget-sow-editor-base\"\n\t\t\t\n\t\t>\n<div class=\"siteorigin-widget-tinymce textwidget\">\n\t<p style=\"text-align: left;\">AUTOMAPPPS OLP ist das SW-Tool f\u00fcr eine schnellere und einfachere Roboterprogrammierung. Die SW unterst\u00fctzt \"low-code\" und \"no-code\" Programmierung. Dar\u00fcber hinaus werden die automatische Kollisionsvermeidung sowie die automatisierte Planung und Disposition mit der WYSIWYG-Simulation und \"CAD to Path\" kombiniert. Weitere Support-Funktionen erleichtern das Erreichen der Prozessziele. Somit beschleunigt AUTOMAPPPS die einfache Roboterprogrammierung oder Layoutoptimierung im Vergleich zu herk\u00f6mmlichem OLP oder Teach-In. Vor allem wird das Programmieren der Roboter schneller, auch f\u00fcr Roboteraufgaben, deren Programmierung mit anderen Mitteln sehr komplex ist.<\/p>\n<\/div>\n<\/div><\/div><\/div><\/div><\/div><\/div><div id=\"pg-4842-2\"  class=\"panel-grid panel-has-style\" ><div class=\"siteorigin-panels-stretch panel-row-style panel-row-style-for-4842-2\" style=\"padding: 0px 0; \" data-stretch-type=\"full\" data-overlay=\"true\" data-overlay-color=\"#000000\" ><div id=\"pgc-4842-2-0\"  class=\"panel-grid-cell\" ><div id=\"panel-4842-2-0-0\" class=\"so-panel widget widget_sow-editor panel-first-child panel-last-child widgetopts-SO\" data-index=\"2\" ><div style=\"text-align: left;\" data-title-color=\"#443f3f\" data-headings-color=\"#443f3f\" class=\"panel-widget-style panel-widget-style-for-4842-2-0-0\" ><div\n\t\t\t\n\t\t\tclass=\"so-widget-sow-editor so-widget-sow-editor-base\"\n\t\t\t\n\t\t>\n<div class=\"siteorigin-widget-tinymce textwidget\">\n\t<p><strong>VORTEILE:<\/strong><\/p>\n<\/div>\n<\/div><\/div><\/div><\/div><div id=\"pgc-4842-2-1\"  class=\"panel-grid-cell panel-grid-cell-empty panel-grid-cell-mobile-last\" ><\/div><div id=\"pgc-4842-2-2\"  class=\"panel-grid-cell panel-grid-cell-empty\" ><\/div><\/div><\/div><div id=\"pg-4842-3\"  class=\"panel-grid panel-has-style\" ><div class=\"siteorigin-panels-stretch panel-row-style panel-row-style-for-4842-3\" style=\"padding: 0px 0; \" data-stretch-type=\"full\" data-overlay=\"true\" data-overlay-color=\"#000000\" ><div id=\"pgc-4842-3-0\"  class=\"panel-grid-cell\" ><div id=\"panel-4842-3-0-0\" class=\"so-panel widget widget_sow-editor panel-first-child panel-last-child widgetopts-SO\" data-index=\"3\" ><div style=\"text-align: left;\" data-title-color=\"#443f3f\" data-headings-color=\"#443f3f\" class=\"panel-widget-style panel-widget-style-for-4842-3-0-0\" ><div\n\t\t\t\n\t\t\tclass=\"so-widget-sow-editor so-widget-sow-editor-base\"\n\t\t\t\n\t\t>\n<div class=\"siteorigin-widget-tinymce textwidget\">\n\t<p><strong>Minimierter Aufwand und Kosten<\/strong><\/p>\n<ul>\n<li>Voll- oder teilautomatisierte Programmierung und Planung von Roboteranwendungen<\/li>\n<li>Stand-alone oder CAM Eingabe<\/li>\n<li>Niedrigere Gesamtbetriebskosten (Total Cost of Ownership)<\/li>\n<\/ul>\n<p><strong>Einfache Bedienung<br \/>\n<\/strong><\/p>\n<ul>\n<li>Einfache Roboterprogrammierung<\/li>\n<li>Auch f\u00fcr Nicht-Experten<\/li>\n<li>Process knowledge embedded in SW<\/li>\n<\/ul>\n<p><strong>Reduzierte Testl\u00e4ufe<\/strong><\/p>\n<ul>\n<li>Vorhersage der Prozessqualit\u00e4t<\/li>\n<li>Automatisierte Optimierung<\/li>\n<li>Weniger Nebenzeiten, bessere OEE<\/li>\n<\/ul>\n<p><strong>Reduzierung der Zykluszeit<\/strong><\/p>\n<ul>\n<li>Koordiniert Roboter im gemeinsamen Arbeitsbereich<\/li>\n<li>Automatische Optimierung<\/li>\n<\/ul>\n<\/div>\n<\/div><\/div><\/div><\/div><div id=\"pgc-4842-3-1\"  class=\"panel-grid-cell\" ><div id=\"panel-4842-3-1-0\" class=\"so-panel widget widget_sow-editor panel-first-child panel-last-child widgetopts-SO\" data-index=\"4\" ><div style=\"text-align: left;\" data-title-color=\"#443f3f\" data-headings-color=\"#443f3f\" class=\"panel-widget-style panel-widget-style-for-4842-3-1-0\" ><div\n\t\t\t\n\t\t\tclass=\"so-widget-sow-editor so-widget-sow-editor-base\"\n\t\t\t\n\t\t>\n<div class=\"siteorigin-widget-tinymce textwidget\">\n\t<p><strong>Adaptive Fertigungslinien<\/strong><\/p>\n<ul>\n<li>Schnellere Anpassung an neue Produkte<\/li>\n<li>Automatische, beschleunigte Programmierung<\/li>\n<li>Ideal f\u00fcr sehr hohe Varianten \/ kleine Losgr\u00f6\u00dfen<\/li>\n<li>Lotsize 1 supported<\/li>\n<\/ul>\n<p><strong>Kosteneffiziente Linienverfolgung und Mehrroboterzellen<\/strong><\/p>\n<ul>\n<li>Keine zus\u00e4tzliche Hardware erforderlich<\/li>\n<li>Automatische Ber\u00fccksichtigung der Bewegung<\/li>\n<li>Multi-Roboter Kollisionsvermeidung und Bewegungsplanung<\/li>\n<\/ul>\n<p><strong>Kosten- und platzsparendes Zellenlayout<\/strong><\/p>\n<ul>\n<li>Schnelleres Zellenlayout und schnellere Validierung. Plant automatisch die erforderlichen Roboterbewegungen.<\/li>\n<li>Kleinere Zellen, besonders f\u00fcr bestehende Fabriken. Findet enge Passagen in kompakten Roboterzellen.<\/li>\n<\/ul>\n<\/div>\n<\/div><\/div><\/div><\/div><div id=\"pgc-4842-3-2\"  class=\"panel-grid-cell\" ><div id=\"panel-4842-3-2-0\" class=\"so-panel widget widget_sow-editor panel-first-child panel-last-child widgetopts-SO\" data-index=\"5\" ><div style=\"text-align: left;\" data-title-color=\"#443f3f\" data-headings-color=\"#443f3f\" class=\"panel-widget-style panel-widget-style-for-4842-3-2-0\" ><div\n\t\t\t\n\t\t\tclass=\"so-widget-sow-editor so-widget-sow-editor-base\"\n\t\t\t\n\t\t>\n<div class=\"siteorigin-widget-tinymce textwidget\">\n\t<p><img loading=\"lazy\" decoding=\"async\" class=\"alignleft wp-image-3351 size-full\" src=\"https:\/\/convergent-it.com\/wp-content\/uploads\/2017\/07\/Offline_Programming2.jpg\" alt=\"YASKAWA Roboter lackieren mit Linienverfolgung - schneller programmiert mit Roboter-Offline-Programmiersoftware\" width=\"335\" height=\"180\" srcset=\"https:\/\/convergent-it.com\/wp-content\/uploads\/2017\/07\/Offline_Programming2.jpg 335w, https:\/\/convergent-it.com\/wp-content\/uploads\/2017\/07\/Offline_Programming2-300x161.jpg 300w\" sizes=\"auto, (max-width: 335px) 100vw, 335px\" \/><\/p>\n<p><span style=\"font-size: 14px;\">Beispiel f\u00fcr schnelleres Roboter-Offline-Programmieren einer e-statischen Pulverbeschichtung im Line-Tracking.<\/span><\/p>\n<p><img loading=\"lazy\" decoding=\"async\" class=\"alignleft wp-image-2938\" src=\"https:\/\/convergent-it.com\/wp-content\/uploads\/2017\/06\/Robot_car_grinding_bw-300x161.jpg\" alt=\"FANUC Roboter f\u00fcr das Schleifen von Autos - offline programmiert mit AUTOMAPPPS\" width=\"335\" height=\"180\" srcset=\"https:\/\/convergent-it.com\/wp-content\/uploads\/2017\/06\/Robot_car_grinding_bw-300x161.jpg 300w, https:\/\/convergent-it.com\/wp-content\/uploads\/2017\/06\/Robot_car_grinding_bw.jpg 400w\" sizes=\"auto, (max-width: 335px) 100vw, 335px\" \/><\/p>\n<p><span style=\"font-size: 14px;\">Beispiel f\u00fcr das Optimieren des Zellenlayouts und das Roboter-Offline-Programmieren sowie die realisierte Roboterzelle.<\/span><\/p>\n<\/div>\n<\/div><\/div><\/div><\/div><\/div><\/div><div id=\"pg-4842-4\"  class=\"panel-grid panel-has-style\" ><div class=\"siteorigin-panels-stretch panel-row-style panel-row-style-for-4842-4\" style=\"padding: 0px 0; \" data-stretch-type=\"full\" data-overlay=\"true\" data-overlay-color=\"#000000\" ><div id=\"pgc-4842-4-0\"  class=\"panel-grid-cell\" ><div id=\"panel-4842-4-0-0\" class=\"so-panel widget widget_sow-editor panel-first-child panel-last-child widgetopts-SO\" data-index=\"6\" ><div style=\"text-align: left;\" data-title-color=\"#443f3f\" data-headings-color=\"#443f3f\" class=\"panel-widget-style panel-widget-style-for-4842-4-0-0\" ><div\n\t\t\t\n\t\t\tclass=\"so-widget-sow-editor so-widget-sow-editor-base\"\n\t\t\t\n\t\t>\n<div class=\"siteorigin-widget-tinymce textwidget\">\n\t<p style=\"text-align: left;\">OLP EIGENSCHAFTEN:<\/p>\n<ol>\n<li style=\"text-align: left;\">Einfache Roboterprogrammierung<\/li>\n<li style=\"text-align: left;\">Halbautomatische Prozessplanung<\/li>\n<li>CAD-basierte Roboterprogrammierung und CAD to Path<\/li>\n<li style=\"text-align: left;\">Eingebettete Prozess Simulation als Optimierungskriterium<\/li>\n<li style=\"text-align: left;\">Formalisiertes Prozesswissen<\/li>\n<li>WYSIWYG and 3D simulation<\/li>\n<li style=\"text-align: left;\">Automatisierte kollisionsfreie Roboter-Bewegungsplanung<\/li>\n<li style=\"text-align: left;\">Automatisierte Generierung von Roboterprogrammen<\/li>\n<li>\"low-code\" Programmierung \/ \"no code\" Programmierung<\/li>\n<\/ol>\n<\/div>\n<\/div><\/div><\/div><\/div><div id=\"pgc-4842-4-1\"  class=\"panel-grid-cell\" ><div id=\"panel-4842-4-1-0\" class=\"so-panel widget widget_sow-editor panel-first-child panel-last-child widgetopts-SO\" data-index=\"7\" ><div style=\"text-align: left;\" data-title-color=\"#443f3f\" data-headings-color=\"#443f3f\" class=\"panel-widget-style panel-widget-style-for-4842-4-1-0\" ><div\n\t\t\t\n\t\t\tclass=\"so-widget-sow-editor so-widget-sow-editor-base\"\n\t\t\t\n\t\t>\n<div class=\"siteorigin-widget-tinymce textwidget\">\n\t<p style=\"text-align: left;\">ANSATZ: Schneller Roboter Offline Programmieren durch<\/p>\n<ol>\n<li style=\"text-align: left;\">Definition von Werkzeugpfaden: interaktiv, automatisiert, CAD-zu-Pfad oder \u00fcber CAM-Eingabe<\/li>\n<li style=\"text-align: left;\">Prozesssimulation und -optimierung<\/li>\n<li style=\"text-align: left;\">Kollisionsfreie Roboterbewegungsplanung mit<\/li>\n<li style=\"text-align: left;\">Automatische Optimierung von Sequenzen und Hilfsachsen<\/li>\n<li style=\"text-align: left;\">Roboterprogramm hochladen<\/li>\n<\/ol>\n<p>Input:<\/p>\n<p>JT, STEP, IGES, STL, CAM Formate und mehr<\/p>\n<\/div>\n<\/div><\/div><\/div><\/div><div id=\"pgc-4842-4-2\"  class=\"panel-grid-cell\" ><div id=\"panel-4842-4-2-0\" class=\"so-panel widget widget_sow-editor panel-first-child panel-last-child widgetopts-SO\" data-index=\"8\" ><div style=\"text-align: left;\" data-title-color=\"#443f3f\" data-headings-color=\"#443f3f\" class=\"panel-widget-style panel-widget-style-for-4842-4-2-0\" ><div\n\t\t\t\n\t\t\tclass=\"so-widget-sow-editor so-widget-sow-editor-base\"\n\t\t\t\n\t\t>\n<div class=\"siteorigin-widget-tinymce textwidget\">\n\t<p>UNTERST\u00dcTZTE PROZESSE:<\/p>\n<ul>\n<li>Schleifen, Schleifen, Polieren<\/li>\n<li>Reinigen (B\u00fcrsten)<\/li>\n<li>Oberfl\u00e4chenaktivierung<\/li>\n<li>Sandstrahlen<\/li>\n<li>Nass- und CO2 - Reinigung<\/li>\n<li>Trocknen<\/li>\n<li>Kleben<\/li>\n<li>Inspektion, Qualit\u00e4tskontrolle<\/li>\n<li>Messen, Messtechnik<\/li>\n<li>Entgraten<\/li>\n<li>Fr\u00e4sen<\/li>\n<li>Schwei\u00dfen<\/li>\n<li>Waterjet cutting and plasma cutting<\/li>\n<li>Additive Fertigung<\/li>\n<\/ul>\n<p><a href=\"https:\/\/convergent-it.com\/wp-content\/uploads\/2018\/04\/AutomAAPPPS-OLP-2016-robot-offline-programming-en.zip\"><span style=\"text-decoration: underline;\"><strong>Download<\/strong><\/span><\/a> Laden Sie den Flyer f\u00fcr die Roboter offline Programmier-Software.<\/p>\n<\/div>\n<\/div><\/div><\/div><\/div><\/div><\/div><div id=\"pg-4842-5\"  class=\"panel-grid panel-has-style\" ><div style=\"padding: 100px 0; \" data-overlay=\"true\" data-overlay-color=\"#000000\" class=\"panel-row-style panel-row-style-for-4842-5\" ><div id=\"pgc-4842-5-0\"  class=\"panel-grid-cell\" ><div id=\"panel-4842-5-0-0\" class=\"so-panel widget widget_sow-editor panel-first-child panel-last-child widgetopts-SO\" data-index=\"9\" ><div style=\"text-align: left;\" data-title-color=\"#443f3f\" data-headings-color=\"#443f3f\" class=\"panel-widget-style panel-widget-style-for-4842-5-0-0\" ><div\n\t\t\t\n\t\t\tclass=\"so-widget-sow-editor so-widget-sow-editor-base\"\n\t\t\t\n\t\t>\n<div class=\"siteorigin-widget-tinymce textwidget\">\n\t<p style=\"text-align: left;\">AUTOMAPPPS OLP hat sich als kosteneffizient und zeitsparend erwiesen. Selbst dort, wo andere Roboter-Offline-Programmiersoftware nicht einsetzbar oder aus wirtschaftlicher Sicht nicht anwendbar war. Zu unseren Erfolgsgeschichten geh\u00f6ren<\/p>\n<ul>\n<li style=\"text-align: left;\">CAD-basierte Roboter-Offline-Programmierung f\u00fcr gro\u00dfe komplexe Teile mit unz\u00e4hligen Varianten.<\/li>\n<li style=\"text-align: left;\">Einfache Roboterprogrammierung mit Linienverfolgung, bei der die Roboter so programmiert werden mussten, dass sie zwischen Ketten arbeiten, w\u00e4hrend sich die Teile bewegen. Daher muss die Roboterzelle zur Bestimmung der Pose f\u00fcr nur 1 Stunde pro Teil angehalten werden - anstelle von Tagen zur Programmierung der Aufgaben, vor dem Einsatz der AUTOMAPPPS Roboterprogrammierungs- und Simulationssoftware.<\/li>\n<li style=\"text-align: left;\">Optimieren des Roboterzellenlayouts und Roboter-Offline-Programmieren mehrerer Roboter in sehr engen Roboterzellen mit nur Millimetern Platz.<\/li>\n<li style=\"text-align: left;\">Simulation und Programmierung von Reinigungsrobotern, bei denen das Reinigungsergebnis (d. h. die Entfernung von Staub usw.) sehr genau vorhergesagt wurde und teure Tests vermieden \/ reduziert wurden.<\/li>\n<\/ul>\n<p>Wir sind besonders stolz darauf, dass in den meisten F\u00e4llen, in denen die CAD-basierte Roboterprogrammierung AUTOMAPPPS verwendet wird, diese vom Produktionspersonal selbst verwendet wird. Nicht von OLP-Experten. Nach einigem Training mit der Roboter-Offline-Programmiersoftware k\u00f6nnen nicht nur OLP-Experten die Roboter-Offline-Programmierung beherrschen. Vielmehr kann jeder die Roboter programmieren. Dar\u00fcber hinaus k\u00f6nnen Benutzer auch sehr komplexe Aufgaben sehr effizient erledigen.<\/p>\n<p>Wird Ihre Anweldung optimal unterst\u00fctzt Idurch die Prozesssimulation und Roboter Simulation? <a href=\"https:\/\/convergent-it.com\/robot-programming-demo\/\"><span style=\"text-decoration: underline;\"><strong> Fragen Sie nach der Demo<\/strong><\/span><\/a> !<\/p>\n<p>AUTOMAPPPS unterst\u00fctzt derzeit die Planung, Simulation und Programmierung von Robotern der folgenden Marken: ABB-Roboter, AUBO, FANUC-Roboter, Hanwha-Roboter (HCR-Roboter), ITRI , SCHUNK (mit KEBA-Controller), KUKA,, Omron-Roboter, St\u00e4ubli-Roboter, Techman (TM)-Roboter, Universal Robots (UR), Yaskawa (Motoman) Roboter<\/p>\n<p>Dar\u00fcber hinaus werden ausgew\u00e4hlte Roboter bei der Planung und Simulation unterst\u00fctzt: COMAU, CMA, DENSO, D\u00dcRR, Kawasaki, Lesta, Hyndai, Mitsubishi, Nachi, OTC DAIHEN und andere auf Anfrage.<\/p>\n<\/div>\n<\/div><\/div><\/div><\/div><\/div><\/div><\/div>","protected":false},"excerpt":{"rendered":"<p>AUTOMAPPPS &#8211; OLP: Schnellere Roboter Offline-Programmierung AUTOMAPPPS OLP ist das SW-Tool f\u00fcr eine schnellere und einfachere Roboterprogrammierung. Die SW unterst\u00fctzt &#8222;low-code&#8220; und [&hellip;]<\/p>\n","protected":false},"author":2,"featured_media":0,"parent":0,"menu_order":0,"comment_status":"closed","ping_status":"closed","template":"page-templates\/page_front-page.php","meta":{"footnotes":""},"class_list":["post-4842","page","type-page","status-publish","hentry"],"yoast_head":"<!-- This site is optimized with the Yoast SEO plugin v26.6 - https:\/\/yoast.com\/wordpress\/plugins\/seo\/ -->\n<title>Roboter Offline Programmierung - schnell &amp; automatisch.<\/title>\n<meta name=\"description\" content=\"AUTOMAPPPS robot offline programming software programs faster, easier, automatic, w. high quality, less testing. line-tracking, multi-robot cells, lotsize 1\" \/>\n<meta name=\"robots\" content=\"index, follow, max-snippet:-1, max-image-preview:large, max-video-preview:-1\" \/>\n<link rel=\"canonical\" href=\"https:\/\/convergent-it.com\/de\/roboter-offline-programmierung\/\" \/>\n<meta property=\"og:locale\" content=\"de_DE\" \/>\n<meta property=\"og:type\" content=\"article\" \/>\n<meta property=\"og:title\" content=\"Roboter Offline Programmierung - schnell &amp; automatisch.\" \/>\n<meta property=\"og:description\" content=\"AUTOMAPPPS robot offline programming software programs faster, easier, automatic, w. high quality, less testing. line-tracking, multi-robot cells, lotsize 1\" \/>\n<meta property=\"og:url\" content=\"https:\/\/convergent-it.com\/de\/roboter-offline-programmierung\/\" \/>\n<meta property=\"og:site_name\" content=\"Convergent Information Technologies\" \/>\n<meta property=\"article:publisher\" content=\"https:\/\/www.facebook.com\/Convergent-Information-Technologies-GmbH-313223429088033\/\" \/>\n<meta property=\"article:modified_time\" content=\"2025-11-02T12:25:00+00:00\" \/>\n<meta property=\"og:image\" content=\"https:\/\/convergent-it.com\/wp-content\/uploads\/2017\/07\/Offline_Programming2.jpg\" \/>\n\t<meta property=\"og:image:width\" content=\"335\" \/>\n\t<meta property=\"og:image:height\" content=\"180\" \/>\n\t<meta property=\"og:image:type\" content=\"image\/jpeg\" \/>\n<meta name=\"twitter:card\" content=\"summary_large_image\" \/>\n<meta name=\"twitter:label1\" content=\"Gesch\u00e4tzte Lesezeit\" \/>\n\t<meta name=\"twitter:data1\" content=\"4\u00a0Minuten\" \/>\n<script type=\"application\/ld+json\" class=\"yoast-schema-graph\">{\"@context\":\"https:\/\/schema.org\",\"@graph\":[{\"@type\":\"WebPage\",\"@id\":\"https:\/\/convergent-it.com\/de\/roboter-offline-programmierung\/\",\"url\":\"https:\/\/convergent-it.com\/de\/roboter-offline-programmierung\/\",\"name\":\"Roboter Offline Programmierung - schnell & automatisch.\",\"isPartOf\":{\"@id\":\"https:\/\/convergent-it.com\/it\/#website\"},\"primaryImageOfPage\":{\"@id\":\"https:\/\/convergent-it.com\/de\/roboter-offline-programmierung\/#primaryimage\"},\"image\":{\"@id\":\"https:\/\/convergent-it.com\/de\/roboter-offline-programmierung\/#primaryimage\"},\"thumbnailUrl\":\"https:\/\/convergent-it.com\/wp-content\/uploads\/2017\/07\/Offline_Programming2.jpg\",\"datePublished\":\"2019-08-22T05:37:22+00:00\",\"dateModified\":\"2025-11-02T12:25:00+00:00\",\"description\":\"AUTOMAPPPS robot offline programming software programs faster, easier, automatic, w. high quality, less testing. line-tracking, multi-robot cells, lotsize 1\",\"breadcrumb\":{\"@id\":\"https:\/\/convergent-it.com\/de\/roboter-offline-programmierung\/#breadcrumb\"},\"inLanguage\":\"de\",\"potentialAction\":[{\"@type\":\"ReadAction\",\"target\":[\"https:\/\/convergent-it.com\/de\/roboter-offline-programmierung\/\"]}]},{\"@type\":\"ImageObject\",\"inLanguage\":\"de\",\"@id\":\"https:\/\/convergent-it.com\/de\/roboter-offline-programmierung\/#primaryimage\",\"url\":\"https:\/\/convergent-it.com\/wp-content\/uploads\/2017\/07\/Offline_Programming2.jpg\",\"contentUrl\":\"https:\/\/convergent-it.com\/wp-content\/uploads\/2017\/07\/Offline_Programming2.jpg\"},{\"@type\":\"BreadcrumbList\",\"@id\":\"https:\/\/convergent-it.com\/de\/roboter-offline-programmierung\/#breadcrumb\",\"itemListElement\":[{\"@type\":\"ListItem\",\"position\":1,\"name\":\"Home\",\"item\":\"https:\/\/convergent-it.com\/de\/\"},{\"@type\":\"ListItem\",\"position\":2,\"name\":\"Roboter Offline Programmieren\"}]},{\"@type\":\"WebSite\",\"@id\":\"https:\/\/convergent-it.com\/it\/#website\",\"url\":\"https:\/\/convergent-it.com\/it\/\",\"name\":\"Convergent Information Technologies\",\"description\":\"\",\"publisher\":{\"@id\":\"https:\/\/convergent-it.com\/it\/#organization\"},\"potentialAction\":[{\"@type\":\"SearchAction\",\"target\":{\"@type\":\"EntryPoint\",\"urlTemplate\":\"https:\/\/convergent-it.com\/it\/?s={search_term_string}\"},\"query-input\":{\"@type\":\"PropertyValueSpecification\",\"valueRequired\":true,\"valueName\":\"search_term_string\"}}],\"inLanguage\":\"de\"},{\"@type\":\"Organization\",\"@id\":\"https:\/\/convergent-it.com\/it\/#organization\",\"name\":\"Convergent Information Technologies GmbH\",\"url\":\"https:\/\/convergent-it.com\/it\/\",\"logo\":{\"@type\":\"ImageObject\",\"inLanguage\":\"de\",\"@id\":\"https:\/\/convergent-it.com\/it\/#\/schema\/logo\/image\/\",\"url\":\"https:\/\/convergent-it.com\/wp-content\/uploads\/2017\/05\/CIT-logo-small.jpg\",\"contentUrl\":\"https:\/\/convergent-it.com\/wp-content\/uploads\/2017\/05\/CIT-logo-small.jpg\",\"width\":158,\"height\":70,\"caption\":\"Convergent Information Technologies GmbH\"},\"image\":{\"@id\":\"https:\/\/convergent-it.com\/it\/#\/schema\/logo\/image\/\"},\"sameAs\":[\"https:\/\/www.facebook.com\/Convergent-Information-Technologies-GmbH-313223429088033\/\",\"https:\/\/www.linkedin.com\/company\/convergent-information-technologies-gmbh\",\"https:\/\/www.youtube.com\/channel\/UCTUjIWi0G5KnOLnZRC_cmVA\"]}]}<\/script>\n<!-- \/ Yoast SEO plugin. -->","yoast_head_json":{"title":"Roboter Offline Programmierung - schnell & automatisch.","description":"AUTOMAPPPS robot offline programming software programs faster, easier, automatic, w. high quality, less testing. line-tracking, multi-robot cells, lotsize 1","robots":{"index":"index","follow":"follow","max-snippet":"max-snippet:-1","max-image-preview":"max-image-preview:large","max-video-preview":"max-video-preview:-1"},"canonical":"https:\/\/convergent-it.com\/de\/roboter-offline-programmierung\/","og_locale":"de_DE","og_type":"article","og_title":"Roboter Offline Programmierung - schnell & automatisch.","og_description":"AUTOMAPPPS robot offline programming software programs faster, easier, automatic, w. high quality, less testing. line-tracking, multi-robot cells, lotsize 1","og_url":"https:\/\/convergent-it.com\/de\/roboter-offline-programmierung\/","og_site_name":"Convergent Information Technologies","article_publisher":"https:\/\/www.facebook.com\/Convergent-Information-Technologies-GmbH-313223429088033\/","article_modified_time":"2025-11-02T12:25:00+00:00","og_image":[{"width":335,"height":180,"url":"https:\/\/convergent-it.com\/wp-content\/uploads\/2017\/07\/Offline_Programming2.jpg","type":"image\/jpeg"}],"twitter_card":"summary_large_image","twitter_misc":{"Gesch\u00e4tzte Lesezeit":"4\u00a0Minuten"},"schema":{"@context":"https:\/\/schema.org","@graph":[{"@type":"WebPage","@id":"https:\/\/convergent-it.com\/de\/roboter-offline-programmierung\/","url":"https:\/\/convergent-it.com\/de\/roboter-offline-programmierung\/","name":"Roboter Offline Programmierung - schnell & automatisch.","isPartOf":{"@id":"https:\/\/convergent-it.com\/it\/#website"},"primaryImageOfPage":{"@id":"https:\/\/convergent-it.com\/de\/roboter-offline-programmierung\/#primaryimage"},"image":{"@id":"https:\/\/convergent-it.com\/de\/roboter-offline-programmierung\/#primaryimage"},"thumbnailUrl":"https:\/\/convergent-it.com\/wp-content\/uploads\/2017\/07\/Offline_Programming2.jpg","datePublished":"2019-08-22T05:37:22+00:00","dateModified":"2025-11-02T12:25:00+00:00","description":"AUTOMAPPPS robot offline programming software programs faster, easier, automatic, w. high quality, less testing. line-tracking, multi-robot cells, lotsize 1","breadcrumb":{"@id":"https:\/\/convergent-it.com\/de\/roboter-offline-programmierung\/#breadcrumb"},"inLanguage":"de","potentialAction":[{"@type":"ReadAction","target":["https:\/\/convergent-it.com\/de\/roboter-offline-programmierung\/"]}]},{"@type":"ImageObject","inLanguage":"de","@id":"https:\/\/convergent-it.com\/de\/roboter-offline-programmierung\/#primaryimage","url":"https:\/\/convergent-it.com\/wp-content\/uploads\/2017\/07\/Offline_Programming2.jpg","contentUrl":"https:\/\/convergent-it.com\/wp-content\/uploads\/2017\/07\/Offline_Programming2.jpg"},{"@type":"BreadcrumbList","@id":"https:\/\/convergent-it.com\/de\/roboter-offline-programmierung\/#breadcrumb","itemListElement":[{"@type":"ListItem","position":1,"name":"Home","item":"https:\/\/convergent-it.com\/de\/"},{"@type":"ListItem","position":2,"name":"Roboter Offline Programmieren"}]},{"@type":"WebSite","@id":"https:\/\/convergent-it.com\/it\/#website","url":"https:\/\/convergent-it.com\/it\/","name":"Convergent Information Technologies","description":"","publisher":{"@id":"https:\/\/convergent-it.com\/it\/#organization"},"potentialAction":[{"@type":"SearchAction","target":{"@type":"EntryPoint","urlTemplate":"https:\/\/convergent-it.com\/it\/?s={search_term_string}"},"query-input":{"@type":"PropertyValueSpecification","valueRequired":true,"valueName":"search_term_string"}}],"inLanguage":"de"},{"@type":"Organization","@id":"https:\/\/convergent-it.com\/it\/#organization","name":"Convergent Information Technologies GmbH","url":"https:\/\/convergent-it.com\/it\/","logo":{"@type":"ImageObject","inLanguage":"de","@id":"https:\/\/convergent-it.com\/it\/#\/schema\/logo\/image\/","url":"https:\/\/convergent-it.com\/wp-content\/uploads\/2017\/05\/CIT-logo-small.jpg","contentUrl":"https:\/\/convergent-it.com\/wp-content\/uploads\/2017\/05\/CIT-logo-small.jpg","width":158,"height":70,"caption":"Convergent Information Technologies GmbH"},"image":{"@id":"https:\/\/convergent-it.com\/it\/#\/schema\/logo\/image\/"},"sameAs":["https:\/\/www.facebook.com\/Convergent-Information-Technologies-GmbH-313223429088033\/","https:\/\/www.linkedin.com\/company\/convergent-information-technologies-gmbh","https:\/\/www.youtube.com\/channel\/UCTUjIWi0G5KnOLnZRC_cmVA"]}]}},"_links":{"self":[{"href":"https:\/\/convergent-it.com\/de\/wp-json\/wp\/v2\/pages\/4842","targetHints":{"allow":["GET"]}}],"collection":[{"href":"https:\/\/convergent-it.com\/de\/wp-json\/wp\/v2\/pages"}],"about":[{"href":"https:\/\/convergent-it.com\/de\/wp-json\/wp\/v2\/types\/page"}],"author":[{"embeddable":true,"href":"https:\/\/convergent-it.com\/de\/wp-json\/wp\/v2\/users\/2"}],"replies":[{"embeddable":true,"href":"https:\/\/convergent-it.com\/de\/wp-json\/wp\/v2\/comments?post=4842"}],"version-history":[{"count":6,"href":"https:\/\/convergent-it.com\/de\/wp-json\/wp\/v2\/pages\/4842\/revisions"}],"predecessor-version":[{"id":7245,"href":"https:\/\/convergent-it.com\/de\/wp-json\/wp\/v2\/pages\/4842\/revisions\/7245"}],"wp:attachment":[{"href":"https:\/\/convergent-it.com\/de\/wp-json\/wp\/v2\/media?parent=4842"}],"curies":[{"name":"wp","href":"https:\/\/api.w.org\/{rel}","templated":true}]}}